{"id":29887,"date":"2021-02-22T16:54:36","date_gmt":"2021-02-22T15:54:36","guid":{"rendered":"http:\/\/nabytoklaguna.sk\/sk\/?post_type=product&#038;p=29887"},"modified":"2025-05-26T14:02:32","modified_gmt":"2025-05-26T12:02:32","slug":"tempo-kondela-metal-new","status":"publish","type":"product","link":"https:\/\/nabytoklaguna.sk\/sk\/produkt\/tempo-kondela-metal-new\/","title":{"rendered":"K METAL 2 NEW"},"content":{"rendered":"<p>Modern\u00e1 a pohodln\u00e1 jed\u00e1lensk\u00e1 stoli\u010dka\u00a0METAL\u00a0 2 NEW\u00a0s m\u00e4kkou vlo\u017ekou na sedenie. Sedie\u0165 dlh\u00e9 hodiny u\u017e pre v\u00e1s nebude utrpenie. Stoli\u010dka je vyroben\u00e1 z\u00a0kvalitn\u00e9ho plastu.\u00a0Chr\u00f3movan\u00e9 nohy\u00a0podporuj\u00fa stabilitu stoli\u010dky, ktor\u00e1 prekvapuje\u00a0nosnos\u0165ou a\u017e 150 kg.<\/p>\n<ul>\n<li><b>Materi\u00e1l:<\/b>\u00a0ekoko\u017ea PU\/plast\/chr\u00f3movan\u00e9 nohy<\/li>\n<li><b>Farba:<\/b> biela<\/li>\n<li><b>Rozmery (\u0160xHxV):<\/b>\u00a049x54x80 cm<\/li>\n<li><b>V\u00fd\u0161ka sedu:<\/b>\u00a045 cm<\/li>\n<li><b>Nosnos\u0165:<\/b>\u00a0150 kg<\/li>\n<li>Vlo\u017eka na sedadle stoli\u010dky zabezpe\u010duje m\u00e4kk\u00e9 sedenie.<\/li>\n<li>Dod\u00e1van\u00e9 v demonte<\/li>\n<\/ul>\n<p>&nbsp;<\/p>\n","protected":false},"excerpt":{"rendered":"<p>Modern\u00e1 a pohodln\u00e1 jed\u00e1lensk\u00e1 stoli\u010dka\u00a0METAL\u00a0 2 NEW\u00a0s m\u00e4kkou vlo\u017ekou na sedenie. Sedie\u0165 dlh\u00e9 hodiny u\u017e pre v\u00e1s nebude utrpenie. Stoli\u010dka je vyroben\u00e1 z\u00a0kvalitn\u00e9ho plastu.\u00a0Chr\u00f3movan\u00e9 nohy\u00a0podporuj\u00fa stabilitu stoli\u010dky, ktor\u00e1 prekvapuje\u00a0nosnos\u0165ou a\u017e 150 kg. Materi\u00e1l:\u00a0ekoko\u017ea PU\/plast\/chr\u00f3movan\u00e9 nohy Farba: biela Rozmery (\u0160xHxV):\u00a049x54x80 cm V\u00fd\u0161ka sedu:\u00a045 cm Nosnos\u0165:\u00a0150 kg Vlo\u017eka na sedadle stoli\u010dky zabezpe\u010duje m\u00e4kk\u00e9 sedenie. Dod\u00e1van\u00e9 v demonte&#8230;<\/p>\n","protected":false},"featured_media":123382,"comment_status":"closed","ping_status":"closed","template":"","meta":{"_seopress_robots_primary_cat":"239","_seopress_titles_title":"","_seopress_titles_desc":"","_seopress_robots_index":""},"product_brand":[],"product_cat":[239,237],"product_tag":[],"class_list":{"0":"post-29887","1":"product","2":"type-product","3":"status-publish","4":"has-post-thumbnail","6":"product_cat-kovove-stolicky","7":"product_cat-stolicky","8":"pa_farba-biela","9":"pa_farba-cappucino-vanilkova","10":"pa_farba-cierna-2","11":"pa_farba-mentolova","12":"pa_farba-studena-siva","13":"pa_farba-tepla-siva","15":"first","16":"onbackorder","17":"shipping-taxable","18":"purchasable","19":"product-type-simple"},"_links":{"self":[{"href":"https:\/\/nabytoklaguna.sk\/sk\/wp-json\/wp\/v2\/product\/29887","targetHints":{"allow":["GET"]}}],"collection":[{"href":"https:\/\/nabytoklaguna.sk\/sk\/wp-json\/wp\/v2\/product"}],"about":[{"href":"https:\/\/nabytoklaguna.sk\/sk\/wp-json\/wp\/v2\/types\/product"}],"replies":[{"embeddable":true,"href":"https:\/\/nabytoklaguna.sk\/sk\/wp-json\/wp\/v2\/comments?post=29887"}],"wp:featuredmedia":[{"embeddable":true,"href":"https:\/\/nabytoklaguna.sk\/sk\/wp-json\/wp\/v2\/media\/123382"}],"wp:attachment":[{"href":"https:\/\/nabytoklaguna.sk\/sk\/wp-json\/wp\/v2\/media?parent=29887"}],"wp:term":[{"taxonomy":"product_brand","embeddable":true,"href":"https:\/\/nabytoklaguna.sk\/sk\/wp-json\/wp\/v2\/product_brand?post=29887"},{"taxonomy":"product_cat","embeddable":true,"href":"https:\/\/nabytoklaguna.sk\/sk\/wp-json\/wp\/v2\/product_cat?post=29887"},{"taxonomy":"product_tag","embeddable":true,"href":"https:\/\/nabytoklaguna.sk\/sk\/wp-json\/wp\/v2\/product_tag?post=29887"}],"curies":[{"name":"wp","href":"https:\/\/api.w.org\/{rel}","templated":true}]}}