{"id":30024,"date":"2021-02-22T16:54:36","date_gmt":"2021-02-22T15:54:36","guid":{"rendered":"http:\/\/nabytoklaguna.sk\/sk\/?post_type=product&#038;p=30024"},"modified":"2026-02-19T13:20:48","modified_gmt":"2026-02-19T12:20:48","slug":"tempo-kondela-lega","status":"publish","type":"product","link":"https:\/\/nabytoklaguna.sk\/sk\/produkt\/tempo-kondela-lega\/","title":{"rendered":"K LEGA"},"content":{"rendered":"<p>Stoli\u010dka LEGA sa p\u00fd\u0161i nad\u010dasovos\u0165ou a vzdu\u0161n\u00fdm dizajnom. \u010cal\u00fanen\u00e1 je pr\u00edjemnou l\u00e1tkou, vo viacer\u00fdch farebn\u00fdch prevedeniach. Doplnen\u00e1 je \u0161tyrmi kovov\u00fdmi no\u017ei\u010dkami v preveden\u00ed buk. Tr\u00e1vte svoj \u010das s rodinou a so stoli\u010dkou LEGA.<\/p>\n<p><strong>VLASTNOSTI<\/strong><\/p>\n<ul>\n<li><b>Materi\u00e1l:<\/b>\u00a0l\u00e1tka\/kov\/drevo<\/li>\n<li><b>Farba:<\/b> smaragdov\u00e1 velvet\/buk, tmavohned\u00e1\/buk, svetlosiv\u00e1\/buk, kr\u00e9mov\u00e1\/buk, b\u00e9\u017eov\u00e1 dulux velvet\/buk<\/li>\n<li><b>Rozmery (\u0160xHxV):<\/b> 45x52x85 cm<\/li>\n<li><b>V\u00fd\u0161ka sedu:<\/b>\u00a045 cm<\/li>\n<li><b>Nosnos\u0165:\u00a0<\/b>110 kg<\/li>\n<li>Dod\u00e1van\u00e9 v demonte<\/li>\n<\/ul>\n<p>&nbsp;<\/p>\n","protected":false},"excerpt":{"rendered":"<p>Stoli\u010dka LEGA sa p\u00fd\u0161i nad\u010dasovos\u0165ou a vzdu\u0161n\u00fdm dizajnom. \u010cal\u00fanen\u00e1 je pr\u00edjemnou l\u00e1tkou, vo viacer\u00fdch farebn\u00fdch prevedeniach. Doplnen\u00e1 je \u0161tyrmi kovov\u00fdmi no\u017ei\u010dkami v preveden\u00ed buk. Tr\u00e1vte svoj \u010das s rodinou a so stoli\u010dkou LEGA. VLASTNOSTI Materi\u00e1l:\u00a0l\u00e1tka\/kov\/drevo Farba: smaragdov\u00e1 velvet\/buk, tmavohned\u00e1\/buk, svetlosiv\u00e1\/buk, kr\u00e9mov\u00e1\/buk, b\u00e9\u017eov\u00e1 dulux velvet\/buk Rozmery (\u0160xHxV): 45x52x85 cm V\u00fd\u0161ka sedu:\u00a045 cm Nosnos\u0165:\u00a0110 kg Dod\u00e1van\u00e9 v&#8230;<\/p>\n","protected":false},"featured_media":123365,"comment_status":"closed","ping_status":"closed","template":"","meta":{"_seopress_robots_primary_cat":"none","_seopress_titles_title":"","_seopress_titles_desc":"","_seopress_robots_index":""},"product_brand":[],"product_cat":[4721],"product_tag":[],"class_list":{"0":"post-30024","1":"product","2":"type-product","3":"status-publish","4":"has-post-thumbnail","6":"product_cat-jedalenske-stolicky","8":"first","9":"instock","10":"shipping-taxable","11":"purchasable","12":"product-type-variable"},"_links":{"self":[{"href":"https:\/\/nabytoklaguna.sk\/sk\/wp-json\/wp\/v2\/product\/30024","targetHints":{"allow":["GET"]}}],"collection":[{"href":"https:\/\/nabytoklaguna.sk\/sk\/wp-json\/wp\/v2\/product"}],"about":[{"href":"https:\/\/nabytoklaguna.sk\/sk\/wp-json\/wp\/v2\/types\/product"}],"replies":[{"embeddable":true,"href":"https:\/\/nabytoklaguna.sk\/sk\/wp-json\/wp\/v2\/comments?post=30024"}],"wp:featuredmedia":[{"embeddable":true,"href":"https:\/\/nabytoklaguna.sk\/sk\/wp-json\/wp\/v2\/media\/123365"}],"wp:attachment":[{"href":"https:\/\/nabytoklaguna.sk\/sk\/wp-json\/wp\/v2\/media?parent=30024"}],"wp:term":[{"taxonomy":"product_brand","embeddable":true,"href":"https:\/\/nabytoklaguna.sk\/sk\/wp-json\/wp\/v2\/product_brand?post=30024"},{"taxonomy":"product_cat","embeddable":true,"href":"https:\/\/nabytoklaguna.sk\/sk\/wp-json\/wp\/v2\/product_cat?post=30024"},{"taxonomy":"product_tag","embeddable":true,"href":"https:\/\/nabytoklaguna.sk\/sk\/wp-json\/wp\/v2\/product_tag?post=30024"}],"curies":[{"name":"wp","href":"https:\/\/api.w.org\/{rel}","templated":true}]}}