{"id":30052,"date":"2021-02-22T16:54:36","date_gmt":"2021-02-22T15:54:36","guid":{"rendered":"http:\/\/nabytoklaguna.sk\/sk\/?post_type=product&#038;p=30052"},"modified":"2025-11-24T13:32:50","modified_gmt":"2025-11-24T12:32:50","slug":"k-adora","status":"publish","type":"product","link":"https:\/\/nabytoklaguna.sk\/sk\/produkt\/k-adora\/","title":{"rendered":"K ADORA"},"content":{"rendered":"<p>Jedine\u010dn\u00e1, pohodln\u00e1 stoli\u010dka<b> ADORA<\/b> v modernom dizajne, ktor\u00e1 v\u00e1m spr\u00edjemn\u00ed spolo\u010dn\u00e9 posedenie s rodinou.<\/p>\n<p><b>Pevn\u00e1 kovov\u00e1 kon\u0161trukcia<\/b> je doplnen\u00e1 <b>m\u00e4kk\u00fdm seden\u00edm v sivej\u00a0 alebo hnedej l\u00e1tke<\/b>.<\/p>\n<p>Stoli\u010dku mo\u017eno kombinova\u0165 s ak\u00fdmko\u013evek jed\u00e1lensk\u00fdm stolom z na\u0161ej ponuky.<\/p>\n<ul>\n<li><b>Materi\u00e1l:<\/b> l\u00e1tka a chr\u00f3movan\u00e9 nohy<\/li>\n<li><b>Prevedenie:<\/b> siv\u00e1, hned\u00e1<\/li>\n<li><b>Rozmery (\u0160xHxV):<\/b> 44x56x100 cm<\/li>\n<li><b>V\u00fd\u0161ka sedu:<\/b> 46 cm<\/li>\n<li><b>Nosnos\u0165:<\/b> 110 kg<\/li>\n<\/ul>\n","protected":false},"excerpt":{"rendered":"<p>Jedine\u010dn\u00e1, pohodln\u00e1 stoli\u010dka ADORA v modernom dizajne, ktor\u00e1 v\u00e1m spr\u00edjemn\u00ed spolo\u010dn\u00e9 posedenie s rodinou. Pevn\u00e1 kovov\u00e1 kon\u0161trukcia je doplnen\u00e1 m\u00e4kk\u00fdm seden\u00edm v sivej\u00a0 alebo hnedej l\u00e1tke. Stoli\u010dku mo\u017eno kombinova\u0165 s ak\u00fdmko\u013evek jed\u00e1lensk\u00fdm stolom z na\u0161ej ponuky. Materi\u00e1l: l\u00e1tka a chr\u00f3movan\u00e9 nohy Prevedenie: siv\u00e1, hned\u00e1 Rozmery (\u0160xHxV): 44x56x100 cm V\u00fd\u0161ka sedu: 46 cm Nosnos\u0165: 110 kg<\/p>\n","protected":false},"featured_media":124954,"comment_status":"closed","ping_status":"closed","template":"","meta":{"_seopress_robots_primary_cat":"239","_seopress_titles_title":"","_seopress_titles_desc":"","_seopress_robots_index":""},"product_brand":[],"product_cat":[239,237],"product_tag":[],"class_list":{"0":"post-30052","1":"product","2":"type-product","3":"status-publish","4":"has-post-thumbnail","6":"product_cat-kovove-stolicky","7":"product_cat-stolicky","8":"pa_farba-cierna-2","9":"pa_farba-hneda","10":"pa_farba-siva","12":"first","13":"onbackorder","14":"shipping-taxable","15":"purchasable","16":"product-type-variable"},"_links":{"self":[{"href":"https:\/\/nabytoklaguna.sk\/sk\/wp-json\/wp\/v2\/product\/30052","targetHints":{"allow":["GET"]}}],"collection":[{"href":"https:\/\/nabytoklaguna.sk\/sk\/wp-json\/wp\/v2\/product"}],"about":[{"href":"https:\/\/nabytoklaguna.sk\/sk\/wp-json\/wp\/v2\/types\/product"}],"replies":[{"embeddable":true,"href":"https:\/\/nabytoklaguna.sk\/sk\/wp-json\/wp\/v2\/comments?post=30052"}],"wp:featuredmedia":[{"embeddable":true,"href":"https:\/\/nabytoklaguna.sk\/sk\/wp-json\/wp\/v2\/media\/124954"}],"wp:attachment":[{"href":"https:\/\/nabytoklaguna.sk\/sk\/wp-json\/wp\/v2\/media?parent=30052"}],"wp:term":[{"taxonomy":"product_brand","embeddable":true,"href":"https:\/\/nabytoklaguna.sk\/sk\/wp-json\/wp\/v2\/product_brand?post=30052"},{"taxonomy":"product_cat","embeddable":true,"href":"https:\/\/nabytoklaguna.sk\/sk\/wp-json\/wp\/v2\/product_cat?post=30052"},{"taxonomy":"product_tag","embeddable":true,"href":"https:\/\/nabytoklaguna.sk\/sk\/wp-json\/wp\/v2\/product_tag?post=30052"}],"curies":[{"name":"wp","href":"https:\/\/api.w.org\/{rel}","templated":true}]}}