{"id":30363,"date":"2021-02-22T16:54:36","date_gmt":"2021-02-22T15:54:36","guid":{"rendered":"http:\/\/nabytoklaguna.sk\/sk\/?post_type=product&#038;p=30363"},"modified":"2026-04-21T14:45:32","modified_gmt":"2026-04-21T12:45:32","slug":"k-abira-new","status":"publish","type":"product","link":"https:\/\/nabytoklaguna.sk\/sk\/produkt\/k-abira-new\/","title":{"rendered":"K ABIRA NEW"},"content":{"rendered":"<p>O pohodlie pri chv\u00ed\u013each s rodinou po\u010das obeda sa postar\u00e1 jed\u00e1lensk\u00e1 stoli\u010dka z kolekcie\u00a0<b>ABIRA NEW<\/b>. Svoj\u00edm modern\u00fdm preveden\u00edm, zaru\u010d\u00ed komfortn\u00e9 sedenie pre v\u0161etk\u00fdch \u010dlenov rodiny. Stoli\u010dka je \u010dal\u00fanen\u00e1 ekoko\u017eou alebo l\u00e1tkou a tak si ka\u017ed\u00fd vyberie to, \u010do mu najviac vyhovuje. Kon\u0161trukcia je pevn\u00e1 z kvalitn\u00e9ho chr\u00f3mu. Praktick\u00e9 madlo V\u00e1m zabezpe\u010d\u00ed jednoduch\u00fa manipul\u00e1ciu so stoli\u010dkou. Na v\u00fdber s\u00fa r\u00f4zne farebn\u00e9 prevedenia a tak si ju jednoducho dolad\u00edte k interi\u00e9ru<\/p>\n<p>VLASTNOSTI<\/p>\n<ul>\n<li><b>Materi\u00e1l:\u00a0<\/b>ekoko\u017ea\/chr\u00f3m, l\u00e1tka\/chr\u00f3m<\/li>\n<li><b>Farba: <\/b>ekoko\u017ea \u010dierna, ekoko\u017ea biela, ekoko\u017ea tmavosiv\u00e1, ekoko\u017ea svetlosiv\u00e1, ekoko\u017ea cappuccino, l\u00e1tka b\u00e9\u017eov\u00e1<\/li>\n<li><b>Rozmery (\u0160xHxV):<\/b>\u00a043x44x96 cm<\/li>\n<li><b>V\u00fd\u0161ka sedu:<\/b>\u00a047 cm<\/li>\n<li><b>H\u013abka sedu:<\/b>\u00a043 cm<\/li>\n<li><b>Nosnos\u0165:<\/b>\u00a0110 kg<\/li>\n<li>Dod\u00e1van\u00e9 v demonte<\/li>\n<\/ul>\n","protected":false},"excerpt":{"rendered":"<p>O pohodlie pri chv\u00ed\u013each s rodinou po\u010das obeda sa postar\u00e1 jed\u00e1lensk\u00e1 stoli\u010dka z kolekcie\u00a0ABIRA NEW. Svoj\u00edm modern\u00fdm preveden\u00edm, zaru\u010d\u00ed komfortn\u00e9 sedenie pre v\u0161etk\u00fdch \u010dlenov rodiny. Stoli\u010dka je \u010dal\u00fanen\u00e1 ekoko\u017eou alebo l\u00e1tkou a tak si ka\u017ed\u00fd vyberie to, \u010do mu najviac vyhovuje. Kon\u0161trukcia je pevn\u00e1 z kvalitn\u00e9ho chr\u00f3mu. Praktick\u00e9 madlo V\u00e1m zabezpe\u010d\u00ed jednoduch\u00fa manipul\u00e1ciu so stoli\u010dkou&#8230;.<\/p>\n","protected":false},"featured_media":127780,"comment_status":"closed","ping_status":"closed","template":"","meta":{"_seopress_robots_primary_cat":"239","_seopress_titles_title":"","_seopress_titles_desc":"","_seopress_robots_index":""},"product_brand":[],"product_cat":[239,237],"product_tag":[],"class_list":{"0":"post-30363","1":"product","2":"type-product","3":"status-publish","4":"has-post-thumbnail","6":"product_cat-kovove-stolicky","7":"product_cat-stolicky","9":"first","10":"onbackorder","11":"shipping-taxable","12":"purchasable","13":"product-type-variable"},"_links":{"self":[{"href":"https:\/\/nabytoklaguna.sk\/sk\/wp-json\/wp\/v2\/product\/30363","targetHints":{"allow":["GET"]}}],"collection":[{"href":"https:\/\/nabytoklaguna.sk\/sk\/wp-json\/wp\/v2\/product"}],"about":[{"href":"https:\/\/nabytoklaguna.sk\/sk\/wp-json\/wp\/v2\/types\/product"}],"replies":[{"embeddable":true,"href":"https:\/\/nabytoklaguna.sk\/sk\/wp-json\/wp\/v2\/comments?post=30363"}],"wp:featuredmedia":[{"embeddable":true,"href":"https:\/\/nabytoklaguna.sk\/sk\/wp-json\/wp\/v2\/media\/127780"}],"wp:attachment":[{"href":"https:\/\/nabytoklaguna.sk\/sk\/wp-json\/wp\/v2\/media?parent=30363"}],"wp:term":[{"taxonomy":"product_brand","embeddable":true,"href":"https:\/\/nabytoklaguna.sk\/sk\/wp-json\/wp\/v2\/product_brand?post=30363"},{"taxonomy":"product_cat","embeddable":true,"href":"https:\/\/nabytoklaguna.sk\/sk\/wp-json\/wp\/v2\/product_cat?post=30363"},{"taxonomy":"product_tag","embeddable":true,"href":"https:\/\/nabytoklaguna.sk\/sk\/wp-json\/wp\/v2\/product_tag?post=30363"}],"curies":[{"name":"wp","href":"https:\/\/api.w.org\/{rel}","templated":true}]}}