{"id":30513,"date":"2021-02-22T16:54:36","date_gmt":"2021-02-22T15:54:36","guid":{"rendered":"http:\/\/nabytoklaguna.sk\/sk\/?post_type=product&#038;p=30513"},"modified":"2026-04-16T11:22:52","modified_gmt":"2026-04-16T09:22:52","slug":"k-mauro","status":"publish","type":"product","link":"https:\/\/nabytoklaguna.sk\/sk\/produkt\/k-mauro\/","title":{"rendered":"K MAURO"},"content":{"rendered":"<p><b>\u0160t\u00fdlov\u00fd jed\u00e1lensk\u00fd st\u00f4l MAURO<\/b>\u00a0vhodn\u00fd na zariadenie jed\u00e1lni alebo letn\u00fdch ter\u00e1s. M\u00e1 skl\u00e1pate\u013en\u00e9 bo\u010dn\u00e9 strany stola. St\u00f4l je vyroben\u00fd z\u00a0<b>MDF f\u00f3liovan\u00e9ho pl\u00e1tu a kovov\u00fdch n\u00f4h,<\/b>\u00a0vo farebnom preveden\u00ed\u00a0<b>dub sonoma\/biela.<\/b><\/p>\n<p>Farebn\u00e9 prevedenie: biela a dub sonoma.<\/p>\n<p>Rozmery \u0160xVxH: 60-120x75x60 cm.<\/p>\n<p>Dod\u00e1van\u00e9 v demonte.<\/p>\n","protected":false},"excerpt":{"rendered":"<p>\u0160t\u00fdlov\u00fd jed\u00e1lensk\u00fd st\u00f4l MAURO\u00a0vhodn\u00fd na zariadenie jed\u00e1lni alebo letn\u00fdch ter\u00e1s. M\u00e1 skl\u00e1pate\u013en\u00e9 bo\u010dn\u00e9 strany stola. St\u00f4l je vyroben\u00fd z\u00a0MDF f\u00f3liovan\u00e9ho pl\u00e1tu a kovov\u00fdch n\u00f4h,\u00a0vo farebnom preveden\u00ed\u00a0dub sonoma\/biela. Farebn\u00e9 prevedenie: biela a dub sonoma. Rozmery \u0160xVxH: 60-120x75x60 cm. Dod\u00e1van\u00e9 v demonte.<\/p>\n","protected":false},"featured_media":127723,"comment_status":"closed","ping_status":"closed","template":"","meta":{"_seopress_robots_primary_cat":"245","_seopress_titles_title":"","_seopress_titles_desc":"","_seopress_robots_index":""},"product_brand":[],"product_cat":[4720,245],"product_tag":[],"class_list":{"0":"post-30513","1":"product","2":"type-product","3":"status-publish","4":"has-post-thumbnail","6":"product_cat-jedalenske-stoly-stoly","7":"product_cat-kovove-stoly","9":"first","10":"onbackorder","11":"shipping-taxable","12":"purchasable","13":"product-type-variable"},"_links":{"self":[{"href":"https:\/\/nabytoklaguna.sk\/sk\/wp-json\/wp\/v2\/product\/30513","targetHints":{"allow":["GET"]}}],"collection":[{"href":"https:\/\/nabytoklaguna.sk\/sk\/wp-json\/wp\/v2\/product"}],"about":[{"href":"https:\/\/nabytoklaguna.sk\/sk\/wp-json\/wp\/v2\/types\/product"}],"replies":[{"embeddable":true,"href":"https:\/\/nabytoklaguna.sk\/sk\/wp-json\/wp\/v2\/comments?post=30513"}],"wp:featuredmedia":[{"embeddable":true,"href":"https:\/\/nabytoklaguna.sk\/sk\/wp-json\/wp\/v2\/media\/127723"}],"wp:attachment":[{"href":"https:\/\/nabytoklaguna.sk\/sk\/wp-json\/wp\/v2\/media?parent=30513"}],"wp:term":[{"taxonomy":"product_brand","embeddable":true,"href":"https:\/\/nabytoklaguna.sk\/sk\/wp-json\/wp\/v2\/product_brand?post=30513"},{"taxonomy":"product_cat","embeddable":true,"href":"https:\/\/nabytoklaguna.sk\/sk\/wp-json\/wp\/v2\/product_cat?post=30513"},{"taxonomy":"product_tag","embeddable":true,"href":"https:\/\/nabytoklaguna.sk\/sk\/wp-json\/wp\/v2\/product_tag?post=30513"}],"curies":[{"name":"wp","href":"https:\/\/api.w.org\/{rel}","templated":true}]}}