{"id":30599,"date":"2021-02-22T16:54:36","date_gmt":"2021-02-22T15:54:36","guid":{"rendered":"http:\/\/nabytoklaguna.sk\/sk\/?post_type=product&#038;p=30599"},"modified":"2025-10-28T12:33:23","modified_gmt":"2025-10-28T11:33:23","slug":"k-hilda","status":"publish","type":"product","link":"https:\/\/nabytoklaguna.sk\/sk\/produkt\/k-hilda\/","title":{"rendered":"K HILDA"},"content":{"rendered":"<p>Barov\u00e1 stoli\u010dka HILDA s oto\u010dn\u00fdm v\u00fd\u0161kovo nastavite\u013en\u00fdm sed\u00e1kom v preveden\u00ed siv\u00e1 l\u00e1tka \/ \u010dierna ekoko\u017ea.<\/p>\n<p>Materi\u00e1l:\u00a0 l\u00e1tka \/ ekoko\u017ea \/ chr\u00f3m.<\/p>\n<p>Rozmery (\u0160xHxV): 39,5x46x87,5-108,5 cm V\u00fd\u0161ka sedu: 61-83 cm<\/p>\n<p>&nbsp;<\/p>\n","protected":false},"excerpt":{"rendered":"<p>Barov\u00e1 stoli\u010dka HILDA s oto\u010dn\u00fdm v\u00fd\u0161kovo nastavite\u013en\u00fdm sed\u00e1kom v preveden\u00ed siv\u00e1 l\u00e1tka \/ \u010dierna ekoko\u017ea. Materi\u00e1l:\u00a0 l\u00e1tka \/ ekoko\u017ea \/ chr\u00f3m. Rozmery (\u0160xHxV): 39,5x46x87,5-108,5 cm V\u00fd\u0161ka sedu: 61-83 cm &nbsp;<\/p>\n","protected":false},"featured_media":0,"comment_status":"closed","ping_status":"closed","template":"","meta":{"_seopress_robots_primary_cat":"241","_seopress_titles_title":"","_seopress_titles_desc":"","_seopress_robots_index":""},"product_brand":[],"product_cat":[241],"product_tag":[],"class_list":{"0":"post-30599","1":"product","2":"type-product","3":"status-publish","5":"product_cat-barove-stolicky","6":"pa_farba-hneda","7":"pa_farba-siva","9":"first","10":"onbackorder","11":"shipping-taxable","12":"purchasable","13":"product-type-variable"},"_links":{"self":[{"href":"https:\/\/nabytoklaguna.sk\/sk\/wp-json\/wp\/v2\/product\/30599","targetHints":{"allow":["GET"]}}],"collection":[{"href":"https:\/\/nabytoklaguna.sk\/sk\/wp-json\/wp\/v2\/product"}],"about":[{"href":"https:\/\/nabytoklaguna.sk\/sk\/wp-json\/wp\/v2\/types\/product"}],"replies":[{"embeddable":true,"href":"https:\/\/nabytoklaguna.sk\/sk\/wp-json\/wp\/v2\/comments?post=30599"}],"wp:attachment":[{"href":"https:\/\/nabytoklaguna.sk\/sk\/wp-json\/wp\/v2\/media?parent=30599"}],"wp:term":[{"taxonomy":"product_brand","embeddable":true,"href":"https:\/\/nabytoklaguna.sk\/sk\/wp-json\/wp\/v2\/product_brand?post=30599"},{"taxonomy":"product_cat","embeddable":true,"href":"https:\/\/nabytoklaguna.sk\/sk\/wp-json\/wp\/v2\/product_cat?post=30599"},{"taxonomy":"product_tag","embeddable":true,"href":"https:\/\/nabytoklaguna.sk\/sk\/wp-json\/wp\/v2\/product_tag?post=30599"}],"curies":[{"name":"wp","href":"https:\/\/api.w.org\/{rel}","templated":true}]}}