{"id":30620,"date":"2021-02-22T16:54:36","date_gmt":"2021-02-22T15:54:36","guid":{"rendered":"http:\/\/nabytoklaguna.sk\/sk\/?post_type=product&#038;p=30620"},"modified":"2025-05-29T11:14:35","modified_gmt":"2025-05-29T09:14:35","slug":"k-rost-rolovany-plaza","status":"publish","type":"product","link":"https:\/\/nabytoklaguna.sk\/sk\/produkt\/k-rost-rolovany-plaza\/","title":{"rendered":"K Ro\u0161t rolovan\u00fd"},"content":{"rendered":"<p>Smrekov\u00e9 lamely spojen\u00e9 p\u00e1skou.<\/p>\n<p>Hr\u00fabka lamiel: 2 cm, \u0161\u00edrka 6.5 cm.<\/p>\n<p>Mo\u017enos\u0165 v\u00fdberu z piatich rozmerov<\/p>\n","protected":false},"excerpt":{"rendered":"<p>Smrekov\u00e9 lamely spojen\u00e9 p\u00e1skou. Hr\u00fabka lamiel: 2 cm, \u0161\u00edrka 6.5 cm. Mo\u017enos\u0165 v\u00fdberu z piatich rozmerov<\/p>\n","protected":false},"featured_media":0,"comment_status":"closed","ping_status":"closed","template":"","meta":{"_seopress_robots_primary_cat":"227","_seopress_titles_title":"","_seopress_titles_desc":"","_seopress_robots_index":""},"product_brand":[],"product_cat":[227],"product_tag":[],"class_list":{"0":"post-30620","1":"product","2":"type-product","3":"status-publish","5":"product_cat-rosty-matrace","7":"first","8":"onbackorder","9":"shipping-taxable","10":"purchasable","11":"product-type-variable"},"_links":{"self":[{"href":"https:\/\/nabytoklaguna.sk\/sk\/wp-json\/wp\/v2\/product\/30620","targetHints":{"allow":["GET"]}}],"collection":[{"href":"https:\/\/nabytoklaguna.sk\/sk\/wp-json\/wp\/v2\/product"}],"about":[{"href":"https:\/\/nabytoklaguna.sk\/sk\/wp-json\/wp\/v2\/types\/product"}],"replies":[{"embeddable":true,"href":"https:\/\/nabytoklaguna.sk\/sk\/wp-json\/wp\/v2\/comments?post=30620"}],"wp:attachment":[{"href":"https:\/\/nabytoklaguna.sk\/sk\/wp-json\/wp\/v2\/media?parent=30620"}],"wp:term":[{"taxonomy":"product_brand","embeddable":true,"href":"https:\/\/nabytoklaguna.sk\/sk\/wp-json\/wp\/v2\/product_brand?post=30620"},{"taxonomy":"product_cat","embeddable":true,"href":"https:\/\/nabytoklaguna.sk\/sk\/wp-json\/wp\/v2\/product_cat?post=30620"},{"taxonomy":"product_tag","embeddable":true,"href":"https:\/\/nabytoklaguna.sk\/sk\/wp-json\/wp\/v2\/product_tag?post=30620"}],"curies":[{"name":"wp","href":"https:\/\/api.w.org\/{rel}","templated":true}]}}