{"id":30630,"date":"2021-02-22T16:54:36","date_gmt":"2021-02-22T15:54:36","guid":{"rendered":"http:\/\/nabytoklaguna.sk\/sk\/?post_type=product&#038;p=30630"},"modified":"2022-04-27T13:59:45","modified_gmt":"2022-04-27T11:59:45","slug":"tempo-kondela-rost-twinflex","status":"publish","type":"product","link":"https:\/\/nabytoklaguna.sk\/sk\/produkt\/tempo-kondela-rost-twinflex\/","title":{"rendered":"Tempo Kondela Ro\u0161t TWINFLEX K"},"content":{"rendered":"<p>Polohovate\u013en\u00fd ro\u0161t vyroben\u00fd z brezov\u00e9ho dreva lepen\u00e9ho vrstvami tvor\u00ed 28 lamiel upevnen\u00fdch po dve v gumen\u00fdch puzdr\u00e1ch na r\u00e1me ro\u0161tu, posilnen\u00e9 p\u00e1som pre lep\u0161ie rozlo\u017eenie v\u00e1hy tela. Na ro\u0161te sa d\u00e1 nastavova\u0165 tvrdos\u0165 v strednej \u010dasti a mechanicky regulova\u0165 v\u00fd\u0161ka z\u00e1hlavia. Tento ro\u0161t odpor\u00fa\u010dame kombinova\u0165 s matracami: Texel alergik a penov\u00fdmi matracami.<\/p>\n","protected":false},"excerpt":{"rendered":"<p>Polohovate\u013en\u00fd ro\u0161t vyroben\u00fd z brezov\u00e9ho dreva lepen\u00e9ho vrstvami tvor\u00ed 28 lamiel upevnen\u00fdch po dve v gumen\u00fdch puzdr\u00e1ch na r\u00e1me ro\u0161tu, posilnen\u00e9 p\u00e1som pre lep\u0161ie rozlo\u017eenie v\u00e1hy tela. Na ro\u0161te sa d\u00e1 nastavova\u0165 tvrdos\u0165 v strednej \u010dasti a mechanicky regulova\u0165 v\u00fd\u0161ka z\u00e1hlavia. Tento ro\u0161t odpor\u00fa\u010dame kombinova\u0165 s matracami: Texel alergik a penov\u00fdmi matracami.<\/p>\n","protected":false},"featured_media":0,"comment_status":"closed","ping_status":"closed","template":"","meta":{"_seopress_robots_primary_cat":"227","_seopress_titles_title":"","_seopress_titles_desc":"","_seopress_robots_index":""},"product_brand":[],"product_cat":[227],"product_tag":[],"class_list":{"0":"post-30630","1":"product","2":"type-product","3":"status-publish","5":"product_cat-rosty-matrace","7":"first","8":"onbackorder","9":"shipping-taxable","10":"purchasable","11":"product-type-variable"},"_links":{"self":[{"href":"https:\/\/nabytoklaguna.sk\/sk\/wp-json\/wp\/v2\/product\/30630","targetHints":{"allow":["GET"]}}],"collection":[{"href":"https:\/\/nabytoklaguna.sk\/sk\/wp-json\/wp\/v2\/product"}],"about":[{"href":"https:\/\/nabytoklaguna.sk\/sk\/wp-json\/wp\/v2\/types\/product"}],"replies":[{"embeddable":true,"href":"https:\/\/nabytoklaguna.sk\/sk\/wp-json\/wp\/v2\/comments?post=30630"}],"wp:attachment":[{"href":"https:\/\/nabytoklaguna.sk\/sk\/wp-json\/wp\/v2\/media?parent=30630"}],"wp:term":[{"taxonomy":"product_brand","embeddable":true,"href":"https:\/\/nabytoklaguna.sk\/sk\/wp-json\/wp\/v2\/product_brand?post=30630"},{"taxonomy":"product_cat","embeddable":true,"href":"https:\/\/nabytoklaguna.sk\/sk\/wp-json\/wp\/v2\/product_cat?post=30630"},{"taxonomy":"product_tag","embeddable":true,"href":"https:\/\/nabytoklaguna.sk\/sk\/wp-json\/wp\/v2\/product_tag?post=30630"}],"curies":[{"name":"wp","href":"https:\/\/api.w.org\/{rel}","templated":true}]}}