{"id":30637,"date":"2021-02-22T16:54:36","date_gmt":"2021-02-22T15:54:36","guid":{"rendered":"http:\/\/nabytoklaguna.sk\/sk\/?post_type=product&#038;p=30637"},"modified":"2025-05-29T11:16:34","modified_gmt":"2025-05-29T09:16:34","slug":"k-rost-flex-3-zonovy","status":"publish","type":"product","link":"https:\/\/nabytoklaguna.sk\/sk\/produkt\/k-rost-flex-3-zonovy\/","title":{"rendered":"K Ro\u0161t FLEX 3-z\u00f3nov\u00fd"},"content":{"rendered":"<p>Ro\u0161t tvoria oh\u00fdban\u00e9 lamely vyroben\u00e9 z brezov\u00e9ho dreva.<\/p>\n<p>Osaden\u00e9 v plastov\u00fdch puzdr\u00e1ch na r\u00e1me ro\u0161tu, v\u010faka elastick\u00fdm li\u0161t\u00e1m sa ro\u0161t spolu s matracom ide\u00e1lne prisp\u00f4sobuje tvaru a hmotnosti tela, \u010do poskytuje pln\u00fd komfort sp\u00e1nku a garantuje zdrav\u00fd odpo\u010dinok.<\/p>\n<p>3 stupne tvrdosti. Po\u010det lamiel: 16.<\/p>\n<p>Mo\u017enos\u0165 vybra\u0165 z piatich rozmerov.<\/p>\n","protected":false},"excerpt":{"rendered":"<p>Ro\u0161t tvoria oh\u00fdban\u00e9 lamely vyroben\u00e9 z brezov\u00e9ho dreva. Osaden\u00e9 v plastov\u00fdch puzdr\u00e1ch na r\u00e1me ro\u0161tu, v\u010faka elastick\u00fdm li\u0161t\u00e1m sa ro\u0161t spolu s matracom ide\u00e1lne prisp\u00f4sobuje tvaru a hmotnosti tela, \u010do poskytuje pln\u00fd komfort sp\u00e1nku a garantuje zdrav\u00fd odpo\u010dinok. 3 stupne tvrdosti. Po\u010det lamiel: 16. Mo\u017enos\u0165 vybra\u0165 z piatich rozmerov.<\/p>\n","protected":false},"featured_media":0,"comment_status":"closed","ping_status":"closed","template":"","meta":{"_seopress_robots_primary_cat":"227","_seopress_titles_title":"","_seopress_titles_desc":"","_seopress_robots_index":""},"product_brand":[],"product_cat":[227],"product_tag":[],"class_list":{"0":"post-30637","1":"product","2":"type-product","3":"status-publish","5":"product_cat-rosty-matrace","7":"first","8":"onbackorder","9":"shipping-taxable","10":"purchasable","11":"product-type-variable"},"_links":{"self":[{"href":"https:\/\/nabytoklaguna.sk\/sk\/wp-json\/wp\/v2\/product\/30637","targetHints":{"allow":["GET"]}}],"collection":[{"href":"https:\/\/nabytoklaguna.sk\/sk\/wp-json\/wp\/v2\/product"}],"about":[{"href":"https:\/\/nabytoklaguna.sk\/sk\/wp-json\/wp\/v2\/types\/product"}],"replies":[{"embeddable":true,"href":"https:\/\/nabytoklaguna.sk\/sk\/wp-json\/wp\/v2\/comments?post=30637"}],"wp:attachment":[{"href":"https:\/\/nabytoklaguna.sk\/sk\/wp-json\/wp\/v2\/media?parent=30637"}],"wp:term":[{"taxonomy":"product_brand","embeddable":true,"href":"https:\/\/nabytoklaguna.sk\/sk\/wp-json\/wp\/v2\/product_brand?post=30637"},{"taxonomy":"product_cat","embeddable":true,"href":"https:\/\/nabytoklaguna.sk\/sk\/wp-json\/wp\/v2\/product_cat?post=30637"},{"taxonomy":"product_tag","embeddable":true,"href":"https:\/\/nabytoklaguna.sk\/sk\/wp-json\/wp\/v2\/product_tag?post=30637"}],"curies":[{"name":"wp","href":"https:\/\/api.w.org\/{rel}","templated":true}]}}