{"id":30667,"date":"2021-02-22T16:54:36","date_gmt":"2021-02-22T15:54:36","guid":{"rendered":"http:\/\/nabytoklaguna.sk\/sk\/?post_type=product&#038;p=30667"},"modified":"2022-04-27T14:50:17","modified_gmt":"2022-04-27T12:50:17","slug":"tempo-kondela-rost-kovovy-7867","status":"publish","type":"product","link":"https:\/\/nabytoklaguna.sk\/sk\/produkt\/tempo-kondela-rost-kovovy-7867\/","title":{"rendered":"Tempo Kondela Ro\u0161t kovov\u00fd"},"content":{"rendered":"<p>Kovov\u00fd ro\u0161t v pevnom r\u00e1me.<\/p>\n<p>Po\u010det lamiel: 2&#215;13 lamiel.<\/p>\n<p>Mo\u017enos\u0165 v\u00fdberu z troch rozmerov.<\/p>\n<p>Doporu\u010dujeme k posteli Roket, Michigan, Sirius, Graphic a Tidy.<\/p>\n","protected":false},"excerpt":{"rendered":"<p>Kovov\u00fd ro\u0161t v pevnom r\u00e1me. Po\u010det lamiel: 2&#215;13 lamiel. Mo\u017enos\u0165 v\u00fdberu z troch rozmerov. Doporu\u010dujeme k posteli Roket, Michigan, Sirius, Graphic a Tidy.<\/p>\n","protected":false},"featured_media":0,"comment_status":"closed","ping_status":"closed","template":"","meta":{"_seopress_robots_primary_cat":"227","_seopress_titles_title":"","_seopress_titles_desc":"","_seopress_robots_index":""},"product_brand":[],"product_cat":[227],"product_tag":[],"class_list":{"0":"post-30667","1":"product","2":"type-product","3":"status-publish","5":"product_cat-rosty-matrace","7":"first","8":"onbackorder","9":"shipping-taxable","10":"purchasable","11":"product-type-variable"},"_links":{"self":[{"href":"https:\/\/nabytoklaguna.sk\/sk\/wp-json\/wp\/v2\/product\/30667","targetHints":{"allow":["GET"]}}],"collection":[{"href":"https:\/\/nabytoklaguna.sk\/sk\/wp-json\/wp\/v2\/product"}],"about":[{"href":"https:\/\/nabytoklaguna.sk\/sk\/wp-json\/wp\/v2\/types\/product"}],"replies":[{"embeddable":true,"href":"https:\/\/nabytoklaguna.sk\/sk\/wp-json\/wp\/v2\/comments?post=30667"}],"wp:attachment":[{"href":"https:\/\/nabytoklaguna.sk\/sk\/wp-json\/wp\/v2\/media?parent=30667"}],"wp:term":[{"taxonomy":"product_brand","embeddable":true,"href":"https:\/\/nabytoklaguna.sk\/sk\/wp-json\/wp\/v2\/product_brand?post=30667"},{"taxonomy":"product_cat","embeddable":true,"href":"https:\/\/nabytoklaguna.sk\/sk\/wp-json\/wp\/v2\/product_cat?post=30667"},{"taxonomy":"product_tag","embeddable":true,"href":"https:\/\/nabytoklaguna.sk\/sk\/wp-json\/wp\/v2\/product_tag?post=30667"}],"curies":[{"name":"wp","href":"https:\/\/api.w.org\/{rel}","templated":true}]}}