{"id":30674,"date":"2021-02-22T16:54:36","date_gmt":"2021-02-22T15:54:36","guid":{"rendered":"http:\/\/nabytoklaguna.sk\/sk\/?post_type=product&#038;p=30674"},"modified":"2022-11-10T15:17:23","modified_gmt":"2022-11-10T14:17:23","slug":"tempo-kondela-rost-twinpack","status":"publish","type":"product","link":"https:\/\/nabytoklaguna.sk\/sk\/produkt\/tempo-kondela-rost-twinpack\/","title":{"rendered":"Tempo Kondela Ro\u0161t TWINPACK"},"content":{"rendered":"<p>Ro\u0161t, oh\u00fdban\u00e9 lamely, brezov\u00e9 drevo, osaden\u00e9 v plastov\u00fdch puzdr\u00e1ch na r\u00e1me ro\u0161tu.<\/p>\n<p>Ide\u00e1lne sa prisp\u00f4sobuje tvaru a hmotnosti tela, \u010do poskytuje pln\u00fd komfort sp\u00e1nku a garantuje zdrav\u00fd odpo\u010dinok.<\/p>\n<p>Po\u010det lamiel: 28. Rozmery: 80&#215;200 cm, 90&#215;200 cm, 140&#215;200 cm, 160&#215;200 cm, 180&#215;200 cm.<\/p>\n","protected":false},"excerpt":{"rendered":"<p>Ro\u0161t, oh\u00fdban\u00e9 lamely, brezov\u00e9 drevo, osaden\u00e9 v plastov\u00fdch puzdr\u00e1ch na r\u00e1me ro\u0161tu. Ide\u00e1lne sa prisp\u00f4sobuje tvaru a hmotnosti tela, \u010do poskytuje pln\u00fd komfort sp\u00e1nku a garantuje zdrav\u00fd odpo\u010dinok. Po\u010det lamiel: 28. Rozmery: 80&#215;200 cm, 90&#215;200 cm, 140&#215;200 cm, 160&#215;200 cm, 180&#215;200 cm.<\/p>\n","protected":false},"featured_media":0,"comment_status":"closed","ping_status":"closed","template":"","meta":{"_seopress_robots_primary_cat":"227","_seopress_titles_title":"","_seopress_titles_desc":"","_seopress_robots_index":""},"product_brand":[],"product_cat":[227],"product_tag":[],"class_list":{"0":"post-30674","1":"product","2":"type-product","3":"status-publish","5":"product_cat-rosty-matrace","7":"first","8":"onbackorder","9":"shipping-taxable","10":"purchasable","11":"product-type-variable"},"_links":{"self":[{"href":"https:\/\/nabytoklaguna.sk\/sk\/wp-json\/wp\/v2\/product\/30674","targetHints":{"allow":["GET"]}}],"collection":[{"href":"https:\/\/nabytoklaguna.sk\/sk\/wp-json\/wp\/v2\/product"}],"about":[{"href":"https:\/\/nabytoklaguna.sk\/sk\/wp-json\/wp\/v2\/types\/product"}],"replies":[{"embeddable":true,"href":"https:\/\/nabytoklaguna.sk\/sk\/wp-json\/wp\/v2\/comments?post=30674"}],"wp:attachment":[{"href":"https:\/\/nabytoklaguna.sk\/sk\/wp-json\/wp\/v2\/media?parent=30674"}],"wp:term":[{"taxonomy":"product_brand","embeddable":true,"href":"https:\/\/nabytoklaguna.sk\/sk\/wp-json\/wp\/v2\/product_brand?post=30674"},{"taxonomy":"product_cat","embeddable":true,"href":"https:\/\/nabytoklaguna.sk\/sk\/wp-json\/wp\/v2\/product_cat?post=30674"},{"taxonomy":"product_tag","embeddable":true,"href":"https:\/\/nabytoklaguna.sk\/sk\/wp-json\/wp\/v2\/product_tag?post=30674"}],"curies":[{"name":"wp","href":"https:\/\/api.w.org\/{rel}","templated":true}]}}