{"id":30707,"date":"2021-02-22T16:54:36","date_gmt":"2021-02-22T15:54:36","guid":{"rendered":"http:\/\/nabytoklaguna.sk\/sk\/?post_type=product&#038;p=30707"},"modified":"2026-02-18T08:33:14","modified_gmt":"2026-02-18T07:33:14","slug":"tempo-kondela-katarina-10","status":"publish","type":"product","link":"https:\/\/nabytoklaguna.sk\/sk\/produkt\/tempo-kondela-katarina-10\/","title":{"rendered":"TK KATAR\u00cdNA 10 NEW"},"content":{"rendered":"<p><b>Matrac BE KATARINA 10 NEW V<\/b>\u00e1m poskytne <b>komfort a vyt\u00fa\u017een\u00e9 pohodlie<\/b>. Matrac je\u00a0<b>sendvi\u010dov\u00e9ho typu s anatomick\u00fdm profilovan\u00edm<\/b>, tvoren\u00fd ako sendvi\u010d, obsahuje nieko\u013eko vrstiev z r\u00f4znych materi\u00e1lov. Vonkaj\u0161ie vrstvy s\u00fa tvoren\u00e9 kvalitnou\u00a0<b>PUR penou<\/b>. PUR penu dop\u013a\u0148a\u00a0<b>RE pena<\/b>\u00a0s hr\u00fabkou dosky 7cm. Matrac m\u00e1 v\u00fdrazne spevnen\u00e9 stredov\u00e9 jadro. Matrac je lepen\u00fd najnov\u0161ou\u00a0<b>technol\u00f3giou HOTMELT<\/b> &#8211; tavn\u00e9 lepidlo je zdravotne nez\u00e1vadn\u00e9.\u00a0<b>PUR pena<\/b>\u00a0je ve\u013emi ob\u013e\u00faben\u00e1 pri v\u00fdrobe matracov. Vynik\u00e1 v\u00fdborn\u00fdmi vlastnos\u0165ami. Matrac z PUR peny je\u00a0<b>na za\u010diatku tuh\u0161\u00ed, pou\u017e\u00edvan\u00edm sa st\u00e1va komfortnej\u0161\u00edm<\/b>\u00a0bez toho, aby str\u00e1cal na objeme. Matrace z PUR peny s\u00fa ve\u013emi ob\u013e\u00faben\u00e9 kv\u00f4li svojim\u00a0<b>ortopedick\u00fdm a antialergick\u00fdm vlastnostiam<\/b>. Navy\u0161e maj\u00fa n\u00edzku hmotnos\u0165, a preto sa s nimi \u013eahko a jednoducho manipuluje. Najv\u00e4\u010d\u0161ou v\u00fdhodou tejto peny je\u00a0<b>odolnos\u0165 vo\u010di prele\u017eaniu<\/b>, \u010do je naj\u010dastej\u0161\u00ed d\u00f4vod v\u00fdmeny matraca. <b>RE pena<\/b>\u00a0je\u00a0<b>recyklovan\u00e1 drven\u00e1 pena<\/b>, ktor\u00e1 sa vyr\u00e1ba sp\u00e1jan\u00edm r\u00f4znych materi\u00e1lov, preva\u017ene s\u00fa to studen\u00e9 peny, PUR peny a flexifoam peny. Jednotliv\u00e9 k\u00fasky sa k sebe sp\u00e1jaj\u00fa lisovan\u00edm pod vysok\u00fdm tlakom. RE pena dod\u00e1va matracu\u00a0<b>v\u00e4\u010d\u0161iu tuhos\u0165, t\u00fdm zvy\u0161uje aj jeho nosnos\u0165<\/b>. Matrac je\u00a0<b>z\u00f3novan\u00fd<\/b>, \u010do znamen\u00e1, \u017ee jeho\u00a0<b>povrch je rozdelen\u00fd na nieko\u013eko p\u00e1siem s odli\u0161nou tvrdos\u0165ou a v\u00fdstuhou<\/b>. Z\u00f3ny matraca s\u00fa miesta s rozdielnou tvrdos\u0165ou materi\u00e1lu, ktor\u00e9 poskytuj\u00fa aj rozdielnu oporu. T\u00fdm sa zabr\u00e1ni prele\u017eanin\u00e1m v miestach v\u00e4\u010d\u0161ej z\u00e1\u0165a\u017ee. Matrac sa ve\u013emi jednoducho\u00a0<b>prisp\u00f4sob\u00ed v\u00e1\u0161mu telu<\/b>. Navy\u0161e sa star\u00e1 o to, aby sa telo udr\u017ealo v prirodzenej a zdravej polohe. Z\u00f3ny matracov sa odpor\u00fa\u010daj\u00fa \u013eudom, ktor\u00fdch tr\u00e1pia zdravotn\u00e9 probl\u00e9my sp\u00f4soben\u00e9 nekvalitn\u00fdm sp\u00e1nkom, ale aj ako prevencia.\u00a0<b>Neodpor\u00fa\u010daj\u00fa sa de\u0165om<\/b>, ktor\u00e9 meraj\u00fa\u00a0<b>do 150cm<\/b>. S\u00fa pre ne nevhodn\u00e9, preto\u017ee die\u0165a na z\u00f3ny nedosiahne a tie potom podopieraj\u00fa nespr\u00e1vne partie tela. Matrac m\u00e1\u00a0<b>sn\u00edmate\u013en\u00fd po\u0165ah<\/b>\u00a0vyroben\u00fd vo verzii\u00a0<b>CHLOE AKTIV<\/b>\u00a0s klimatiza\u010dnou v\u00fdpl\u0148ou\u00a0<b>PES dut\u00fdm vl\u00e1knom 200gr\/m2<\/b>. Po\u0165ah je snehovobiely. Na dotyk pr\u00edjemn\u00fd po\u0165ah ocenia predov\u0161etk\u00fdm<b>\u00a0\u013eudia s citlivou poko\u017ekou<\/b>. Je kvalitn\u00fd s\u00a0<b>certifik\u00e1tom OEKO-TEX STANDARD<\/b>. Bol\u00a0<b>testovan\u00fd<\/b>\u00a0na pH hodnotu, obsah formaldehydu, pr\u00edtomnos\u0165 pestic\u00eddov, obsah \u0165a\u017ek\u00fdch kovov, konzerva\u010dn\u00fdch l\u00e1tok, tie\u017e na pr\u00edtomnos\u0165 alergizuj\u00facich a potenci\u00e1lne karcinog\u00e9nnych farb\u00edv. Tento\u00a0<b>zdravotne nez\u00e1vadn\u00fd<\/b>\u00a0po\u0165ah je odpor\u00fa\u010dan\u00fd odborn\u00edkmi. Je mo\u017en\u00e9 pra\u0165 ho v pr\u00e1\u010dke pri teplote\u00a0<b>60 \u00b0C<\/b>.<\/p>\n<ul>\n<li><b>Materi\u00e1l:<\/b>\u00a0PUR pena\/RE pena<\/li>\n<li><b>V\u00fd\u0161ka matraca:<\/b>\u00a014 cm<\/li>\n<li>So siedmimi z\u00f3nami<\/li>\n<li><b>Nosnos\u0165:<\/b>\u00a0110 kg<\/li>\n<li>Matrac lepen\u00fd najnov\u0161ou technol\u00f3giou HOTMELT<\/li>\n<li>Spevnen\u00e9 stredov\u00e9 jadro<\/li>\n<li>Vysok\u00e1 odolnos\u0165, zv\u00fd\u0161en\u00e1 nosnos\u0165 a anatomick\u00e9 profilovanie<\/li>\n<li><b>Tvrdos\u0165 matraca:<\/b>\u00a0stredne tvrd\u00fd<\/li>\n<li>Stredne tvrd\u00fd matrac (stupe\u0148 tvrdosti) sa dok\u00e1\u017ee najlep\u0161ie prisp\u00f4sobi\u0165 le\u017eiacemu, nevytv\u00e1ra protitlak a udr\u017euje chrbticu v rovine. Je vhodn\u00fd pre \u013eud\u00ed s hmotnos\u0165ou od 70 do 110 kilogramov. Tento typ sa hod\u00ed na spanie v akejko\u013evek polohe.<\/li>\n<li>Chloe activ po\u0165ah<\/li>\n<li>Po\u0165ah s certifik\u00e1tom OEKO-TEX STANDARD<\/li>\n<li>Po\u0165ah pre\u0161it\u00fd PES dut\u00fdm vl\u00e1knom<\/li>\n<li>Sn\u00edmate\u013en\u00fd po\u0165ah so zipsom<\/li>\n<li>Pranie pri teplote 60\u00b0C<\/li>\n<li>Odpor\u00fa\u010dan\u00fd ro\u0161t pevn\u00fd alebo polohovac\u00ed<\/li>\n<li><b>Kvalitn\u00fd slovensk\u00fd v\u00fdrobok<\/b><\/li>\n<\/ul>\n<p><img decoding=\"async\" src=\"https:\/\/www.temponabytok.sk\/uploads\/images\/piktogramy_popis\/PUR_pena.jpg\" \/>\u00a0<img decoding=\"async\" src=\"https:\/\/www.temponabytok.sk\/uploads\/images\/piktogramy_popis\/RE_pena.jpg\" \/>\u00a0<img decoding=\"async\" src=\"https:\/\/www.temponabytok.sk\/uploads\/images\/piktogramy_popis\/regulovatelny_rost.jpg\" \/>\u00a0<img decoding=\"async\" src=\"https:\/\/www.temponabytok.sk\/uploads\/images\/piktogramy_popis\/zonovany.jpg\" \/>\u00a0<img decoding=\"async\" src=\"https:\/\/www.temponabytok.sk\/uploads\/images\/piktogramy_popis\/nosnost_110kg.jpg\" \/>\u00a0<img decoding=\"async\" src=\"https:\/\/www.temponabytok.sk\/uploads\/images\/piktogramy_popis\/teplota_prania.jpg\" \/>\u00a0<img decoding=\"async\" src=\"https:\/\/www.temponabytok.sk\/uploads\/images\/piktogramy_popis\/zips.jpg\" \/>\u00a0<img decoding=\"async\" src=\"https:\/\/www.temponabytok.sk\/uploads\/images\/piktogramy_popis\/Dute%20vlakno.jpg\" \/>\u00a0<img decoding=\"async\" src=\"https:\/\/www.temponabytok.sk\/uploads\/images\/piktogramy_popis\/piktogram_stredne%20Tvrdy.png\" \/><\/p>\n<div class=\"text\">\n<ul>\n<li><\/li>\n<\/ul>\n<\/div>\n","protected":false},"excerpt":{"rendered":"<p>Matrac BE KATARINA 10 NEW V\u00e1m poskytne komfort a vyt\u00fa\u017een\u00e9 pohodlie. Matrac je\u00a0sendvi\u010dov\u00e9ho typu s anatomick\u00fdm profilovan\u00edm, tvoren\u00fd ako sendvi\u010d, obsahuje nieko\u013eko vrstiev z r\u00f4znych materi\u00e1lov. Vonkaj\u0161ie vrstvy s\u00fa tvoren\u00e9 kvalitnou\u00a0PUR penou. PUR penu dop\u013a\u0148a\u00a0RE pena\u00a0s hr\u00fabkou dosky 7cm. Matrac m\u00e1 v\u00fdrazne spevnen\u00e9 stredov\u00e9 jadro. Matrac je lepen\u00fd najnov\u0161ou\u00a0technol\u00f3giou HOTMELT &#8211; tavn\u00e9 lepidlo je zdravotne&#8230;<\/p>\n","protected":false},"featured_media":69389,"comment_status":"closed","ping_status":"closed","template":"","meta":{"_seopress_robots_primary_cat":"229","_seopress_titles_title":"","_seopress_titles_desc":"","_seopress_robots_index":""},"product_brand":[],"product_cat":[227,229],"product_tag":[],"class_list":{"0":"post-30707","1":"product","2":"type-product","3":"status-publish","4":"has-post-thumbnail","6":"product_cat-rosty-matrace","7":"product_cat-matrace","9":"first","10":"onbackorder","11":"shipping-taxable","12":"purchasable","13":"product-type-variable"},"_links":{"self":[{"href":"https:\/\/nabytoklaguna.sk\/sk\/wp-json\/wp\/v2\/product\/30707","targetHints":{"allow":["GET"]}}],"collection":[{"href":"https:\/\/nabytoklaguna.sk\/sk\/wp-json\/wp\/v2\/product"}],"about":[{"href":"https:\/\/nabytoklaguna.sk\/sk\/wp-json\/wp\/v2\/types\/product"}],"replies":[{"embeddable":true,"href":"https:\/\/nabytoklaguna.sk\/sk\/wp-json\/wp\/v2\/comments?post=30707"}],"wp:featuredmedia":[{"embeddable":true,"href":"https:\/\/nabytoklaguna.sk\/sk\/wp-json\/wp\/v2\/media\/69389"}],"wp:attachment":[{"href":"https:\/\/nabytoklaguna.sk\/sk\/wp-json\/wp\/v2\/media?parent=30707"}],"wp:term":[{"taxonomy":"product_brand","embeddable":true,"href":"https:\/\/nabytoklaguna.sk\/sk\/wp-json\/wp\/v2\/product_brand?post=30707"},{"taxonomy":"product_cat","embeddable":true,"href":"https:\/\/nabytoklaguna.sk\/sk\/wp-json\/wp\/v2\/product_cat?post=30707"},{"taxonomy":"product_tag","embeddable":true,"href":"https:\/\/nabytoklaguna.sk\/sk\/wp-json\/wp\/v2\/product_tag?post=30707"}],"curies":[{"name":"wp","href":"https:\/\/api.w.org\/{rel}","templated":true}]}}