{"id":30755,"date":"2021-02-22T16:54:36","date_gmt":"2021-02-22T15:54:36","guid":{"rendered":"http:\/\/nabytoklaguna.sk\/sk\/?post_type=product&#038;p=30755"},"modified":"2026-02-18T08:33:15","modified_gmt":"2026-02-18T07:33:15","slug":"tk-cati","status":"publish","type":"product","link":"https:\/\/nabytoklaguna.sk\/sk\/produkt\/tk-cati\/","title":{"rendered":"TK CATI"},"content":{"rendered":"<p><b>Matrac CATI V<\/b>\u00a0od \u010deskej firmy\u00a0<b>MORAVIA COMFORT<\/b>.\u00a0<b>Kombin\u00e1cia PUR peny a RE peny<\/b> pov\u00fd\u0161ila tento matrac na kvalitn\u00fd v\u00fdrobok. V\u00fdstupky na povrchu matraca zabezpe\u010duj\u00fa optim\u00e1lne prekrvenie poko\u017eky.\u00a0<b>PUR pena<\/b>\u00a0je ve\u013emi ob\u013e\u00faben\u00e1 pri v\u00fdrobe matracov. Vynik\u00e1 v\u00fdborn\u00fdmi vlastnos\u0165ami. Matrac z PUR peny je\u00a0<b>na za\u010diatku tuh\u0161\u00ed, pou\u017e\u00edvan\u00edm sa st\u00e1va komfortnej\u0161\u00edm<\/b>\u00a0bez toho, aby str\u00e1cal na objeme. Matrace z PUR peny s\u00fa ve\u013emi ob\u013e\u00faben\u00e9 kv\u00f4li svojim\u00a0<b>ortopedick\u00fdm a antialergick\u00fdm vlastnostiam<\/b>. Navy\u0161e maj\u00fa n\u00edzku hmotnos\u0165, a preto sa s nimi \u013eahko a jednoducho manipuluje. Najv\u00e4\u010d\u0161ou v\u00fdhodou tejto peny je\u00a0<b>odolnos\u0165 vo\u010di prele\u017eaniu<\/b>, \u010do je naj\u010dastej\u0161\u00ed d\u00f4vod v\u00fdmeny matraca. <b>RE pena<\/b>\u00a0je\u00a0<b>recyklovan\u00e1 drven\u00e1 pena<\/b>, ktor\u00e1 sa vyr\u00e1ba sp\u00e1jan\u00edm r\u00f4znych materi\u00e1lov, preva\u017ene s\u00fa to studen\u00e9 peny, PUR peny a flexifoam peny. Jednotliv\u00e9 k\u00fasky sa k sebe sp\u00e1jaj\u00fa lisovan\u00edm pod vysok\u00fdm tlakom. RE pena dod\u00e1va matracu\u00a0<b>v\u00e4\u010d\u0161iu tuhos\u0165, t\u00fdm zvy\u0161uje aj jeho nosnos\u0165<\/b>. Matrac je\u00a0<b>obojstrann\u00fd<\/b>, \u010do zvy\u0161uje jeho hodnotu. Pou\u017ei\u0165 ho m\u00f4\u017eete na\u00a0<b>pevn\u00fd ale aj polohovac\u00ed ro\u0161t<\/b>. Matrac je\u00a0<b>s piatimi z\u00f3nami<\/b>, \u010do znamen\u00e1, \u017ee\u00a0<b>jeho povrch je rozdelen\u00fd na nieko\u013eko p\u00e1siem s odli\u0161nou tvrdos\u0165ou a v\u00fdstuhou<\/b>. Z\u00f3ny matraca s\u00fa miesta s rozdielnou tvrdos\u0165ou materi\u00e1lu, ktor\u00e9 poskytuj\u00fa aj rozdielnu oporu. T\u00fdm sa zabr\u00e1ni prele\u017eanin\u00e1m v miestach v\u00e4\u010d\u0161ej z\u00e1\u0165a\u017ee. Matrac sa ve\u013emi jednoducho\u00a0<b>prisp\u00f4sob\u00ed v\u00e1\u0161mu telu<\/b>. Matrac je dod\u00e1van\u00fd s<b>\u00a0kvalitn\u00fdm po\u0165ahom SILVER<\/b>, ktor\u00fd je mo\u017eno zvliec\u0165 a vypra\u0165 v pr\u00e1\u010dke pri teplote 60 \u00b0C. So\u00a0<b>zipsom<\/b>\u00a0po celom obvode. Je vyroben\u00fd zo 100% polyestera. Po\u0165ahov\u00e1 l\u00e1tka so \u0161peci\u00e1lnou \u00fapravou SILVER, ktor\u00e1 blokuje a redukuje tvorbu \u0161kodliv\u00fdch z\u00e1rodkov a bakt\u00e9ri\u00ed na matracoch.\u00a0<b>Vysoko kvalitn\u00fd, striebrom ionizovan\u00fd povrch po\u0165ahu m\u00e1 antimikrobi\u00e1lny \u00fa\u010dinok<\/b>. Mo\u017enos\u0165 objedna\u0165 aj s po\u0165ahom ALOE VERA.<\/p>\n<ul>\n<li><b>Materi\u00e1l:<\/b>\u00a0PUR pena\/RE pena<\/li>\n<li><b>V\u00fd\u0161ka matraca:<\/b>\u00a016 cm<\/li>\n<li><b>Nosnos\u0165:<\/b>\u00a0cca 110 kg<\/li>\n<li><b>Tvrdos\u0165 matraca:<\/b>\u00a0tvrd\u00fd T4<\/li>\n<li>Matrace v tejto kateg\u00f3rii (stupe\u0148 tvrdosti T4) s\u00fa naozaj tuh\u00e9. S\u00fa dostato\u010dne odpru\u017een\u00e9, aby sa predi\u0161lo probl\u00e9mom v oblasti s najv\u00e4\u010d\u0161\u00edm tlakov\u00fdm za\u0165a\u017een\u00edm. Vhodn\u00e9 pre spanie na chrbte a bruchu. Pre \u013eud\u00ed s hmotnos\u0165ou viac ako 100 kilogramov.<\/li>\n<li>Obojstrann\u00fd<\/li>\n<li>Z\u00f3novan\u00fd, a\u017e 5 z\u00f3n<\/li>\n<li>Mas\u00e1\u017ene v\u00fdstupky na povrchu<\/li>\n<li>Mo\u017enos\u0165 pou\u017ei\u0165 na pevnom aj polohovacom ro\u0161te<\/li>\n<li>Po\u0165ah Silver so zipsom po celom obvode<\/li>\n<\/ul>\n<div class=\"text\">\n<p>&nbsp;<\/p>\n<\/div>\n","protected":false},"excerpt":{"rendered":"<p>Matrac CATI V\u00a0od \u010deskej firmy\u00a0MORAVIA COMFORT.\u00a0Kombin\u00e1cia PUR peny a RE peny pov\u00fd\u0161ila tento matrac na kvalitn\u00fd v\u00fdrobok. V\u00fdstupky na povrchu matraca zabezpe\u010duj\u00fa optim\u00e1lne prekrvenie poko\u017eky.\u00a0PUR pena\u00a0je ve\u013emi ob\u013e\u00faben\u00e1 pri v\u00fdrobe matracov. Vynik\u00e1 v\u00fdborn\u00fdmi vlastnos\u0165ami. Matrac z PUR peny je\u00a0na za\u010diatku tuh\u0161\u00ed, pou\u017e\u00edvan\u00edm sa st\u00e1va komfortnej\u0161\u00edm\u00a0bez toho, aby str\u00e1cal na objeme. Matrace z PUR peny s\u00fa&#8230;<\/p>\n","protected":false},"featured_media":0,"comment_status":"closed","ping_status":"closed","template":"","meta":{"_seopress_robots_primary_cat":"229","_seopress_titles_title":"","_seopress_titles_desc":"","_seopress_robots_index":""},"product_brand":[],"product_cat":[1100,227,229],"product_tag":[],"class_list":{"0":"post-30755","1":"product","2":"type-product","3":"status-publish","5":"product_cat-klasicke","6":"product_cat-rosty-matrace","7":"product_cat-matrace","9":"first","10":"onbackorder","11":"shipping-taxable","12":"purchasable","13":"product-type-variable"},"_links":{"self":[{"href":"https:\/\/nabytoklaguna.sk\/sk\/wp-json\/wp\/v2\/product\/30755","targetHints":{"allow":["GET"]}}],"collection":[{"href":"https:\/\/nabytoklaguna.sk\/sk\/wp-json\/wp\/v2\/product"}],"about":[{"href":"https:\/\/nabytoklaguna.sk\/sk\/wp-json\/wp\/v2\/types\/product"}],"replies":[{"embeddable":true,"href":"https:\/\/nabytoklaguna.sk\/sk\/wp-json\/wp\/v2\/comments?post=30755"}],"wp:attachment":[{"href":"https:\/\/nabytoklaguna.sk\/sk\/wp-json\/wp\/v2\/media?parent=30755"}],"wp:term":[{"taxonomy":"product_brand","embeddable":true,"href":"https:\/\/nabytoklaguna.sk\/sk\/wp-json\/wp\/v2\/product_brand?post=30755"},{"taxonomy":"product_cat","embeddable":true,"href":"https:\/\/nabytoklaguna.sk\/sk\/wp-json\/wp\/v2\/product_cat?post=30755"},{"taxonomy":"product_tag","embeddable":true,"href":"https:\/\/nabytoklaguna.sk\/sk\/wp-json\/wp\/v2\/product_tag?post=30755"}],"curies":[{"name":"wp","href":"https:\/\/api.w.org\/{rel}","templated":true}]}}