{"id":30759,"date":"2021-02-22T16:54:36","date_gmt":"2021-02-22T15:54:36","guid":{"rendered":"http:\/\/nabytoklaguna.sk\/sk\/?post_type=product&#038;p=30759"},"modified":"2026-02-18T08:33:15","modified_gmt":"2026-02-18T07:33:15","slug":"tempo-kondela-catania-eco","status":"publish","type":"product","link":"https:\/\/nabytoklaguna.sk\/sk\/produkt\/tempo-kondela-catania-eco\/","title":{"rendered":"Tempo Kondela Catania Eco"},"content":{"rendered":"<p><b>Matrac CATANIA ECO\u00a0<\/b>od \u010deskej firmy\u00a0<b>MORAVIA COMFORT<\/b>\u00a0je t\u00e1 spr\u00e1vna vo\u013eba!\u00a0<b>V\u00fdrobca skombinoval dve PUR peny a RE penu<\/b>, aby dosiahol maxim\u00e1lne pohodlie po\u010das sp\u00e1nku. Mas\u00e1\u017ene nopky na povrchu matraca zabezpe\u010duj\u00fa optim\u00e1lne prekrvenie poko\u017eky. <b>PUR pena<\/b>\u00a0je ve\u013emi ob\u013e\u00faben\u00e1 pri v\u00fdrobe matracov. Vynik\u00e1 v\u00fdborn\u00fdmi vlastnos\u0165ami. Matrac z PUR peny je\u00a0<b>na za\u010diatku tuh\u0161\u00ed, pou\u017e\u00edvan\u00edm sa st\u00e1va komfortnej\u0161\u00edm<\/b>\u00a0bez toho, aby str\u00e1cal na objeme. Matrace z PUR peny s\u00fa ve\u013emi ob\u013e\u00faben\u00e9 kv\u00f4li svojim\u00a0<b>ortopedick\u00fdm a antialergick\u00fdm vlastnostiam<\/b>. Navy\u0161e maj\u00fa n\u00edzku hmotnos\u0165, a preto sa s nimi \u013eahko a jednoducho manipuluje. Najv\u00e4\u010d\u0161ou v\u00fdhodou tejto peny je\u00a0<b>odolnos\u0165 vo\u010di prele\u017eaniu<\/b>, \u010do je naj\u010dastej\u0161\u00ed d\u00f4vod v\u00fdmeny matraca.<b>RE pena<\/b>\u00a0je\u00a0<b>recyklovan\u00e1 drven\u00e1 pena<\/b>, ktor\u00e1 sa vyr\u00e1ba sp\u00e1jan\u00edm r\u00f4znych materi\u00e1lov, preva\u017ene s\u00fa to studen\u00e9 peny, PUR peny a flexifoam peny. Jednotliv\u00e9 k\u00fasky sa k sebe sp\u00e1jaj\u00fa lisovan\u00edm pod vysok\u00fdm tlakom. RE pena dod\u00e1va matracu\u00a0<b>v\u00e4\u010d\u0161iu tuhos\u0165, t\u00fdm zvy\u0161uje aj jeho nosnos\u0165<\/b>. Matrac je\u00a0<b>obojstrann\u00fd<\/b>, \u010do zvy\u0161uje jeho hodnotu. Preto je vhodn\u00fd aj na\u00a0<b>v\u00fdklopn\u00fd ro\u0161t<\/b>. Matrac je dod\u00e1van\u00fd s<b>\u00a0kvalitn\u00fdm po\u0165ahom SILVER<\/b>, ktor\u00fd je mo\u017eno zvliec\u0165 a vypra\u0165 v pr\u00e1\u010dke pri teplote 60 \u00b0C. So\u00a0<b>zipsom<\/b>\u00a0po celom obvode. Je vyroben\u00fd zo 100% polyestera. Po\u0165ahov\u00e1 l\u00e1tka so \u0161peci\u00e1lnou \u00fapravou SILVER, ktor\u00e1 blokuje a redukuje tvorbu \u0161kodliv\u00fdch z\u00e1rodkov a bakt\u00e9ri\u00ed na matracoch.\u00a0<b>Vysoko kvalitn\u00fd, striebrom ionizovan\u00fd povrch po\u0165ahu m\u00e1 antimikrobi\u00e1lny \u00fa\u010dinok<\/b>. Mo\u017enos\u0165 objedna\u0165 aj s po\u0165ahom ALOE VERA.<\/p>\n<ul>\n<li><b>Materi\u00e1l:<\/b>\u00a0PUR pena\/RE pena<\/li>\n<li><b>V\u00fd\u0161ka matraca:<\/b>\u00a013 cm<\/li>\n<li><b>Nosnos\u0165:<\/b>\u00a0cca 110 kg<\/li>\n<li>Obojstrann\u00fd<\/li>\n<li>Mas\u00e1\u017ene nopky na povrchu<\/li>\n<li>Mo\u017enos\u0165 pou\u017ei\u0165 na pevnom aj polohovacom ro\u0161te<\/li>\n<li>Po\u0165ah Silver so zipsom po celom obvode<\/li>\n<\/ul>\n<p><img decoding=\"async\" src=\"https:\/\/www.temponabytok.sk\/uploads\/images\/piktogramy_popis\/PUR_pena.jpg\" \/>\u00a0<img decoding=\"async\" src=\"https:\/\/www.temponabytok.sk\/uploads\/images\/piktogramy_popis\/RE_pena.jpg\" \/>\u00a0<img decoding=\"async\" src=\"https:\/\/www.temponabytok.sk\/uploads\/images\/piktogramy_popis\/antialergicky.jpg\" \/>\u00a0<img decoding=\"async\" src=\"https:\/\/www.temponabytok.sk\/uploads\/images\/piktogramy_popis\/zips.jpg\" \/>\u00a0<img decoding=\"async\" src=\"https:\/\/www.temponabytok.sk\/uploads\/images\/piktogramy_popis\/teplota_prania.jpg\" \/><\/p>\n<div class=\"text\">\n<p>&nbsp;<\/p>\n<\/div>\n","protected":false},"excerpt":{"rendered":"<p>Matrac CATANIA ECO\u00a0od \u010deskej firmy\u00a0MORAVIA COMFORT\u00a0je t\u00e1 spr\u00e1vna vo\u013eba!\u00a0V\u00fdrobca skombinoval dve PUR peny a RE penu, aby dosiahol maxim\u00e1lne pohodlie po\u010das sp\u00e1nku. Mas\u00e1\u017ene nopky na povrchu matraca zabezpe\u010duj\u00fa optim\u00e1lne prekrvenie poko\u017eky. PUR pena\u00a0je ve\u013emi ob\u013e\u00faben\u00e1 pri v\u00fdrobe matracov. Vynik\u00e1 v\u00fdborn\u00fdmi vlastnos\u0165ami. Matrac z PUR peny je\u00a0na za\u010diatku tuh\u0161\u00ed, pou\u017e\u00edvan\u00edm sa st\u00e1va komfortnej\u0161\u00edm\u00a0bez toho, aby str\u00e1cal&#8230;<\/p>\n","protected":false},"featured_media":0,"comment_status":"closed","ping_status":"closed","template":"","meta":{"_seopress_robots_primary_cat":"229","_seopress_titles_title":"","_seopress_titles_desc":"","_seopress_robots_index":""},"product_brand":[],"product_cat":[1100,227,229],"product_tag":[],"class_list":{"0":"post-30759","1":"product","2":"type-product","3":"status-publish","5":"product_cat-klasicke","6":"product_cat-rosty-matrace","7":"product_cat-matrace","9":"first","10":"onbackorder","11":"shipping-taxable","12":"purchasable","13":"product-type-variable"},"_links":{"self":[{"href":"https:\/\/nabytoklaguna.sk\/sk\/wp-json\/wp\/v2\/product\/30759","targetHints":{"allow":["GET"]}}],"collection":[{"href":"https:\/\/nabytoklaguna.sk\/sk\/wp-json\/wp\/v2\/product"}],"about":[{"href":"https:\/\/nabytoklaguna.sk\/sk\/wp-json\/wp\/v2\/types\/product"}],"replies":[{"embeddable":true,"href":"https:\/\/nabytoklaguna.sk\/sk\/wp-json\/wp\/v2\/comments?post=30759"}],"wp:attachment":[{"href":"https:\/\/nabytoklaguna.sk\/sk\/wp-json\/wp\/v2\/media?parent=30759"}],"wp:term":[{"taxonomy":"product_brand","embeddable":true,"href":"https:\/\/nabytoklaguna.sk\/sk\/wp-json\/wp\/v2\/product_brand?post=30759"},{"taxonomy":"product_cat","embeddable":true,"href":"https:\/\/nabytoklaguna.sk\/sk\/wp-json\/wp\/v2\/product_cat?post=30759"},{"taxonomy":"product_tag","embeddable":true,"href":"https:\/\/nabytoklaguna.sk\/sk\/wp-json\/wp\/v2\/product_tag?post=30759"}],"curies":[{"name":"wp","href":"https:\/\/api.w.org\/{rel}","templated":true}]}}