{"id":30861,"date":"2021-02-22T16:54:36","date_gmt":"2021-02-22T15:54:36","guid":{"rendered":"http:\/\/nabytoklaguna.sk\/sk\/?post_type=product&#038;p=30861"},"modified":"2025-09-25T10:32:40","modified_gmt":"2025-09-25T08:32:40","slug":"birget","status":"publish","type":"product","link":"https:\/\/nabytoklaguna.sk\/sk\/produkt\/birget\/","title":{"rendered":"K BIRGET"},"content":{"rendered":"<p><b>BIRGET NEW<\/b> je kr\u00e1sna man\u017eelsk\u00e1 poste\u013e s <b>lamelov\u00fdm ro\u0161tom<\/b>,\u00a0<b>\u00falo\u017en\u00fdm priestorom<\/b> a bielym <b>LED osvetlen\u00edm<\/b>, ktor\u00e9 je umiestnen\u00e9 okolo\u00a0<b>r\u00e1mu postele, <\/b>vnesie so Va\u0161ej sp\u00e1lne pr\u00edjemn\u00fa int\u00edmnu atmosf\u00e9ru. Elegantn\u00e1 a vkusn\u00e1 <b>\u010dierna ekoko\u017ea<\/b> spolo\u010dne s LED osvetlen\u00edm, ktor\u00e9 svieti bielou farbou, tvoria z tejto postele unik\u00e1t. K posteli odpor\u00fa\u010dame zak\u00fapi\u0165 matrac s rozmerom 183&#215;200 cm<\/p>\n<ul>\n<li><b>Materi\u00e1l:<\/b>\u00a0ekoko\u017ea<\/li>\n<li><b>Farba:<\/b>\u00a0\u010dierna<\/li>\n<li><b>Rozmery (\u0160xHxV):<\/b> 191x213x90,5 cm, <b>Plocha na spanie (\u0160xD):<\/b>\u00a0183&#215;200 cm<\/li>\n<li><b>V\u00fd\u0161ka po ro\u0161t:<\/b>\u00a032 cm<\/li>\n<li>\u00dalo\u017en\u00fd priestor<\/li>\n<li>LED osvetlenie s bielym svetlom<\/li>\n<li>Lamelov\u00fd ro\u0161t ZDARMO<\/li>\n<li>Dod\u00e1van\u00e9 v demonte<\/li>\n<\/ul>\n<table border=\"0\" cellspacing=\"1\" cellpadding=\"1\">\n<tbody>\n<tr>\n<td style=\"width: 40.9987%;\"><\/td>\n<td style=\"width: 58.7385%;\"><\/td>\n<\/tr>\n<tr>\n<td style=\"width: 40.9987%;\"><\/td>\n<td style=\"width: 58.7385%;\"><\/td>\n<\/tr>\n<\/tbody>\n<\/table>\n","protected":false},"excerpt":{"rendered":"<p>BIRGET NEW je kr\u00e1sna man\u017eelsk\u00e1 poste\u013e s lamelov\u00fdm ro\u0161tom,\u00a0\u00falo\u017en\u00fdm priestorom a bielym LED osvetlen\u00edm, ktor\u00e9 je umiestnen\u00e9 okolo\u00a0r\u00e1mu postele, vnesie so Va\u0161ej sp\u00e1lne pr\u00edjemn\u00fa int\u00edmnu atmosf\u00e9ru. Elegantn\u00e1 a vkusn\u00e1 \u010dierna ekoko\u017ea spolo\u010dne s LED osvetlen\u00edm, ktor\u00e9 svieti bielou farbou, tvoria z tejto postele unik\u00e1t. K posteli odpor\u00fa\u010dame zak\u00fapi\u0165 matrac s rozmerom 183&#215;200 cm Materi\u00e1l:\u00a0ekoko\u017ea Farba:\u00a0\u010dierna&#8230;<\/p>\n","protected":false},"featured_media":41936,"comment_status":"closed","ping_status":"closed","template":"","meta":{"_seopress_robots_primary_cat":"228","_seopress_titles_title":"","_seopress_titles_desc":"","_seopress_robots_index":""},"product_brand":[],"product_cat":[4012,228],"product_tag":[],"class_list":{"0":"post-30861","1":"product","2":"type-product","3":"status-publish","4":"has-post-thumbnail","6":"product_cat-postele","7":"product_cat-calunene-postele","8":"pa_typ-produktu-s-matracom-catania-eco","9":"pa_typ-produktu-s-matracom-kokos-medium","10":"pa_typ-produktu-s-rostom-bez-matraca-2","12":"first","13":"onbackorder","14":"shipping-taxable","15":"purchasable","16":"product-type-variable"},"_links":{"self":[{"href":"https:\/\/nabytoklaguna.sk\/sk\/wp-json\/wp\/v2\/product\/30861","targetHints":{"allow":["GET"]}}],"collection":[{"href":"https:\/\/nabytoklaguna.sk\/sk\/wp-json\/wp\/v2\/product"}],"about":[{"href":"https:\/\/nabytoklaguna.sk\/sk\/wp-json\/wp\/v2\/types\/product"}],"replies":[{"embeddable":true,"href":"https:\/\/nabytoklaguna.sk\/sk\/wp-json\/wp\/v2\/comments?post=30861"}],"wp:featuredmedia":[{"embeddable":true,"href":"https:\/\/nabytoklaguna.sk\/sk\/wp-json\/wp\/v2\/media\/41936"}],"wp:attachment":[{"href":"https:\/\/nabytoklaguna.sk\/sk\/wp-json\/wp\/v2\/media?parent=30861"}],"wp:term":[{"taxonomy":"product_brand","embeddable":true,"href":"https:\/\/nabytoklaguna.sk\/sk\/wp-json\/wp\/v2\/product_brand?post=30861"},{"taxonomy":"product_cat","embeddable":true,"href":"https:\/\/nabytoklaguna.sk\/sk\/wp-json\/wp\/v2\/product_cat?post=30861"},{"taxonomy":"product_tag","embeddable":true,"href":"https:\/\/nabytoklaguna.sk\/sk\/wp-json\/wp\/v2\/product_tag?post=30861"}],"curies":[{"name":"wp","href":"https:\/\/api.w.org\/{rel}","templated":true}]}}