{"id":30884,"date":"2021-02-22T16:54:36","date_gmt":"2021-02-22T15:54:36","guid":{"rendered":"http:\/\/nabytoklaguna.sk\/sk\/?post_type=product&#038;p=30884"},"modified":"2025-09-25T10:24:47","modified_gmt":"2025-09-25T08:24:47","slug":"manila","status":"publish","type":"product","link":"https:\/\/nabytoklaguna.sk\/sk\/produkt\/manila\/","title":{"rendered":"K MANILA"},"content":{"rendered":"<p><b>Elegantn\u00e1<\/b> modern\u00e1 poste\u013e <b>MANILA NEW<\/b> prekvap\u00ed nielen jedine\u010dn\u00fdm vzh\u013eadom, ale aj <b>\u00falo\u017en\u00fdm priestorom <\/b>umiestnen\u00fdm pod <b>v\u00fdklopn\u00fdm ro\u0161tom a zabudovan\u00fdm RGB LED osvetlen\u00edm<\/b> harm\u00f3nie. Poste\u013e v kombin\u00e1cii\u00a0<b>bielej a \u010diernej ekoko\u017ee<\/b> p\u00f4sob\u00ed noblesne a z\u00fatuln\u00ed Va\u0161u sp\u00e1l\u0148u. V\u010faka <b>RGB LED osvetleniu\u00a0<\/b>si m\u00f4\u017eete vychutna\u0165\u00a0<b>\u010daro svetla<\/b> v \u013eubovo\u013enej farbe a vnesie do Va\u0161ej sp\u00e1lne prvky fototerapie. Osvetlenie v ur\u010dit\u00fdch \u010dasov\u00fdch intervaloch men\u00ed farby, ktor\u00e9 potom blahodarne vpl\u00fdvaj\u00fa na va\u0161e podvedomie.<\/p>\n<div class=\"text\">\n<ul>\n<li><b>Materi\u00e1l:<\/b>\u00a0ekoko\u017ea<\/li>\n<li><b>Farba:\u00a0<\/b>biela\/\u010dierna<\/li>\n<li><b>Rozmery (\u0160xHxV):<\/b> 182x226x83,5 cm, <b>Plocha na spanie (\u0160xD):<\/b>\u00a0163&#215;200 cm<\/li>\n<li><b>Rozmery (\u0160xHxV):<\/b> 202x226x83,5 cm, <b>Plocha na spanie (\u0160xD):<\/b> 183&#215;200 cm<\/li>\n<li><b>V\u00fd\u0161ka po ro\u0161t:<\/b>\u00a031 cm<\/li>\n<li><b>Nosnos\u0165:<\/b>\u00a0110 kg<\/li>\n<li>RGB LED osvetlenie<\/li>\n<li>\u00dalo\u017en\u00fd priestor<\/li>\n<li>V\u00fdklopn\u00fd lamelov\u00fd ro\u0161t ZDARMA<\/li>\n<li>Dod\u00e1van\u00e9 v demonte<\/li>\n<\/ul>\n<table border=\"0\" cellspacing=\"1\" cellpadding=\"1\">\n<tbody>\n<tr>\n<td style=\"width: 40.9987%;\"><\/td>\n<td style=\"width: 58.7385%;\"><\/td>\n<\/tr>\n<tr>\n<td style=\"width: 40.9987%;\"><\/td>\n<td style=\"width: 58.7385%;\"><\/td>\n<\/tr>\n<\/tbody>\n<\/table>\n<\/div>\n","protected":false},"excerpt":{"rendered":"<p>Elegantn\u00e1 modern\u00e1 poste\u013e MANILA NEW prekvap\u00ed nielen jedine\u010dn\u00fdm vzh\u013eadom, ale aj \u00falo\u017en\u00fdm priestorom umiestnen\u00fdm pod v\u00fdklopn\u00fdm ro\u0161tom a zabudovan\u00fdm RGB LED osvetlen\u00edm harm\u00f3nie. Poste\u013e v kombin\u00e1cii\u00a0bielej a \u010diernej ekoko\u017ee p\u00f4sob\u00ed noblesne a z\u00fatuln\u00ed Va\u0161u sp\u00e1l\u0148u. V\u010faka RGB LED osvetleniu\u00a0si m\u00f4\u017eete vychutna\u0165\u00a0\u010daro svetla v \u013eubovo\u013enej farbe a vnesie do Va\u0161ej sp\u00e1lne prvky fototerapie. Osvetlenie v ur\u010dit\u00fdch&#8230;<\/p>\n","protected":false},"featured_media":30885,"comment_status":"closed","ping_status":"closed","template":"","meta":{"_seopress_robots_primary_cat":"228","_seopress_titles_title":"","_seopress_titles_desc":"","_seopress_robots_index":""},"product_brand":[],"product_cat":[4012,228],"product_tag":[],"class_list":{"0":"post-30884","1":"product","2":"type-product","3":"status-publish","4":"has-post-thumbnail","6":"product_cat-postele","7":"product_cat-calunene-postele","8":"pa_typ-produktu-s-matracom-catania-eco","9":"pa_typ-produktu-s-matracom-kokos-medium","10":"pa_typ-produktu-s-rostom-bez-matraca-2","12":"first","13":"onbackorder","14":"shipping-taxable","15":"purchasable","16":"product-type-variable"},"_links":{"self":[{"href":"https:\/\/nabytoklaguna.sk\/sk\/wp-json\/wp\/v2\/product\/30884","targetHints":{"allow":["GET"]}}],"collection":[{"href":"https:\/\/nabytoklaguna.sk\/sk\/wp-json\/wp\/v2\/product"}],"about":[{"href":"https:\/\/nabytoklaguna.sk\/sk\/wp-json\/wp\/v2\/types\/product"}],"replies":[{"embeddable":true,"href":"https:\/\/nabytoklaguna.sk\/sk\/wp-json\/wp\/v2\/comments?post=30884"}],"wp:featuredmedia":[{"embeddable":true,"href":"https:\/\/nabytoklaguna.sk\/sk\/wp-json\/wp\/v2\/media\/30885"}],"wp:attachment":[{"href":"https:\/\/nabytoklaguna.sk\/sk\/wp-json\/wp\/v2\/media?parent=30884"}],"wp:term":[{"taxonomy":"product_brand","embeddable":true,"href":"https:\/\/nabytoklaguna.sk\/sk\/wp-json\/wp\/v2\/product_brand?post=30884"},{"taxonomy":"product_cat","embeddable":true,"href":"https:\/\/nabytoklaguna.sk\/sk\/wp-json\/wp\/v2\/product_cat?post=30884"},{"taxonomy":"product_tag","embeddable":true,"href":"https:\/\/nabytoklaguna.sk\/sk\/wp-json\/wp\/v2\/product_tag?post=30884"}],"curies":[{"name":"wp","href":"https:\/\/api.w.org\/{rel}","templated":true}]}}