{"id":30900,"date":"2021-02-22T16:54:36","date_gmt":"2021-02-22T15:54:36","guid":{"rendered":"http:\/\/nabytoklaguna.sk\/sk\/?post_type=product&#038;p=30900"},"modified":"2021-09-08T09:52:38","modified_gmt":"2021-09-08T07:52:38","slug":"tempo-kondela-bolton","status":"publish","type":"product","link":"https:\/\/nabytoklaguna.sk\/sk\/produkt\/tempo-kondela-bolton\/","title":{"rendered":"Tempo Kondela BOLTON"},"content":{"rendered":"<p>Celo\u010dal\u00fanen\u00fd no\u010dn\u00fd stol\u00edk BOLTON so \u0161upl\u00edkom a poli\u010dkou, v preveden\u00ed \u010dierna alebo biela ekoko\u017ea.<\/p>\n<p>Rozmery (\u0160xHxV): 47x44x37 cm<\/p>\n<p>Dod\u00e1van\u00e9 zmontovan\u00e9<\/p>\n","protected":false},"excerpt":{"rendered":"<p>Celo\u010dal\u00fanen\u00fd no\u010dn\u00fd stol\u00edk BOLTON so \u0161upl\u00edkom a poli\u010dkou, v preveden\u00ed \u010dierna alebo biela ekoko\u017ea. Rozmery (\u0160xHxV): 47x44x37 cm Dod\u00e1van\u00e9 zmontovan\u00e9<\/p>\n","protected":false},"featured_media":30901,"comment_status":"closed","ping_status":"closed","template":"","meta":{"_seopress_robots_primary_cat":"224","_seopress_titles_title":"","_seopress_titles_desc":"","_seopress_robots_index":""},"product_brand":[],"product_cat":[224],"product_tag":[],"class_list":{"0":"post-30900","1":"product","2":"type-product","3":"status-publish","4":"has-post-thumbnail","6":"product_cat-nocne-stoliky","7":"pa_farba-biela","8":"pa_farba-cierna-2","10":"first","11":"onbackorder","12":"shipping-taxable","13":"purchasable","14":"product-type-variable"},"_links":{"self":[{"href":"https:\/\/nabytoklaguna.sk\/sk\/wp-json\/wp\/v2\/product\/30900","targetHints":{"allow":["GET"]}}],"collection":[{"href":"https:\/\/nabytoklaguna.sk\/sk\/wp-json\/wp\/v2\/product"}],"about":[{"href":"https:\/\/nabytoklaguna.sk\/sk\/wp-json\/wp\/v2\/types\/product"}],"replies":[{"embeddable":true,"href":"https:\/\/nabytoklaguna.sk\/sk\/wp-json\/wp\/v2\/comments?post=30900"}],"wp:featuredmedia":[{"embeddable":true,"href":"https:\/\/nabytoklaguna.sk\/sk\/wp-json\/wp\/v2\/media\/30901"}],"wp:attachment":[{"href":"https:\/\/nabytoklaguna.sk\/sk\/wp-json\/wp\/v2\/media?parent=30900"}],"wp:term":[{"taxonomy":"product_brand","embeddable":true,"href":"https:\/\/nabytoklaguna.sk\/sk\/wp-json\/wp\/v2\/product_brand?post=30900"},{"taxonomy":"product_cat","embeddable":true,"href":"https:\/\/nabytoklaguna.sk\/sk\/wp-json\/wp\/v2\/product_cat?post=30900"},{"taxonomy":"product_tag","embeddable":true,"href":"https:\/\/nabytoklaguna.sk\/sk\/wp-json\/wp\/v2\/product_tag?post=30900"}],"curies":[{"name":"wp","href":"https:\/\/api.w.org\/{rel}","templated":true}]}}