{"id":30960,"date":"2021-02-22T16:54:36","date_gmt":"2021-02-22T15:54:36","guid":{"rendered":"http:\/\/nabytoklaguna.sk\/sk\/?post_type=product&#038;p=30960"},"modified":"2025-05-27T13:16:31","modified_gmt":"2025-05-27T11:16:31","slug":"tempo-kondela-magenta","status":"publish","type":"product","link":"https:\/\/nabytoklaguna.sk\/sk\/produkt\/tempo-kondela-magenta\/","title":{"rendered":"K MAGENTA"},"content":{"rendered":"<p>Jemn\u00e1 romantika! Aj tak by sa dala v skratke op\u00edsa\u0165 na\u0161a\u00a0<b>kovov\u00e1 poste\u013e<\/b>\u00a0s pr\u00edzna\u010dn\u00fdm menom\u00a0<b>MAGENTA<\/b>. Jej prepracovan\u00fd dizajn z\u00fatulni ka\u017ed\u00fa izbu. Elegantn\u00fa\u00a0<b>\u010diernu<\/b>\u00a0dop\u013a\u0148aj\u00fa\u00a0<b>dreven\u00e9 nohy vo farbe tmav\u00e9ho duba<\/b>. Kon\u0161trukcia z\u00a0<b>kvalitn\u00e9ho kovu<\/b>\u00a0zabezpe\u010d\u00ed\u00a0<b>vysok\u00fa stabilitu a dlh\u00fa \u017eivotnos\u0165<\/b>. Poste\u013e je dod\u00e1van\u00e1 s\u00a0<b>lamelov\u00fdm ro\u0161tom<\/b>. K posteli odpor\u00fa\u010dame zak\u00fapi\u0165 bonelov\u00fd matrac z na\u0161ej ponuky<\/p>\n<ul>\n<li><b>Materi\u00e1l:<\/b>\u00a0kov\/drevo<\/li>\n<li><b>Farba:<\/b>\u00a0\u010dierna\/tmav\u00fd dub<\/li>\n<li><b>Rozmery (\u0160xHxV):<\/b>\u00a0141x211x96 cm &#8211; plocha na spanie <b>:<\/b>\u00a0140&#215;200 cm alebo 91x211x96 cm &#8211; plocha na spanie 90&#215;200 cm<\/li>\n<li>Dod\u00e1van\u00e9 s lamelov\u00fdm ro\u0161tom ZDARMA<\/li>\n<li>Dod\u00e1van\u00e9 v demonte<\/li>\n<\/ul>\n<table border=\"0\" cellspacing=\"1\" cellpadding=\"1\">\n<tbody>\n<tr>\n<td style=\"width: 32.1945%;\"><\/td>\n<td style=\"width: 67.2799%;\"><\/td>\n<\/tr>\n<tr>\n<td style=\"width: 32.1945%;\"><img decoding=\"async\" src=\"https:\/\/nabytoklaguna.sk\/sk\/wp-content\/uploads\/2017\/11\/80x200-610x609.jpg\" \/><\/td>\n<td style=\"width: 67.2799%;\"><strong><u>Matrac BE KATARINA:<\/u><\/strong><\/p>\n<p><a href=\"https:\/\/nabytoklaguna.sk\/sk\/obchod\/spalne\/matrace\/tempo-kondela-katarina-10\/\">https:\/\/nabytoklaguna.sk\/sk\/obchod\/spalne\/matrace\/tempo-kondela-katarina-10\/<\/a><\/td>\n<\/tr>\n<\/tbody>\n<\/table>\n","protected":false},"excerpt":{"rendered":"<p>Jemn\u00e1 romantika! Aj tak by sa dala v skratke op\u00edsa\u0165 na\u0161a\u00a0kovov\u00e1 poste\u013e\u00a0s pr\u00edzna\u010dn\u00fdm menom\u00a0MAGENTA. Jej prepracovan\u00fd dizajn z\u00fatulni ka\u017ed\u00fa izbu. Elegantn\u00fa\u00a0\u010diernu\u00a0dop\u013a\u0148aj\u00fa\u00a0dreven\u00e9 nohy vo farbe tmav\u00e9ho duba. Kon\u0161trukcia z\u00a0kvalitn\u00e9ho kovu\u00a0zabezpe\u010d\u00ed\u00a0vysok\u00fa stabilitu a dlh\u00fa \u017eivotnos\u0165. Poste\u013e je dod\u00e1van\u00e1 s\u00a0lamelov\u00fdm ro\u0161tom. K posteli odpor\u00fa\u010dame zak\u00fapi\u0165 bonelov\u00fd matrac z na\u0161ej ponuky Materi\u00e1l:\u00a0kov\/drevo Farba:\u00a0\u010dierna\/tmav\u00fd dub Rozmery (\u0160xHxV):\u00a0141x211x96 cm &#8211; plocha&#8230;<\/p>\n","protected":false},"featured_media":30972,"comment_status":"closed","ping_status":"closed","template":"","meta":{"_seopress_robots_primary_cat":"618","_seopress_titles_title":"","_seopress_titles_desc":"","_seopress_robots_index":""},"product_brand":[],"product_cat":[618],"product_tag":[],"class_list":{"0":"post-30960","1":"product","2":"type-product","3":"status-publish","4":"has-post-thumbnail","6":"product_cat-kovove-postele","7":"pa_typ-produktu-s-matracom-be-katarina-10-new","8":"pa_typ-produktu-s-matracom-montana","9":"pa_typ-produktu-s-rostom-bez-matraca-2","11":"first","12":"instock","13":"shipping-taxable","14":"purchasable","15":"product-type-variable"},"_links":{"self":[{"href":"https:\/\/nabytoklaguna.sk\/sk\/wp-json\/wp\/v2\/product\/30960","targetHints":{"allow":["GET"]}}],"collection":[{"href":"https:\/\/nabytoklaguna.sk\/sk\/wp-json\/wp\/v2\/product"}],"about":[{"href":"https:\/\/nabytoklaguna.sk\/sk\/wp-json\/wp\/v2\/types\/product"}],"replies":[{"embeddable":true,"href":"https:\/\/nabytoklaguna.sk\/sk\/wp-json\/wp\/v2\/comments?post=30960"}],"wp:featuredmedia":[{"embeddable":true,"href":"https:\/\/nabytoklaguna.sk\/sk\/wp-json\/wp\/v2\/media\/30972"}],"wp:attachment":[{"href":"https:\/\/nabytoklaguna.sk\/sk\/wp-json\/wp\/v2\/media?parent=30960"}],"wp:term":[{"taxonomy":"product_brand","embeddable":true,"href":"https:\/\/nabytoklaguna.sk\/sk\/wp-json\/wp\/v2\/product_brand?post=30960"},{"taxonomy":"product_cat","embeddable":true,"href":"https:\/\/nabytoklaguna.sk\/sk\/wp-json\/wp\/v2\/product_cat?post=30960"},{"taxonomy":"product_tag","embeddable":true,"href":"https:\/\/nabytoklaguna.sk\/sk\/wp-json\/wp\/v2\/product_tag?post=30960"}],"curies":[{"name":"wp","href":"https:\/\/api.w.org\/{rel}","templated":true}]}}