{"id":31020,"date":"2021-02-22T16:54:36","date_gmt":"2021-02-22T15:54:36","guid":{"rendered":"http:\/\/nabytoklaguna.sk\/sk\/?post_type=product&#038;p=31020"},"modified":"2025-05-27T13:39:24","modified_gmt":"2025-05-27T11:39:24","slug":"k-dorado","status":"publish","type":"product","link":"https:\/\/nabytoklaguna.sk\/sk\/produkt\/k-dorado\/","title":{"rendered":"K DORADO"},"content":{"rendered":"<p><b>Matn\u00fa strieborn\u00fa<\/b> farbu bude jednoduch\u00e9 kombinova\u0165 s in\u00fdm predmetmi r\u00f4znej farby.\u00a0\u00a0<b>Pevn\u00fd kov<\/b>\u00a0dod\u00e1va posteli\u00a0<b>silu<\/b>\u00a0a\u00a0<b>stabilitu<\/b> na dennodenn\u00e9 pou\u017e\u00edvanie. \u010co sa rozmerov t\u00fdka, DORADO\u00a0 sa nebude hanbi\u0165 ani medzi t\u00fdmi <b>najv\u00e4\u010d\u0161\u00edmi<\/b>. Spolu s poste\u013eou v\u00e1m dod\u00e1me aj\u00a0<b>rolovan\u00fd ro\u0161t<\/b>.\u00a0 Odpor\u00fa\u010dame zak\u00fapi\u0165 matrac s rozmerom <a href=\"https:\/\/www.kondela.sk\/spalna-matrace-a-rosty-matrace\/?f-66-13=814\">160&#215;200<\/a> cm z na\u0161ej ponuky. Pon\u00fakame V\u00e1m kovov\u00fa poste\u013e DORADO s lamelov\u00fdm ro\u0161tom\u00a0 .Nedajte sa zahanbi\u0165 ani vy a doprajte si to spr\u00e1vne\u00a0<b>pohodln\u00e9 miesto<\/b>\u00a0pre v\u00e1s a va\u0161e sny.<\/p>\n<p>Vonkaj\u0161ie rozmery (\u0160xDxV): 167x211x100 cm, spanie 160&#215;200.<\/p>\n<p>Dod\u00e1van\u00e9 v demonte.<\/p>\n","protected":false},"excerpt":{"rendered":"<p>Matn\u00fa strieborn\u00fa farbu bude jednoduch\u00e9 kombinova\u0165 s in\u00fdm predmetmi r\u00f4znej farby.\u00a0\u00a0Pevn\u00fd kov\u00a0dod\u00e1va posteli\u00a0silu\u00a0a\u00a0stabilitu na dennodenn\u00e9 pou\u017e\u00edvanie. \u010co sa rozmerov t\u00fdka, DORADO\u00a0 sa nebude hanbi\u0165 ani medzi t\u00fdmi najv\u00e4\u010d\u0161\u00edmi. Spolu s poste\u013eou v\u00e1m dod\u00e1me aj\u00a0rolovan\u00fd ro\u0161t.\u00a0 Odpor\u00fa\u010dame zak\u00fapi\u0165 matrac s rozmerom 160&#215;200 cm z na\u0161ej ponuky. Pon\u00fakame V\u00e1m kovov\u00fa poste\u013e DORADO s lamelov\u00fdm ro\u0161tom\u00a0 .Nedajte sa&#8230;<\/p>\n","protected":false},"featured_media":31025,"comment_status":"closed","ping_status":"closed","template":"","meta":{"_seopress_robots_primary_cat":"618","_seopress_titles_title":"","_seopress_titles_desc":"","_seopress_robots_index":""},"product_brand":[],"product_cat":[4012,618],"product_tag":[],"class_list":{"0":"post-31020","1":"product","2":"type-product","3":"status-publish","4":"has-post-thumbnail","6":"product_cat-postele","7":"product_cat-kovove-postele","8":"pa_typ-produktu-s-matracmi-be-katarina-10-new-11","9":"pa_typ-produktu-s-matracmi-montana-11","10":"pa_typ-produktu-s-matracom-be-katarina-10-new","11":"pa_typ-produktu-s-matracom-montana","12":"pa_typ-produktu-s-rostom-bez-matraca-2","14":"first","15":"onbackorder","16":"shipping-taxable","17":"purchasable","18":"product-type-variable"},"_links":{"self":[{"href":"https:\/\/nabytoklaguna.sk\/sk\/wp-json\/wp\/v2\/product\/31020","targetHints":{"allow":["GET"]}}],"collection":[{"href":"https:\/\/nabytoklaguna.sk\/sk\/wp-json\/wp\/v2\/product"}],"about":[{"href":"https:\/\/nabytoklaguna.sk\/sk\/wp-json\/wp\/v2\/types\/product"}],"replies":[{"embeddable":true,"href":"https:\/\/nabytoklaguna.sk\/sk\/wp-json\/wp\/v2\/comments?post=31020"}],"wp:featuredmedia":[{"embeddable":true,"href":"https:\/\/nabytoklaguna.sk\/sk\/wp-json\/wp\/v2\/media\/31025"}],"wp:attachment":[{"href":"https:\/\/nabytoklaguna.sk\/sk\/wp-json\/wp\/v2\/media?parent=31020"}],"wp:term":[{"taxonomy":"product_brand","embeddable":true,"href":"https:\/\/nabytoklaguna.sk\/sk\/wp-json\/wp\/v2\/product_brand?post=31020"},{"taxonomy":"product_cat","embeddable":true,"href":"https:\/\/nabytoklaguna.sk\/sk\/wp-json\/wp\/v2\/product_cat?post=31020"},{"taxonomy":"product_tag","embeddable":true,"href":"https:\/\/nabytoklaguna.sk\/sk\/wp-json\/wp\/v2\/product_tag?post=31020"}],"curies":[{"name":"wp","href":"https:\/\/api.w.org\/{rel}","templated":true}]}}