{"id":31633,"date":"2021-02-22T16:54:36","date_gmt":"2021-02-22T15:54:36","guid":{"rendered":"http:\/\/nabytoklaguna.sk\/sk\/?post_type=product&#038;p=31633"},"modified":"2026-02-18T08:29:49","modified_gmt":"2026-02-18T07:29:49","slug":"tempo-kondela-alpia","status":"publish","type":"product","link":"https:\/\/nabytoklaguna.sk\/sk\/produkt\/tempo-kondela-alpia\/","title":{"rendered":"TK ALPIA"},"content":{"rendered":"<p>Taburet s dreven\u00fdmi nohami ALPIA, ktor\u00fd na dotyk pripom\u00edna pol\u00e1rneho medve\u010fa z\u00fatuln\u00ed ka\u017ed\u00fd domov.<\/p>\n<ul>\n<li><b>Materi\u00e1l:<\/b>\u00a0umel\u00e1 ko\u017eu\u0161ina\/borovicov\u00e9 drevo<\/li>\n<li><b>Farba:<\/b>\u00a0 \u010dierna, biela<\/li>\n<li><b>Rozmery (\u0160xHxV):<\/b>\u00a028x28x42 cm<\/li>\n<li><b>Nosnos\u0165:<\/b>\u00a080 kg<\/li>\n<li>Dod\u00e1van\u00e9 v demonte<\/li>\n<\/ul>\n","protected":false},"excerpt":{"rendered":"<p>Taburet s dreven\u00fdmi nohami ALPIA, ktor\u00fd na dotyk pripom\u00edna pol\u00e1rneho medve\u010fa z\u00fatuln\u00ed ka\u017ed\u00fd domov. Materi\u00e1l:\u00a0umel\u00e1 ko\u017eu\u0161ina\/borovicov\u00e9 drevo Farba:\u00a0 \u010dierna, biela Rozmery (\u0160xHxV):\u00a028x28x42 cm Nosnos\u0165:\u00a080 kg Dod\u00e1van\u00e9 v demonte<\/p>\n","protected":false},"featured_media":31635,"comment_status":"closed","ping_status":"closed","template":"","meta":{"_seopress_robots_primary_cat":"232","_seopress_titles_title":"","_seopress_titles_desc":"","_seopress_robots_index":""},"product_brand":[],"product_cat":[231,232],"product_tag":[],"class_list":{"0":"post-31633","1":"product","2":"type-product","3":"status-publish","4":"has-post-thumbnail","6":"product_cat-kresla","7":"product_cat-taburetky","8":"pa_farba-biela","9":"pa_farba-cierna","10":"pa_farba-siva","12":"first","13":"onbackorder","14":"shipping-taxable","15":"purchasable","16":"product-type-variable"},"_links":{"self":[{"href":"https:\/\/nabytoklaguna.sk\/sk\/wp-json\/wp\/v2\/product\/31633","targetHints":{"allow":["GET"]}}],"collection":[{"href":"https:\/\/nabytoklaguna.sk\/sk\/wp-json\/wp\/v2\/product"}],"about":[{"href":"https:\/\/nabytoklaguna.sk\/sk\/wp-json\/wp\/v2\/types\/product"}],"replies":[{"embeddable":true,"href":"https:\/\/nabytoklaguna.sk\/sk\/wp-json\/wp\/v2\/comments?post=31633"}],"wp:featuredmedia":[{"embeddable":true,"href":"https:\/\/nabytoklaguna.sk\/sk\/wp-json\/wp\/v2\/media\/31635"}],"wp:attachment":[{"href":"https:\/\/nabytoklaguna.sk\/sk\/wp-json\/wp\/v2\/media?parent=31633"}],"wp:term":[{"taxonomy":"product_brand","embeddable":true,"href":"https:\/\/nabytoklaguna.sk\/sk\/wp-json\/wp\/v2\/product_brand?post=31633"},{"taxonomy":"product_cat","embeddable":true,"href":"https:\/\/nabytoklaguna.sk\/sk\/wp-json\/wp\/v2\/product_cat?post=31633"},{"taxonomy":"product_tag","embeddable":true,"href":"https:\/\/nabytoklaguna.sk\/sk\/wp-json\/wp\/v2\/product_tag?post=31633"}],"curies":[{"name":"wp","href":"https:\/\/api.w.org\/{rel}","templated":true}]}}