{"id":31697,"date":"2021-02-22T16:54:36","date_gmt":"2021-02-22T15:54:36","guid":{"rendered":"http:\/\/nabytoklaguna.sk\/sk\/?post_type=product&#038;p=31697"},"modified":"2026-02-18T08:29:49","modified_gmt":"2026-02-18T07:29:49","slug":"tempo-kondela-orelia","status":"publish","type":"product","link":"https:\/\/nabytoklaguna.sk\/sk\/produkt\/tempo-kondela-orelia\/","title":{"rendered":"TK ORELIA"},"content":{"rendered":"<p>Skladac\u00ed taburet s \u00falo\u017en\u00fdm priestorom ORELIA<\/p>\n<p>Farba: siv\u00e1, hned\u00e1, b\u00e9\u017eov\u00e1<\/p>\n<p>Rozmery (\u0160xHxV): 76x38x38 cm<\/p>\n<p>&nbsp;<\/p>\n","protected":false},"excerpt":{"rendered":"<p>Skladac\u00ed taburet s \u00falo\u017en\u00fdm priestorom ORELIA Farba: siv\u00e1, hned\u00e1, b\u00e9\u017eov\u00e1 Rozmery (\u0160xHxV): 76x38x38 cm &nbsp;<\/p>\n","protected":false},"featured_media":31698,"comment_status":"closed","ping_status":"closed","template":"","meta":{"_seopress_robots_primary_cat":"232","_seopress_titles_title":"","_seopress_titles_desc":"","_seopress_robots_index":""},"product_brand":[],"product_cat":[231,232],"product_tag":[],"class_list":{"0":"post-31697","1":"product","2":"type-product","3":"status-publish","4":"has-post-thumbnail","6":"product_cat-kresla","7":"product_cat-taburetky","8":"pa_farba-bezova","9":"pa_farba-hneda","10":"pa_farba-siva","12":"first","13":"onbackorder","14":"shipping-taxable","15":"purchasable","16":"product-type-variable"},"_links":{"self":[{"href":"https:\/\/nabytoklaguna.sk\/sk\/wp-json\/wp\/v2\/product\/31697","targetHints":{"allow":["GET"]}}],"collection":[{"href":"https:\/\/nabytoklaguna.sk\/sk\/wp-json\/wp\/v2\/product"}],"about":[{"href":"https:\/\/nabytoklaguna.sk\/sk\/wp-json\/wp\/v2\/types\/product"}],"replies":[{"embeddable":true,"href":"https:\/\/nabytoklaguna.sk\/sk\/wp-json\/wp\/v2\/comments?post=31697"}],"wp:featuredmedia":[{"embeddable":true,"href":"https:\/\/nabytoklaguna.sk\/sk\/wp-json\/wp\/v2\/media\/31698"}],"wp:attachment":[{"href":"https:\/\/nabytoklaguna.sk\/sk\/wp-json\/wp\/v2\/media?parent=31697"}],"wp:term":[{"taxonomy":"product_brand","embeddable":true,"href":"https:\/\/nabytoklaguna.sk\/sk\/wp-json\/wp\/v2\/product_brand?post=31697"},{"taxonomy":"product_cat","embeddable":true,"href":"https:\/\/nabytoklaguna.sk\/sk\/wp-json\/wp\/v2\/product_cat?post=31697"},{"taxonomy":"product_tag","embeddable":true,"href":"https:\/\/nabytoklaguna.sk\/sk\/wp-json\/wp\/v2\/product_tag?post=31697"}],"curies":[{"name":"wp","href":"https:\/\/api.w.org\/{rel}","templated":true}]}}