{"id":31831,"date":"2021-02-22T16:54:36","date_gmt":"2021-02-22T15:54:36","guid":{"rendered":"http:\/\/nabytoklaguna.sk\/sk\/?post_type=product&#038;p=31831"},"modified":"2026-01-13T13:50:25","modified_gmt":"2026-01-13T12:50:25","slug":"k-kala-stolik","status":"publish","type":"product","link":"https:\/\/nabytoklaguna.sk\/sk\/produkt\/k-kala-stolik\/","title":{"rendered":"K KALA"},"content":{"rendered":"<p>Elegantn\u00fd \u0161t\u00fdlov\u00fd pr\u00edru\u010dn\u00fd stol\u00edk KALA s kovov\u00fdmi nohami sa skvele hod\u00ed\u00a0 do Va\u0161ej dom\u00e1cnosti.\u00a0 Materi\u00e1l: MDF+kov. Farebn\u00e9 prevedenie: efekt dub+\u010dierne kovov\u00e9 nohy, biela<\/p>\n<ul>\n<li><b>Materi\u00e1l:<\/b>\u00a0DTD f\u00f3liovan\u00e1\/kov<\/li>\n<li><b>Farba:<\/b>\u00a0dub\/\u010dierna, biela<\/li>\n<li><b>Rozmery (\u0160xHxV):<\/b>\u00a040x40x61cm<\/li>\n<li>Dod\u00e1van\u00e9 v demonte<\/li>\n<\/ul>\n","protected":false},"excerpt":{"rendered":"<p>Elegantn\u00fd \u0161t\u00fdlov\u00fd pr\u00edru\u010dn\u00fd stol\u00edk KALA s kovov\u00fdmi nohami sa skvele hod\u00ed\u00a0 do Va\u0161ej dom\u00e1cnosti.\u00a0 Materi\u00e1l: MDF+kov. Farebn\u00e9 prevedenie: efekt dub+\u010dierne kovov\u00e9 nohy, biela Materi\u00e1l:\u00a0DTD f\u00f3liovan\u00e1\/kov Farba:\u00a0dub\/\u010dierna, biela Rozmery (\u0160xHxV):\u00a040x40x61cm Dod\u00e1van\u00e9 v demonte<\/p>\n","protected":false},"featured_media":31833,"comment_status":"closed","ping_status":"closed","template":"","meta":{"_seopress_robots_primary_cat":"221","_seopress_titles_title":"","_seopress_titles_desc":"","_seopress_robots_index":""},"product_brand":[],"product_cat":[221],"product_tag":[],"class_list":{"0":"post-31831","1":"product","2":"type-product","3":"status-publish","4":"has-post-thumbnail","6":"product_cat-konferencne-stoliky","7":"pa_farba-biela","8":"pa_farba-cierna-2","10":"first","11":"onbackorder","12":"shipping-taxable","13":"purchasable","14":"product-type-variable"},"_links":{"self":[{"href":"https:\/\/nabytoklaguna.sk\/sk\/wp-json\/wp\/v2\/product\/31831","targetHints":{"allow":["GET"]}}],"collection":[{"href":"https:\/\/nabytoklaguna.sk\/sk\/wp-json\/wp\/v2\/product"}],"about":[{"href":"https:\/\/nabytoklaguna.sk\/sk\/wp-json\/wp\/v2\/types\/product"}],"replies":[{"embeddable":true,"href":"https:\/\/nabytoklaguna.sk\/sk\/wp-json\/wp\/v2\/comments?post=31831"}],"wp:featuredmedia":[{"embeddable":true,"href":"https:\/\/nabytoklaguna.sk\/sk\/wp-json\/wp\/v2\/media\/31833"}],"wp:attachment":[{"href":"https:\/\/nabytoklaguna.sk\/sk\/wp-json\/wp\/v2\/media?parent=31831"}],"wp:term":[{"taxonomy":"product_brand","embeddable":true,"href":"https:\/\/nabytoklaguna.sk\/sk\/wp-json\/wp\/v2\/product_brand?post=31831"},{"taxonomy":"product_cat","embeddable":true,"href":"https:\/\/nabytoklaguna.sk\/sk\/wp-json\/wp\/v2\/product_cat?post=31831"},{"taxonomy":"product_tag","embeddable":true,"href":"https:\/\/nabytoklaguna.sk\/sk\/wp-json\/wp\/v2\/product_tag?post=31831"}],"curies":[{"name":"wp","href":"https:\/\/api.w.org\/{rel}","templated":true}]}}