{"id":31849,"date":"2021-02-22T16:54:36","date_gmt":"2021-02-22T15:54:36","guid":{"rendered":"http:\/\/nabytoklaguna.sk\/sk\/?post_type=product&#038;p=31849"},"modified":"2026-02-18T08:29:49","modified_gmt":"2026-02-18T07:29:49","slug":"tepo-kondela-gobi","status":"publish","type":"product","link":"https:\/\/nabytoklaguna.sk\/sk\/produkt\/tepo-kondela-gobi\/","title":{"rendered":"TK GOBI"},"content":{"rendered":"<p>\u0160t\u00fdlov\u00fd taburet v modernom dizajne.<\/p>\n<p>Materi\u00e1l a prevedenie: bavlna, polystyrenov\u00e1 v\u00fdpl\u0148,<\/p>\n<p>Farebn\u00e9 prevedenia v ponuke<\/p>\n<p>Rozmery: typ 1:\u0160xHxV: 50x50x40 cm.<\/p>\n<p>Rozmery: typ 2:\u0160xHxV: 50x50x35 cm.<\/p>\n","protected":false},"excerpt":{"rendered":"<p>\u0160t\u00fdlov\u00fd taburet v modernom dizajne. Materi\u00e1l a prevedenie: bavlna, polystyrenov\u00e1 v\u00fdpl\u0148, Farebn\u00e9 prevedenia v ponuke Rozmery: typ 1:\u0160xHxV: 50x50x40 cm. Rozmery: typ 2:\u0160xHxV: 50x50x35 cm.<\/p>\n","protected":false},"featured_media":31889,"comment_status":"closed","ping_status":"closed","template":"","meta":{"_seopress_robots_primary_cat":"232","_seopress_titles_title":"","_seopress_titles_desc":"","_seopress_robots_index":""},"product_brand":[],"product_cat":[231,232],"product_tag":[],"class_list":{"0":"post-31849","1":"product","2":"type-product","3":"status-publish","4":"has-post-thumbnail","6":"product_cat-kresla","7":"product_cat-taburetky","8":"pa_farba-cierna-2","9":"pa_farba-fialova","10":"pa_farba-hnedosiva","11":"pa_farba-horcicova","12":"pa_farba-kremova","13":"pa_farba-mentolova","14":"pa_farba-petrolejova","15":"pa_farba-pudrova-ruzova","16":"pa_farba-siva","17":"pa_farba-smotanova","18":"pa_farba-svetlozelena","19":"pa_typ-produktu-typ-1","20":"pa_typ-produktu-typ-2","22":"first","23":"onbackorder","24":"shipping-taxable","25":"purchasable","26":"product-type-variable"},"_links":{"self":[{"href":"https:\/\/nabytoklaguna.sk\/sk\/wp-json\/wp\/v2\/product\/31849","targetHints":{"allow":["GET"]}}],"collection":[{"href":"https:\/\/nabytoklaguna.sk\/sk\/wp-json\/wp\/v2\/product"}],"about":[{"href":"https:\/\/nabytoklaguna.sk\/sk\/wp-json\/wp\/v2\/types\/product"}],"replies":[{"embeddable":true,"href":"https:\/\/nabytoklaguna.sk\/sk\/wp-json\/wp\/v2\/comments?post=31849"}],"wp:featuredmedia":[{"embeddable":true,"href":"https:\/\/nabytoklaguna.sk\/sk\/wp-json\/wp\/v2\/media\/31889"}],"wp:attachment":[{"href":"https:\/\/nabytoklaguna.sk\/sk\/wp-json\/wp\/v2\/media?parent=31849"}],"wp:term":[{"taxonomy":"product_brand","embeddable":true,"href":"https:\/\/nabytoklaguna.sk\/sk\/wp-json\/wp\/v2\/product_brand?post=31849"},{"taxonomy":"product_cat","embeddable":true,"href":"https:\/\/nabytoklaguna.sk\/sk\/wp-json\/wp\/v2\/product_cat?post=31849"},{"taxonomy":"product_tag","embeddable":true,"href":"https:\/\/nabytoklaguna.sk\/sk\/wp-json\/wp\/v2\/product_tag?post=31849"}],"curies":[{"name":"wp","href":"https:\/\/api.w.org\/{rel}","templated":true}]}}