{"id":31893,"date":"2021-02-22T16:54:36","date_gmt":"2021-02-22T15:54:36","guid":{"rendered":"http:\/\/nabytoklaguna.sk\/sk\/?post_type=product&#038;p=31893"},"modified":"2026-02-18T10:06:00","modified_gmt":"2026-02-18T09:06:00","slug":"k-dorisa-konferencny-stolik","status":"publish","type":"product","link":"https:\/\/nabytoklaguna.sk\/sk\/produkt\/k-dorisa-konferencny-stolik\/","title":{"rendered":"K DORISA"},"content":{"rendered":"<p>Konferen\u010dn\u00fd stol\u00edk DORISA sa p\u00fd\u0161i modern\u00fdm vzh\u013eadom a mno\u017estvom odkladacieho priestoru. Kon\u0161trukcia z laminovanej DTD je podporen\u00e1 plastov\u00fdm st\u013apikom. Stol\u00edk je na no\u017ei\u010dk\u00e1ch, ktor\u00e9 zaru\u010duj\u00fa jednoduch\u00fa manipul\u00e1ciu. Mo\u017enos\u0165 objedna\u0165 v 6 farebn\u00fdch prevedeniach.<\/p>\n<p>Rozmery: 110x60x45cm<\/p>\n","protected":false},"excerpt":{"rendered":"<p>Konferen\u010dn\u00fd stol\u00edk DORISA sa p\u00fd\u0161i modern\u00fdm vzh\u013eadom a mno\u017estvom odkladacieho priestoru. Kon\u0161trukcia z laminovanej DTD je podporen\u00e1 plastov\u00fdm st\u013apikom. Stol\u00edk je na no\u017ei\u010dk\u00e1ch, ktor\u00e9 zaru\u010duj\u00fa jednoduch\u00fa manipul\u00e1ciu. Mo\u017enos\u0165 objedna\u0165 v 6 farebn\u00fdch prevedeniach. Rozmery: 110x60x45cm<\/p>\n","protected":false},"featured_media":31895,"comment_status":"closed","ping_status":"closed","template":"","meta":{"_seopress_robots_primary_cat":"221","_seopress_titles_title":"","_seopress_titles_desc":"","_seopress_robots_index":""},"product_brand":[],"product_cat":[221],"product_tag":[],"class_list":{"0":"post-31893","1":"product","2":"type-product","3":"status-publish","4":"has-post-thumbnail","6":"product_cat-konferencne-stoliky","8":"first","9":"onbackorder","10":"shipping-taxable","11":"purchasable","12":"product-type-variable"},"_links":{"self":[{"href":"https:\/\/nabytoklaguna.sk\/sk\/wp-json\/wp\/v2\/product\/31893","targetHints":{"allow":["GET"]}}],"collection":[{"href":"https:\/\/nabytoklaguna.sk\/sk\/wp-json\/wp\/v2\/product"}],"about":[{"href":"https:\/\/nabytoklaguna.sk\/sk\/wp-json\/wp\/v2\/types\/product"}],"replies":[{"embeddable":true,"href":"https:\/\/nabytoklaguna.sk\/sk\/wp-json\/wp\/v2\/comments?post=31893"}],"wp:featuredmedia":[{"embeddable":true,"href":"https:\/\/nabytoklaguna.sk\/sk\/wp-json\/wp\/v2\/media\/31895"}],"wp:attachment":[{"href":"https:\/\/nabytoklaguna.sk\/sk\/wp-json\/wp\/v2\/media?parent=31893"}],"wp:term":[{"taxonomy":"product_brand","embeddable":true,"href":"https:\/\/nabytoklaguna.sk\/sk\/wp-json\/wp\/v2\/product_brand?post=31893"},{"taxonomy":"product_cat","embeddable":true,"href":"https:\/\/nabytoklaguna.sk\/sk\/wp-json\/wp\/v2\/product_cat?post=31893"},{"taxonomy":"product_tag","embeddable":true,"href":"https:\/\/nabytoklaguna.sk\/sk\/wp-json\/wp\/v2\/product_tag?post=31893"}],"curies":[{"name":"wp","href":"https:\/\/api.w.org\/{rel}","templated":true}]}}