{"id":31954,"date":"2021-02-22T16:54:36","date_gmt":"2021-02-22T15:54:36","guid":{"rendered":"http:\/\/nabytoklaguna.sk\/sk\/?post_type=product&#038;p=31954"},"modified":"2025-02-24T11:04:53","modified_gmt":"2025-02-24T10:04:53","slug":"tempo-kondela-charlot","status":"publish","type":"product","link":"https:\/\/nabytoklaguna.sk\/sk\/produkt\/tempo-kondela-charlot\/","title":{"rendered":"K CHARLOT"},"content":{"rendered":"<p>Relaxujte v n\u00e1ru\u010di komfortn\u00e9ho kresla\u00a0<b>CHARLOT<\/b>. Posa\u010fte sa, oprite si hlavu a zapo\u010d\u00favajte sa do relaxa\u010dnej hudby, alebo si vychutnajte ob\u013e\u00faben\u00fd film. Tento\u00a0<b>dizajnov\u00fd u\u0161iak<\/b>\u00a0sa stane v\u00fdborn\u00fdm doplnkom do va\u0161ej dom\u00e1cnosti.\u00a0<b>Opierka chrbta<\/b>\u00a0je\u00a0<b>vysok\u00e1 a\u017e 70 cm a tvarovan\u00e1<\/b>, a tak pom\u00e1ha pred\u00eds\u0165 bolestiam chrbtice a krku.\u00a0<b>Mohutn\u00e9 opierky r\u00fak<\/b>\u00a0poskytn\u00fa relax va\u0161im ruk\u00e1m. U\u017e\u00edvajte si\u00a0<b>ve\u013emi pr\u00edjemn\u00e9 a pohodln\u00e9 sedenie<\/b>. Jadro je tvoren\u00e9\u00a0<b>PUR penou<\/b>, ktor\u00e1 vynik\u00e1 v\u00fdborn\u00fdmi vlastnos\u0165ami. Na za\u010diatku je tuh\u0161ia, no pou\u017e\u00edvan\u00edm sa st\u00e1va komfortnej\u0161ia bez toho, aby str\u00e1cala na objeme. Kreslo CHARLOT pon\u00fakame\u00a0<b>v hnedej l\u00e1tke Alova<\/b>. Stabilita kresla je zabezpe\u010den\u00e1 v\u010faka\u00a0<b>dreven\u00fdm no\u017ei\u010dk\u00e1m<\/b>\u00a0vo farebnom preveden\u00ed\u00a0<b>buk<\/b>.<\/p>\n<p>Rozmery (\u0160xHxV): 86x72x105 cm\u00a0 \u00a0V\u00fd\u0161ka sedu: 42 cm\u00a0 \u00a0H\u013abka sedu: 48 cm<\/p>\n","protected":false},"excerpt":{"rendered":"<p>Relaxujte v n\u00e1ru\u010di komfortn\u00e9ho kresla\u00a0CHARLOT. Posa\u010fte sa, oprite si hlavu a zapo\u010d\u00favajte sa do relaxa\u010dnej hudby, alebo si vychutnajte ob\u013e\u00faben\u00fd film. Tento\u00a0dizajnov\u00fd u\u0161iak\u00a0sa stane v\u00fdborn\u00fdm doplnkom do va\u0161ej dom\u00e1cnosti.\u00a0Opierka chrbta\u00a0je\u00a0vysok\u00e1 a\u017e 70 cm a tvarovan\u00e1, a tak pom\u00e1ha pred\u00eds\u0165 bolestiam chrbtice a krku.\u00a0Mohutn\u00e9 opierky r\u00fak\u00a0poskytn\u00fa relax va\u0161im ruk\u00e1m. U\u017e\u00edvajte si\u00a0ve\u013emi pr\u00edjemn\u00e9 a pohodln\u00e9 sedenie. Jadro&#8230;<\/p>\n","protected":false},"featured_media":31985,"comment_status":"closed","ping_status":"closed","template":"","meta":{"_seopress_robots_primary_cat":"140","_seopress_titles_title":"","_seopress_titles_desc":"","_seopress_robots_index":""},"product_brand":[],"product_cat":[140,231],"product_tag":[],"class_list":{"0":"post-31954","1":"product","2":"type-product","3":"status-publish","4":"has-post-thumbnail","6":"product_cat-sedacie-supravy","7":"product_cat-kresla","9":"first","10":"onbackorder","11":"shipping-taxable","12":"purchasable","13":"product-type-variable"},"_links":{"self":[{"href":"https:\/\/nabytoklaguna.sk\/sk\/wp-json\/wp\/v2\/product\/31954","targetHints":{"allow":["GET"]}}],"collection":[{"href":"https:\/\/nabytoklaguna.sk\/sk\/wp-json\/wp\/v2\/product"}],"about":[{"href":"https:\/\/nabytoklaguna.sk\/sk\/wp-json\/wp\/v2\/types\/product"}],"replies":[{"embeddable":true,"href":"https:\/\/nabytoklaguna.sk\/sk\/wp-json\/wp\/v2\/comments?post=31954"}],"wp:featuredmedia":[{"embeddable":true,"href":"https:\/\/nabytoklaguna.sk\/sk\/wp-json\/wp\/v2\/media\/31985"}],"wp:attachment":[{"href":"https:\/\/nabytoklaguna.sk\/sk\/wp-json\/wp\/v2\/media?parent=31954"}],"wp:term":[{"taxonomy":"product_brand","embeddable":true,"href":"https:\/\/nabytoklaguna.sk\/sk\/wp-json\/wp\/v2\/product_brand?post=31954"},{"taxonomy":"product_cat","embeddable":true,"href":"https:\/\/nabytoklaguna.sk\/sk\/wp-json\/wp\/v2\/product_cat?post=31954"},{"taxonomy":"product_tag","embeddable":true,"href":"https:\/\/nabytoklaguna.sk\/sk\/wp-json\/wp\/v2\/product_tag?post=31954"}],"curies":[{"name":"wp","href":"https:\/\/api.w.org\/{rel}","templated":true}]}}