{"id":32098,"date":"2021-02-22T16:54:36","date_gmt":"2021-02-22T15:54:36","guid":{"rendered":"http:\/\/nabytoklaguna.sk\/sk\/?post_type=product&#038;p=32098"},"modified":"2026-01-08T10:53:19","modified_gmt":"2026-01-08T09:53:19","slug":"k-abbas","status":"publish","type":"product","link":"https:\/\/nabytoklaguna.sk\/sk\/produkt\/k-abbas\/","title":{"rendered":"K ABBAS"},"content":{"rendered":"<p>Pr\u00edru\u010dn\u00fd stol\u00edk ABBAS, ktor\u00fd je \u0161t\u00fdlov\u00fd a je na kolieskach. Hod\u00ed sa do ob\u00fdva\u010dky, sp\u00e1lni \u010di detskej izby.<\/p>\n<p>Materi\u00e1l: DTD laminovan\u00e1<\/p>\n<p>Prevedenie: drevo borovica<\/p>\n<p>Rozmery (\u0160xHxV): 50x40x24 cm.<\/p>\n<p>Dod\u00e1van\u00e9 v demonte.<\/p>\n","protected":false},"excerpt":{"rendered":"<p>Pr\u00edru\u010dn\u00fd stol\u00edk ABBAS, ktor\u00fd je \u0161t\u00fdlov\u00fd a je na kolieskach. Hod\u00ed sa do ob\u00fdva\u010dky, sp\u00e1lni \u010di detskej izby. Materi\u00e1l: DTD laminovan\u00e1 Prevedenie: drevo borovica Rozmery (\u0160xHxV): 50x40x24 cm. Dod\u00e1van\u00e9 v demonte.<\/p>\n","protected":false},"featured_media":66904,"comment_status":"closed","ping_status":"closed","template":"","meta":{"_seopress_robots_primary_cat":"221","_seopress_titles_title":"","_seopress_titles_desc":"","_seopress_robots_index":""},"product_brand":[],"product_cat":[221],"product_tag":[],"class_list":{"0":"post-32098","1":"product","2":"type-product","3":"status-publish","4":"has-post-thumbnail","6":"product_cat-konferencne-stoliky","7":"pa_farba-biela","8":"pa_farba-borovica","9":"pa_farba-cierna-2","11":"first","12":"onbackorder","13":"shipping-taxable","14":"purchasable","15":"product-type-variable"},"_links":{"self":[{"href":"https:\/\/nabytoklaguna.sk\/sk\/wp-json\/wp\/v2\/product\/32098","targetHints":{"allow":["GET"]}}],"collection":[{"href":"https:\/\/nabytoklaguna.sk\/sk\/wp-json\/wp\/v2\/product"}],"about":[{"href":"https:\/\/nabytoklaguna.sk\/sk\/wp-json\/wp\/v2\/types\/product"}],"replies":[{"embeddable":true,"href":"https:\/\/nabytoklaguna.sk\/sk\/wp-json\/wp\/v2\/comments?post=32098"}],"wp:featuredmedia":[{"embeddable":true,"href":"https:\/\/nabytoklaguna.sk\/sk\/wp-json\/wp\/v2\/media\/66904"}],"wp:attachment":[{"href":"https:\/\/nabytoklaguna.sk\/sk\/wp-json\/wp\/v2\/media?parent=32098"}],"wp:term":[{"taxonomy":"product_brand","embeddable":true,"href":"https:\/\/nabytoklaguna.sk\/sk\/wp-json\/wp\/v2\/product_brand?post=32098"},{"taxonomy":"product_cat","embeddable":true,"href":"https:\/\/nabytoklaguna.sk\/sk\/wp-json\/wp\/v2\/product_cat?post=32098"},{"taxonomy":"product_tag","embeddable":true,"href":"https:\/\/nabytoklaguna.sk\/sk\/wp-json\/wp\/v2\/product_tag?post=32098"}],"curies":[{"name":"wp","href":"https:\/\/api.w.org\/{rel}","templated":true}]}}