{"id":33228,"date":"2021-03-21T12:53:18","date_gmt":"2021-03-21T11:53:18","guid":{"rendered":"http:\/\/nabytoklaguna.sk\/sk\/?post_type=product&#038;p=33228"},"modified":"2025-10-29T11:39:53","modified_gmt":"2025-10-29T10:39:53","slug":"k-ayla","status":"publish","type":"product","link":"https:\/\/nabytoklaguna.sk\/sk\/produkt\/k-ayla\/","title":{"rendered":"K AYLA"},"content":{"rendered":"<p>Kancel\u00e1rske kreslo AYLA Materi\u00e1l: ekoko\u017ea\/plast<\/p>\n<p>Spodn\u00e1 ru\u017eica a opierky na ruky z plastu<\/p>\n<ul>\n<li><b>Materi\u00e1l:<\/b>\u00a0ekoko\u017ea\/plast<\/li>\n<li><b>Farba:<\/b> \u010dierna<\/li>\n<li><b>Rozmery (\u0160xHxV):<\/b>55x50x85-97 cm<\/li>\n<li><b>V\u00fd\u0161ka sedu:\u00a0<\/b>36,5 cm<\/li>\n<li><b>H\u013abka sedu:\u00a0<\/b>41 cm<\/li>\n<li><b>Nosnos\u0165:<\/b>\u00a080 kg<\/li>\n<li>Funkcia nastavenia v\u00fd\u0161ky sedu<\/li>\n<li>Dod\u00e1van\u00e9 v demonte<\/li>\n<\/ul>\n","protected":false},"excerpt":{"rendered":"<p>Kancel\u00e1rske kreslo AYLA Materi\u00e1l: ekoko\u017ea\/plast Spodn\u00e1 ru\u017eica a opierky na ruky z plastu Materi\u00e1l:\u00a0ekoko\u017ea\/plast Farba: \u010dierna Rozmery (\u0160xHxV):55x50x85-97 cm V\u00fd\u0161ka sedu:\u00a036,5 cm H\u013abka sedu:\u00a041 cm Nosnos\u0165:\u00a080 kg Funkcia nastavenia v\u00fd\u0161ky sedu Dod\u00e1van\u00e9 v demonte<\/p>\n","protected":false},"featured_media":33231,"comment_status":"closed","ping_status":"closed","template":"","meta":{"_seopress_robots_primary_cat":"242","_seopress_titles_title":"","_seopress_titles_desc":"","_seopress_robots_index":""},"product_brand":[],"product_cat":[242],"product_tag":[],"class_list":{"0":"post-33228","1":"product","2":"type-product","3":"status-publish","4":"has-post-thumbnail","6":"product_cat-kancelarske-stolicky","7":"pa_farba-cierna-2","8":"pa_farba-hneda","10":"first","11":"onbackorder","12":"shipping-taxable","13":"purchasable","14":"product-type-variable"},"_links":{"self":[{"href":"https:\/\/nabytoklaguna.sk\/sk\/wp-json\/wp\/v2\/product\/33228","targetHints":{"allow":["GET"]}}],"collection":[{"href":"https:\/\/nabytoklaguna.sk\/sk\/wp-json\/wp\/v2\/product"}],"about":[{"href":"https:\/\/nabytoklaguna.sk\/sk\/wp-json\/wp\/v2\/types\/product"}],"replies":[{"embeddable":true,"href":"https:\/\/nabytoklaguna.sk\/sk\/wp-json\/wp\/v2\/comments?post=33228"}],"wp:featuredmedia":[{"embeddable":true,"href":"https:\/\/nabytoklaguna.sk\/sk\/wp-json\/wp\/v2\/media\/33231"}],"wp:attachment":[{"href":"https:\/\/nabytoklaguna.sk\/sk\/wp-json\/wp\/v2\/media?parent=33228"}],"wp:term":[{"taxonomy":"product_brand","embeddable":true,"href":"https:\/\/nabytoklaguna.sk\/sk\/wp-json\/wp\/v2\/product_brand?post=33228"},{"taxonomy":"product_cat","embeddable":true,"href":"https:\/\/nabytoklaguna.sk\/sk\/wp-json\/wp\/v2\/product_cat?post=33228"},{"taxonomy":"product_tag","embeddable":true,"href":"https:\/\/nabytoklaguna.sk\/sk\/wp-json\/wp\/v2\/product_tag?post=33228"}],"curies":[{"name":"wp","href":"https:\/\/api.w.org\/{rel}","templated":true}]}}