{"id":33389,"date":"2021-03-21T12:53:18","date_gmt":"2021-03-21T11:53:18","guid":{"rendered":"http:\/\/nabytoklaguna.sk\/sk\/?post_type=product&#038;p=33389"},"modified":"2025-10-30T10:10:00","modified_gmt":"2025-10-30T09:10:00","slug":"k-azure-new","status":"publish","type":"product","link":"https:\/\/nabytoklaguna.sk\/sk\/produkt\/k-azure-new\/","title":{"rendered":"K AZURE NEW"},"content":{"rendered":"<p>Modern\u00e1 kancel\u00e1rska stoli\u010dka<strong> AZURE NEW<\/strong> s \u010dal\u00fanen\u00fdmi opierkami na ruky a pogumovan\u00fdmi kolieskami ladne zapadne do ka\u017edej pracovne, kancel\u00e1rie, ale aj \u0161tudentskej izby. Pogumovan\u00e9 kolieska s\u00fa vhodn\u00e9 na pl\u00e1vaj\u00facu aj na dreven\u00fa podlahu. Kvalitn\u00e1 ekoko\u017ea p\u00f4sob\u00ed osvie\u017euj\u00faco. Jednoduch\u00fd mechanizmus pod sedadlom zabezpe\u010d\u00ed, \u017ee si stoli\u010dku nastav\u00edte na vami potrebn\u00fa v\u00fd\u0161ku. Pochr\u00f3movan\u00e1 podstava dod\u00e1va kreslu patri\u010dn\u00fa eleganciu.<\/p>\n<p>Materi\u00e1l: ekoko\u017ea\/chr\u00f3m<br \/>\nFarba:\u00a0 \u010dierna a biela<br \/>\nRozmery (\u0160xHxV): 54.5x63x106-114 cm<br \/>\nNastavite\u013en\u00e1 v\u00fd\u0161ka sedu: 46-53 cm<br \/>\nNosnos\u0165: 110 kg<br \/>\nPogumovan\u00e9 kolieska vhodn\u00e9 na pl\u00e1vaj\u00facu a aj na dreven\u00fa podlahu<\/p>\n","protected":false},"excerpt":{"rendered":"<p>Modern\u00e1 kancel\u00e1rska stoli\u010dka AZURE NEW s \u010dal\u00fanen\u00fdmi opierkami na ruky a pogumovan\u00fdmi kolieskami ladne zapadne do ka\u017edej pracovne, kancel\u00e1rie, ale aj \u0161tudentskej izby. Pogumovan\u00e9 kolieska s\u00fa vhodn\u00e9 na pl\u00e1vaj\u00facu aj na dreven\u00fa podlahu. Kvalitn\u00e1 ekoko\u017ea p\u00f4sob\u00ed osvie\u017euj\u00faco. Jednoduch\u00fd mechanizmus pod sedadlom zabezpe\u010d\u00ed, \u017ee si stoli\u010dku nastav\u00edte na vami potrebn\u00fa v\u00fd\u0161ku. Pochr\u00f3movan\u00e1 podstava dod\u00e1va kreslu patri\u010dn\u00fa&#8230;<\/p>\n","protected":false},"featured_media":93203,"comment_status":"closed","ping_status":"closed","template":"","meta":{"_seopress_robots_primary_cat":"242","_seopress_titles_title":"","_seopress_titles_desc":"","_seopress_robots_index":""},"product_brand":[],"product_cat":[242,237],"product_tag":[],"class_list":{"0":"post-33389","1":"product","2":"type-product","3":"status-publish","4":"has-post-thumbnail","6":"product_cat-kancelarske-stolicky","7":"product_cat-stolicky","8":"pa_farba-biela","9":"pa_farba-cappucino","10":"pa_farba-cierna-2","11":"pa_farba-siva","13":"first","14":"onbackorder","15":"shipping-taxable","16":"purchasable","17":"product-type-variable"},"_links":{"self":[{"href":"https:\/\/nabytoklaguna.sk\/sk\/wp-json\/wp\/v2\/product\/33389","targetHints":{"allow":["GET"]}}],"collection":[{"href":"https:\/\/nabytoklaguna.sk\/sk\/wp-json\/wp\/v2\/product"}],"about":[{"href":"https:\/\/nabytoklaguna.sk\/sk\/wp-json\/wp\/v2\/types\/product"}],"replies":[{"embeddable":true,"href":"https:\/\/nabytoklaguna.sk\/sk\/wp-json\/wp\/v2\/comments?post=33389"}],"wp:featuredmedia":[{"embeddable":true,"href":"https:\/\/nabytoklaguna.sk\/sk\/wp-json\/wp\/v2\/media\/93203"}],"wp:attachment":[{"href":"https:\/\/nabytoklaguna.sk\/sk\/wp-json\/wp\/v2\/media?parent=33389"}],"wp:term":[{"taxonomy":"product_brand","embeddable":true,"href":"https:\/\/nabytoklaguna.sk\/sk\/wp-json\/wp\/v2\/product_brand?post=33389"},{"taxonomy":"product_cat","embeddable":true,"href":"https:\/\/nabytoklaguna.sk\/sk\/wp-json\/wp\/v2\/product_cat?post=33389"},{"taxonomy":"product_tag","embeddable":true,"href":"https:\/\/nabytoklaguna.sk\/sk\/wp-json\/wp\/v2\/product_tag?post=33389"}],"curies":[{"name":"wp","href":"https:\/\/api.w.org\/{rel}","templated":true}]}}