{"id":33520,"date":"2021-03-21T12:53:18","date_gmt":"2021-03-21T11:53:18","guid":{"rendered":"http:\/\/nabytoklaguna.sk\/sk\/?post_type=product&#038;p=33520"},"modified":"2024-11-20T14:43:32","modified_gmt":"2024-11-20T13:43:32","slug":"colorado-skrina","status":"publish","type":"product","link":"https:\/\/nabytoklaguna.sk\/sk\/produkt\/colorado-skrina\/","title":{"rendered":"COLORADO  &#8211; skri\u0148a"},"content":{"rendered":"<p>E\u0161te ste si nevybrali skri\u0148u? H\u013ead\u00e1te nie\u010do modern\u00e9, vkusn\u00e9 a priestrann\u00e9? Skri\u0148a COLORADO je tou spr\u00e1vnou vo\u013ebou. Poskytuje dostatok priestoru pre Va\u0161e oble\u010denie a m\u00f3dne doplnky. Svoj\u00edm neutr\u00e1lnym farebn\u00fdm preveden\u00edm sa dokonale hod\u00ed ku ak\u00e9muko\u013evek n\u00e1bytku. V\u00fdberom tejto skrine ni\u010d nepokaz\u00edte. Vyroben\u00e1 je z vysoko kvalitnej laminovanej DTD, ktor\u00e1 aj napriek ka\u017edodenn\u00e9mu pou\u017e\u00edvaniu zaru\u010duje \u017eivotnos\u0165 tejto skrine. Skri\u0148a je predelen\u00e1 na dve \u010dasti, v ka\u017edej sa nach\u00e1dza ty\u010d na ve\u0161anie a polica. Mo\u017en\u00e9 doobjedna\u0165 police<\/p>\n<p><strong>VLASTNOSTI<\/strong><\/p>\n<table>\n<tbody>\n<tr>\n<td>Rozmer skrine(\u0160xVxH) 215<\/td>\n<td>215x210x60cm<\/td>\n<\/tr>\n<tr>\n<td>Materi\u00e1l :<\/td>\n<td>DTD laminovan\u00e1<\/td>\n<\/tr>\n<tr>\n<td>Farebn\u00e9 prevedenie<\/td>\n<td>dub sonoma\/biela, biela\/dub sonoma<\/td>\n<\/tr>\n<tr>\n<td><\/td>\n<td><\/td>\n<\/tr>\n<\/tbody>\n<\/table>\n<p>&nbsp;<\/p>\n<p>&nbsp;<\/p>\n<p>&nbsp;<\/p>\n<p>Dod\u00e1van\u00e9 v demonte<\/p>\n<p><strong>\u0160atn\u00edkov\u00e1 skri\u0148a COLORADO je skladom, dodanie do 7 pracovn\u00fdch dn\u00ed.<\/strong><\/p>\n","protected":false},"excerpt":{"rendered":"<p>E\u0161te ste si nevybrali skri\u0148u? H\u013ead\u00e1te nie\u010do modern\u00e9, vkusn\u00e9 a priestrann\u00e9? Skri\u0148a COLORADO je tou spr\u00e1vnou vo\u013ebou. Poskytuje dostatok priestoru pre Va\u0161e oble\u010denie a m\u00f3dne doplnky. Svoj\u00edm neutr\u00e1lnym farebn\u00fdm preveden\u00edm sa dokonale hod\u00ed ku ak\u00e9muko\u013evek n\u00e1bytku. V\u00fdberom tejto skrine ni\u010d nepokaz\u00edte. Vyroben\u00e1 je z vysoko kvalitnej laminovanej DTD, ktor\u00e1 aj napriek ka\u017edodenn\u00e9mu pou\u017e\u00edvaniu zaru\u010duje \u017eivotnos\u0165&#8230;<\/p>\n","protected":false},"featured_media":33524,"comment_status":"closed","ping_status":"closed","template":"","meta":{"_seopress_robots_primary_cat":"1585","_seopress_titles_title":"","_seopress_titles_desc":"","_seopress_robots_index":""},"product_brand":[],"product_cat":[1585,225],"product_tag":[],"class_list":{"0":"post-33520","1":"product","2":"type-product","3":"status-publish","4":"has-post-thumbnail","6":"product_cat-s-posuvnymi-dverami","7":"product_cat-skrine","8":"pa_typ-produktu-007-police-3ks","9":"pa_typ-produktu-2-x-tyc-na-vesanie2-x-polica","10":"pa_typ-produktu-police-2ks-do-skrine-215-39-eur","11":"pa_typ-produktu-police-3ks-do-skrine-215-49-eur","12":"pa_typ-produktu-vnutro-skrine-ako-na-obrazku","14":"first","15":"instock","16":"shipping-taxable","17":"purchasable","18":"product-type-variable"},"_links":{"self":[{"href":"https:\/\/nabytoklaguna.sk\/sk\/wp-json\/wp\/v2\/product\/33520","targetHints":{"allow":["GET"]}}],"collection":[{"href":"https:\/\/nabytoklaguna.sk\/sk\/wp-json\/wp\/v2\/product"}],"about":[{"href":"https:\/\/nabytoklaguna.sk\/sk\/wp-json\/wp\/v2\/types\/product"}],"replies":[{"embeddable":true,"href":"https:\/\/nabytoklaguna.sk\/sk\/wp-json\/wp\/v2\/comments?post=33520"}],"wp:featuredmedia":[{"embeddable":true,"href":"https:\/\/nabytoklaguna.sk\/sk\/wp-json\/wp\/v2\/media\/33524"}],"wp:attachment":[{"href":"https:\/\/nabytoklaguna.sk\/sk\/wp-json\/wp\/v2\/media?parent=33520"}],"wp:term":[{"taxonomy":"product_brand","embeddable":true,"href":"https:\/\/nabytoklaguna.sk\/sk\/wp-json\/wp\/v2\/product_brand?post=33520"},{"taxonomy":"product_cat","embeddable":true,"href":"https:\/\/nabytoklaguna.sk\/sk\/wp-json\/wp\/v2\/product_cat?post=33520"},{"taxonomy":"product_tag","embeddable":true,"href":"https:\/\/nabytoklaguna.sk\/sk\/wp-json\/wp\/v2\/product_tag?post=33520"}],"curies":[{"name":"wp","href":"https:\/\/api.w.org\/{rel}","templated":true}]}}