{"id":34011,"date":"2021-03-21T12:53:18","date_gmt":"2021-03-21T11:53:18","guid":{"rendered":"http:\/\/nabytoklaguna.sk\/sk\/?post_type=product&#038;p=34011"},"modified":"2026-02-18T08:33:14","modified_gmt":"2026-02-18T07:33:14","slug":"tempo-kondela-monika","status":"publish","type":"product","link":"https:\/\/nabytoklaguna.sk\/sk\/produkt\/tempo-kondela-monika\/","title":{"rendered":"TK MONIKA"},"content":{"rendered":"<p>Vst\u00e1vajte s \u00fasmevom na tv\u00e1ri! K tomu, aby ste docielili kvalitn\u00fd sp\u00e1nok, sta\u010d\u00ed tak m\u00e1lo.\u00a0<b>Matrac MONIKA<\/b>\u00a0od \u010deskej firmy\u00a0<b>MORAVIA COMFORT<\/b>\u00a0je presne to, \u010do potrebujete.\u00a0<b>Kombin\u00e1cia dvoch PUR pien a RE peny<\/b> zaru\u010duje komfort a podporu cel\u00e9ho tela od hlavy a\u017e po p\u00e4ty.\u00a0<b>PUR pena<\/b>\u00a0je ve\u013emi ob\u013e\u00faben\u00e1 pri v\u00fdrobe matracov. Vynik\u00e1 v\u00fdborn\u00fdmi vlastnos\u0165ami. Matrac z PUR peny je\u00a0<b>na za\u010diatku tuh\u0161\u00ed, pou\u017e\u00edvan\u00edm sa st\u00e1va komfortnej\u0161\u00edm<\/b>\u00a0bez toho, aby str\u00e1cal na objeme. Matrace z PUR peny s\u00fa ve\u013emi ob\u013e\u00faben\u00e9 kv\u00f4li svojim\u00a0<b>ortopedick\u00fdm a antialergick\u00fdm vlastnostiam<\/b>. Navy\u0161e maj\u00fa n\u00edzku hmotnos\u0165, a preto sa s nimi \u013eahko a jednoducho manipuluje. Najv\u00e4\u010d\u0161ou v\u00fdhodou tejto peny je\u00a0<b>odolnos\u0165 vo\u010di prele\u017eaniu<\/b>, \u010do je naj\u010dastej\u0161\u00ed d\u00f4vod v\u00fdmeny matraca. <b>RE pena<\/b>\u00a0je\u00a0<b>recyklovan\u00e1 drven\u00e1 pena<\/b>, ktor\u00e1 sa vyr\u00e1ba sp\u00e1jan\u00edm r\u00f4znych materi\u00e1lov, preva\u017ene s\u00fa to studen\u00e9 peny, PUR peny a flexifoam peny. Jednotliv\u00e9 k\u00fasky sa k sebe sp\u00e1jaj\u00fa lisovan\u00edm pod vysok\u00fdm tlakom. RE pena dod\u00e1va matracu\u00a0<b>v\u00e4\u010d\u0161iu tuhos\u0165, t\u00fdm zvy\u0161uje aj jeho nosnos\u0165<\/b>. Matrac je\u00a0<b>z\u00f3novan\u00fd<\/b>, \u010do znamen\u00e1, \u017ee\u00a0<b>jeho povrch je rozdelen\u00fd na nieko\u013eko p\u00e1siem s odli\u0161nou tvrdos\u0165ou a v\u00fdstuhou<\/b>. Z\u00f3ny matraca s\u00fa miesta s rozdielnou tvrdos\u0165ou materi\u00e1lu, ktor\u00e9 poskytuj\u00fa aj rozdielnu oporu. T\u00fdm sa zabr\u00e1ni prele\u017eanin\u00e1m v miestach v\u00e4\u010d\u0161ej z\u00e1\u0165a\u017ee. Matrac sa ve\u013emi jednoducho\u00a0<b>prisp\u00f4sob\u00ed v\u00e1\u0161mu telu<\/b>. Matrac je dod\u00e1van\u00fd s<b>\u00a0kvalitn\u00fdm po\u0165ahom Aloe<\/b>, ktor\u00fd je mo\u017eno zvliec\u0165 a vypra\u0165 v pr\u00e1\u010dke pri teplote 60 \u00b0C. Luxusn\u00e1 po\u0165ahov\u00e1 l\u00e1tka obsahuje\u00a0<b>mikrokapsule s pr\u00edrodn\u00fdm extraktom z Aloe Vera<\/b>. Po\u0165ah uvo\u013e\u0148uje ar\u00f3mu s antialergick\u00fdmi a antiseptick\u00fdmi \u00fa\u010dinkami. Aloe Vera obsahuje enz\u00fdmy, miner\u00e1lne l\u00e1tky a aminokyseliny, ktor\u00e9\u00a0<b>\u00fa\u010dinne p\u00f4sobia na poko\u017eku a napom\u00e1haj\u00fa ju regenerova\u0165<\/b>.<\/p>\n<ul>\n<li><b>Materi\u00e1l:<\/b>\u00a0PUR pena\/RE pena<\/li>\n<li><b>V\u00fd\u0161ka matraca:<\/b>\u00a014 cm<\/li>\n<li><b>Nosnos\u0165:<\/b>\u00a0cca 110 kg<\/li>\n<li>Z\u00f3novan\u00fd<\/li>\n<li>Po\u0165ah Aloe<\/li>\n<\/ul>\n<p><img decoding=\"async\" src=\"https:\/\/www.temponabytok.sk\/uploads\/images\/piktogramy_popis\/PUR_pena.jpg\" \/>\u00a0<img decoding=\"async\" src=\"https:\/\/www.temponabytok.sk\/uploads\/images\/piktogramy_popis\/RE_pena.jpg\" \/>\u00a0<img decoding=\"async\" src=\"https:\/\/www.temponabytok.sk\/uploads\/images\/piktogramy_popis\/aloe_vera.jpg\" \/>\u00a0<img decoding=\"async\" src=\"https:\/\/www.temponabytok.sk\/uploads\/images\/piktogramy_popis\/antialergicky.jpg\" \/>\u00a0<img decoding=\"async\" src=\"https:\/\/www.temponabytok.sk\/uploads\/images\/piktogramy_popis\/zonovany.jpg\" \/>\u00a0<img decoding=\"async\" src=\"https:\/\/www.temponabytok.sk\/uploads\/images\/piktogramy_popis\/teplota_prania.jpg\" \/><\/p>\n<p>&nbsp;<\/p>\n","protected":false},"excerpt":{"rendered":"<p>Vst\u00e1vajte s \u00fasmevom na tv\u00e1ri! K tomu, aby ste docielili kvalitn\u00fd sp\u00e1nok, sta\u010d\u00ed tak m\u00e1lo.\u00a0Matrac MONIKA\u00a0od \u010deskej firmy\u00a0MORAVIA COMFORT\u00a0je presne to, \u010do potrebujete.\u00a0Kombin\u00e1cia dvoch PUR pien a RE peny zaru\u010duje komfort a podporu cel\u00e9ho tela od hlavy a\u017e po p\u00e4ty.\u00a0PUR pena\u00a0je ve\u013emi ob\u013e\u00faben\u00e1 pri v\u00fdrobe matracov. Vynik\u00e1 v\u00fdborn\u00fdmi vlastnos\u0165ami. Matrac z PUR peny je\u00a0na za\u010diatku&#8230;<\/p>\n","protected":false},"featured_media":33608,"comment_status":"closed","ping_status":"closed","template":"","meta":{"_seopress_robots_primary_cat":"229","_seopress_titles_title":"","_seopress_titles_desc":"","_seopress_robots_index":""},"product_brand":[],"product_cat":[1100,227,229],"product_tag":[],"class_list":{"0":"post-34011","1":"product","2":"type-product","3":"status-publish","4":"has-post-thumbnail","6":"product_cat-klasicke","7":"product_cat-rosty-matrace","8":"product_cat-matrace","10":"first","11":"onbackorder","12":"shipping-taxable","13":"purchasable","14":"product-type-variable"},"_links":{"self":[{"href":"https:\/\/nabytoklaguna.sk\/sk\/wp-json\/wp\/v2\/product\/34011","targetHints":{"allow":["GET"]}}],"collection":[{"href":"https:\/\/nabytoklaguna.sk\/sk\/wp-json\/wp\/v2\/product"}],"about":[{"href":"https:\/\/nabytoklaguna.sk\/sk\/wp-json\/wp\/v2\/types\/product"}],"replies":[{"embeddable":true,"href":"https:\/\/nabytoklaguna.sk\/sk\/wp-json\/wp\/v2\/comments?post=34011"}],"wp:featuredmedia":[{"embeddable":true,"href":"https:\/\/nabytoklaguna.sk\/sk\/wp-json\/wp\/v2\/media\/33608"}],"wp:attachment":[{"href":"https:\/\/nabytoklaguna.sk\/sk\/wp-json\/wp\/v2\/media?parent=34011"}],"wp:term":[{"taxonomy":"product_brand","embeddable":true,"href":"https:\/\/nabytoklaguna.sk\/sk\/wp-json\/wp\/v2\/product_brand?post=34011"},{"taxonomy":"product_cat","embeddable":true,"href":"https:\/\/nabytoklaguna.sk\/sk\/wp-json\/wp\/v2\/product_cat?post=34011"},{"taxonomy":"product_tag","embeddable":true,"href":"https:\/\/nabytoklaguna.sk\/sk\/wp-json\/wp\/v2\/product_tag?post=34011"}],"curies":[{"name":"wp","href":"https:\/\/api.w.org\/{rel}","templated":true}]}}