{"id":34621,"date":"2021-03-21T12:53:18","date_gmt":"2021-03-21T11:53:18","guid":{"rendered":"http:\/\/nabytoklaguna.sk\/sk\/?post_type=product&#038;p=34621"},"modified":"2022-08-19T12:06:26","modified_gmt":"2022-08-19T10:06:26","slug":"aut-6060-wt","status":"publish","type":"product","link":"https:\/\/nabytoklaguna.sk\/sk\/produkt\/aut-6060-wt\/","title":{"rendered":"AUT AUT-6060"},"content":{"rendered":"<p>Jed\u00e1lensk\u00fd set obsahuje\u00a0 st\u00f4l + 4\u00a0<a href=\"https:\/\/www.biano.sk\/produkty\/stolicky-2\">stoli\u010dky<\/a>.<\/p>\n<p>St\u00f4l a\u00a0<strong>stoli\u010dky<\/strong> vyroben\u00e9 z mas\u00edvneho dreva, doska stola je z MDF vo farbe biela alebo dub<\/p>\n<p>Rozmery stola: \u0161\u00edrka: 114 cm\u00a0 \u00a0 h\u013abka: 70 cm\u00a0 \u00a0 \u00a0v\u00fd\u0161ka: 75 cm<\/p>\n<p>Rozmery\u00a0<strong>stoli\u010dky<\/strong>:\u00a0 \u00a0 \u0161\u00edrka: 44 cm\u00a0 \u00a0 \u00a0h\u013abka: 44 cm\u00a0 \u00a0 \u00a0 v\u00fd\u0161ka: 82 cm\u00a0 \u00a0 \u00a0 \u00a0\u0161\u00edrka sedu: 40 cm\u00a0 \u00a0 \u00a0 h\u013abka sedu: 41 cm\u00a0 \u00a0 \u00a0 \u00a0v\u00fd\u0161ka sedu: 46 cm<\/p>\n<p>Nosnos\u0165\u00a0<strong>stoli\u010dky<\/strong>:110 kg<\/p>\n<p>Dod\u00e1v\u00e1 sa v demonte.<\/p>\n","protected":false},"excerpt":{"rendered":"<p>Jed\u00e1lensk\u00fd set obsahuje\u00a0 st\u00f4l + 4\u00a0stoli\u010dky. St\u00f4l a\u00a0stoli\u010dky vyroben\u00e9 z mas\u00edvneho dreva, doska stola je z MDF vo farbe biela alebo dub Rozmery stola: \u0161\u00edrka: 114 cm\u00a0 \u00a0 h\u013abka: 70 cm\u00a0 \u00a0 \u00a0v\u00fd\u0161ka: 75 cm Rozmery\u00a0stoli\u010dky:\u00a0 \u00a0 \u0161\u00edrka: 44 cm\u00a0 \u00a0 \u00a0h\u013abka: 44 cm\u00a0 \u00a0 \u00a0 v\u00fd\u0161ka: 82 cm\u00a0 \u00a0 \u00a0 \u00a0\u0161\u00edrka sedu: 40 cm\u00a0&#8230;<\/p>\n","protected":false},"featured_media":94602,"comment_status":"closed","ping_status":"closed","template":"","meta":{"_seopress_robots_primary_cat":"246","_seopress_titles_title":"","_seopress_titles_desc":"","_seopress_robots_index":""},"product_brand":[],"product_cat":[246],"product_tag":[],"class_list":{"0":"post-34621","1":"product","2":"type-product","3":"status-publish","4":"has-post-thumbnail","6":"product_cat-jedalenske-sety","7":"pa_farba-biela","8":"pa_farba-dub","10":"first","11":"onbackorder","12":"shipping-taxable","13":"purchasable","14":"product-type-variable"},"_links":{"self":[{"href":"https:\/\/nabytoklaguna.sk\/sk\/wp-json\/wp\/v2\/product\/34621","targetHints":{"allow":["GET"]}}],"collection":[{"href":"https:\/\/nabytoklaguna.sk\/sk\/wp-json\/wp\/v2\/product"}],"about":[{"href":"https:\/\/nabytoklaguna.sk\/sk\/wp-json\/wp\/v2\/types\/product"}],"replies":[{"embeddable":true,"href":"https:\/\/nabytoklaguna.sk\/sk\/wp-json\/wp\/v2\/comments?post=34621"}],"wp:featuredmedia":[{"embeddable":true,"href":"https:\/\/nabytoklaguna.sk\/sk\/wp-json\/wp\/v2\/media\/94602"}],"wp:attachment":[{"href":"https:\/\/nabytoklaguna.sk\/sk\/wp-json\/wp\/v2\/media?parent=34621"}],"wp:term":[{"taxonomy":"product_brand","embeddable":true,"href":"https:\/\/nabytoklaguna.sk\/sk\/wp-json\/wp\/v2\/product_brand?post=34621"},{"taxonomy":"product_cat","embeddable":true,"href":"https:\/\/nabytoklaguna.sk\/sk\/wp-json\/wp\/v2\/product_cat?post=34621"},{"taxonomy":"product_tag","embeddable":true,"href":"https:\/\/nabytoklaguna.sk\/sk\/wp-json\/wp\/v2\/product_tag?post=34621"}],"curies":[{"name":"wp","href":"https:\/\/api.w.org\/{rel}","templated":true}]}}