{"id":37024,"date":"2021-03-21T12:53:18","date_gmt":"2021-03-21T11:53:18","guid":{"rendered":"http:\/\/nabytoklaguna.sk\/sk\/?post_type=product&#038;p=37024"},"modified":"2025-04-09T11:44:29","modified_gmt":"2025-04-09T09:44:29","slug":"obyvacia-stena-country","status":"publish","type":"product","link":"https:\/\/nabytoklaguna.sk\/sk\/produkt\/obyvacia-stena-country\/","title":{"rendered":"W TRY ob\u00fdvacia stena"},"content":{"rendered":"<p><strong>N\u00e1bytok W TRY je vyroben\u00fd z kvalitn\u00fdch materi\u00e1lov<\/strong>. Ve\u013ek\u00fdm plus s\u00fa <strong>ABS<\/strong> hrany. Nev\u0161edn\u00fd detail tejto ob\u00fdvacej izby dod\u00e1vaj\u00fa<strong> kovov\u00e9 \u00fachytky.<\/strong> K stene sa d\u00e1 doobjedna\u0165 aj <strong>LED<\/strong> osvetlenie zapr\u00edplatok <strong>\u00a0<\/strong><\/p>\n<p><strong>Je mo\u017en\u00e9 zak\u00fapi\u0165:<\/strong><\/p>\n<ul>\n<li>vitr\u00edna W try 10 (\u0161\/h\/v)(v cm) 79x45x203cm<\/li>\n<li>vitr\u00edna W try 15 (\u0161\/h\/v)(v cm) 116x45x136cm<\/li>\n<li>TV stol\u00edk W try 25 (\u0161\/h\/v)(v cm) 163x45x56cm<\/li>\n<li>TV stol\u00edk W try 26 (\u0161\/h\/v)(v cm) 163x45x75cm<\/li>\n<li>stol\u00edk W try 41 (\u0161\/h\/v)(v cm) 110x60x45cm<\/li>\n<li>skri\u0148a W try 70 (\u0161\/h\/v)(v cm) 94x58x203cm<\/li>\n<li>komoda W try 45 (\u0161\/h\/v)(v cm) 163x45x88cm<\/li>\n<li>polica W try 35 (\u0161\/h\/v) (v cm) 143x22x23cm<\/li>\n<li>rozkladac\u00ed st\u00f4l W try 40(\u0161\/h\/v) (v cm)\u00a0 140-214x90x76cm<\/li>\n<\/ul>\n","protected":false},"excerpt":{"rendered":"<p>N\u00e1bytok W TRY je vyroben\u00fd z kvalitn\u00fdch materi\u00e1lov. Ve\u013ek\u00fdm plus s\u00fa ABS hrany. Nev\u0161edn\u00fd detail tejto ob\u00fdvacej izby dod\u00e1vaj\u00fa kovov\u00e9 \u00fachytky. K stene sa d\u00e1 doobjedna\u0165 aj LED osvetlenie zapr\u00edplatok \u00a0 Je mo\u017en\u00e9 zak\u00fapi\u0165: vitr\u00edna W try 10 (\u0161\/h\/v)(v cm) 79x45x203cm vitr\u00edna W try 15 (\u0161\/h\/v)(v cm) 116x45x136cm TV stol\u00edk W try 25 (\u0161\/h\/v)(v cm)&#8230;<\/p>\n","protected":false},"featured_media":80306,"comment_status":"closed","ping_status":"closed","template":"","meta":{"_seopress_robots_primary_cat":"none","_seopress_titles_title":"","_seopress_titles_desc":"","_seopress_robots_index":""},"product_brand":[],"product_cat":[182,183],"product_tag":[],"class_list":{"0":"post-37024","1":"product","2":"type-product","3":"status-publish","4":"has-post-thumbnail","6":"product_cat-obyvacie-steny","7":"product_cat-sektorove-obyvacie-steny","8":"pa_typ-produktu-komoda-country-45","9":"pa_typ-produktu-komoda-s-barom-country-48","10":"pa_typ-produktu-polica-country-35","11":"pa_typ-produktu-rozkladaci-stol-country-40","12":"pa_typ-produktu-skrina-country-70","13":"pa_typ-produktu-stolicka-alice","14":"pa_typ-produktu-stolik-country-41","15":"pa_typ-produktu-tv-stolik-country-25","16":"pa_typ-produktu-tv-stolik-country-26","17":"pa_typ-produktu-vitrina-countr-10","18":"pa_typ-produktu-vitrina-country-12","19":"pa_typ-produktu-vitrina-country-14","20":"pa_typ-produktu-vitrina-country-15","22":"first","23":"onbackorder","24":"shipping-taxable","25":"purchasable","26":"product-type-variable"},"_links":{"self":[{"href":"https:\/\/nabytoklaguna.sk\/sk\/wp-json\/wp\/v2\/product\/37024","targetHints":{"allow":["GET"]}}],"collection":[{"href":"https:\/\/nabytoklaguna.sk\/sk\/wp-json\/wp\/v2\/product"}],"about":[{"href":"https:\/\/nabytoklaguna.sk\/sk\/wp-json\/wp\/v2\/types\/product"}],"replies":[{"embeddable":true,"href":"https:\/\/nabytoklaguna.sk\/sk\/wp-json\/wp\/v2\/comments?post=37024"}],"wp:featuredmedia":[{"embeddable":true,"href":"https:\/\/nabytoklaguna.sk\/sk\/wp-json\/wp\/v2\/media\/80306"}],"wp:attachment":[{"href":"https:\/\/nabytoklaguna.sk\/sk\/wp-json\/wp\/v2\/media?parent=37024"}],"wp:term":[{"taxonomy":"product_brand","embeddable":true,"href":"https:\/\/nabytoklaguna.sk\/sk\/wp-json\/wp\/v2\/product_brand?post=37024"},{"taxonomy":"product_cat","embeddable":true,"href":"https:\/\/nabytoklaguna.sk\/sk\/wp-json\/wp\/v2\/product_cat?post=37024"},{"taxonomy":"product_tag","embeddable":true,"href":"https:\/\/nabytoklaguna.sk\/sk\/wp-json\/wp\/v2\/product_tag?post=37024"}],"curies":[{"name":"wp","href":"https:\/\/api.w.org\/{rel}","templated":true}]}}