{"id":37125,"date":"2021-03-21T12:53:18","date_gmt":"2021-03-21T11:53:18","guid":{"rendered":"http:\/\/nabytoklaguna.sk\/sk\/?post_type=product&#038;p=37125"},"modified":"2025-03-05T13:35:19","modified_gmt":"2025-03-05T12:35:19","slug":"obyvacia-stena-baltica","status":"publish","type":"product","link":"https:\/\/nabytoklaguna.sk\/sk\/produkt\/obyvacia-stena-baltica\/","title":{"rendered":"TICA ob\u00fdvacia stena"},"content":{"rendered":"<p>N\u00e1bytok<strong> W TICA<\/strong>\u00a0je vyroben\u00fd z <strong>vysokokvalitn\u00fdch<\/strong> laminovan\u00fdch drevotriesok v origin\u00e1lne farbe dub lefkas\/\u010dierny. R\u00e1m okolo dvierok je vyroben\u00fd z <strong>MDF materi\u00e1lu<\/strong>. Ve\u013ekou v\u00fdhodou tohto sektoru s\u00fa<strong> ABS<\/strong> hrany. Univerz\u00e1lna farba n\u00e1bytku W Tica vytv\u00e1ra pr\u00edjemn\u00e9 prostredie spolu s<strong> LED<\/strong> osvetlen\u00edm, ktor\u00e9 je za pr\u00edplatok<\/p>\n<p>Z jednotliv\u00fdch komponentov si m\u00f4\u017ete vysklada\u0165 ob\u00fdvaciu izbu pod\u013ea Va\u0161ich predst\u00e1v<\/p>\n<ul>\n<li>skri\u0148a W TICA 2401 (v\/\u0161\/h)(v cm) 200x90x54cm<\/li>\n<li>skri\u0148a W TICA 0201 (v\/\u0161\/h)(v cm) 200x55x43cm<\/li>\n<li>vitr\u00edna W TICA 0301 (v\/\u0161\/h)(v cm) 200x55x43cm<\/li>\n<li>vitr\u00edna W TICA 2601 (v\/\u0161\/h)(v cm) 136x90x43cm<\/li>\n<li>komoda W TICA 0801 (v\/\u0161\/h)(v cm) 94x165x43cm<\/li>\n<li>komoda W TICA 0901 (v\/\u0161\/h)(v cm) 94x138x43cm<\/li>\n<li>komoda W TICA 2901 (v\/\u0161\/h)(v cm) 94x90x43cm<\/li>\n<li>RTV\u00a0 W TICA 2701 (v\/\u0161\/h)(v cm) 55x147x43cm<\/li>\n<li>stol\u00edk W TICA 1401 (v\/\u0161\/h)(v cm) 48x114x61cm<\/li>\n<li>poli\u010dka W TICA 2801 (v\/\u0161\/h)(v cm) 24x120x21cm<\/li>\n<\/ul>\n<p>&nbsp;<\/p>\n","protected":false},"excerpt":{"rendered":"<p>N\u00e1bytok W TICA\u00a0je vyroben\u00fd z vysokokvalitn\u00fdch laminovan\u00fdch drevotriesok v origin\u00e1lne farbe dub lefkas\/\u010dierny. R\u00e1m okolo dvierok je vyroben\u00fd z MDF materi\u00e1lu. Ve\u013ekou v\u00fdhodou tohto sektoru s\u00fa ABS hrany. Univerz\u00e1lna farba n\u00e1bytku W Tica vytv\u00e1ra pr\u00edjemn\u00e9 prostredie spolu s LED osvetlen\u00edm, ktor\u00e9 je za pr\u00edplatok Z jednotliv\u00fdch komponentov si m\u00f4\u017ete vysklada\u0165 ob\u00fdvaciu izbu pod\u013ea Va\u0161ich predst\u00e1v&#8230;<\/p>\n","protected":false},"featured_media":121999,"comment_status":"closed","ping_status":"closed","template":"","meta":{"_seopress_robots_primary_cat":"none","_seopress_titles_title":"","_seopress_titles_desc":"","_seopress_robots_index":""},"product_brand":[],"product_cat":[182,183],"product_tag":[],"class_list":{"0":"post-37125","1":"product","2":"type-product","3":"status-publish","4":"has-post-thumbnail","6":"product_cat-obyvacie-steny","7":"product_cat-sektorove-obyvacie-steny","8":"pa_typ-produktu-komoda-w-tica-0801","9":"pa_typ-produktu-komoda-w-tica-0901","10":"pa_typ-produktu-komoda-w-tica-2901","11":"pa_typ-produktu-policka-w-tica-2801","12":"pa_typ-produktu-rtv-w-tica-2701","13":"pa_typ-produktu-skrina-w-tica-0201","14":"pa_typ-produktu-skrina-w-tica-2401","15":"pa_typ-produktu-stolik-w-tica1401","16":"pa_typ-produktu-vitrina-l-p-w-tica-0301","17":"pa_typ-produktu-vitrina-w-tica-2501","18":"pa_typ-produktu-vitrina-w-tica-2601","20":"first","21":"onbackorder","22":"shipping-taxable","23":"purchasable","24":"product-type-variable"},"_links":{"self":[{"href":"https:\/\/nabytoklaguna.sk\/sk\/wp-json\/wp\/v2\/product\/37125","targetHints":{"allow":["GET"]}}],"collection":[{"href":"https:\/\/nabytoklaguna.sk\/sk\/wp-json\/wp\/v2\/product"}],"about":[{"href":"https:\/\/nabytoklaguna.sk\/sk\/wp-json\/wp\/v2\/types\/product"}],"replies":[{"embeddable":true,"href":"https:\/\/nabytoklaguna.sk\/sk\/wp-json\/wp\/v2\/comments?post=37125"}],"wp:featuredmedia":[{"embeddable":true,"href":"https:\/\/nabytoklaguna.sk\/sk\/wp-json\/wp\/v2\/media\/121999"}],"wp:attachment":[{"href":"https:\/\/nabytoklaguna.sk\/sk\/wp-json\/wp\/v2\/media?parent=37125"}],"wp:term":[{"taxonomy":"product_brand","embeddable":true,"href":"https:\/\/nabytoklaguna.sk\/sk\/wp-json\/wp\/v2\/product_brand?post=37125"},{"taxonomy":"product_cat","embeddable":true,"href":"https:\/\/nabytoklaguna.sk\/sk\/wp-json\/wp\/v2\/product_cat?post=37125"},{"taxonomy":"product_tag","embeddable":true,"href":"https:\/\/nabytoklaguna.sk\/sk\/wp-json\/wp\/v2\/product_tag?post=37125"}],"curies":[{"name":"wp","href":"https:\/\/api.w.org\/{rel}","templated":true}]}}