{"id":37236,"date":"2021-03-21T12:53:18","date_gmt":"2021-03-21T11:53:18","guid":{"rendered":"http:\/\/nabytoklaguna.sk\/sk\/?post_type=product&#038;p=37236"},"modified":"2025-04-30T11:30:05","modified_gmt":"2025-04-30T09:30:05","slug":"diego-180","status":"publish","type":"product","link":"https:\/\/nabytoklaguna.sk\/sk\/produkt\/diego-180\/","title":{"rendered":"W EGO 180"},"content":{"rendered":"<p>W ego je jednoduch\u00e1 dvojdverov\u00e1 skri\u0148a s posuvn\u00fdmi dverami a so zrkadlom. V \u013eavej \u010dasti skrine s\u00fa umiestnen\u00e9 police na skladanie a v pravej \u010dasti je umiestnen\u00e1 ty\u010d na ve\u0161anie. Mo\u017enos\u0165 objedna\u0165 v troch farebn\u00fdch prevedeniach: biely mat, sonoma svetl\u00e1, dub wotan.<\/p>\n<p>Rozmery:<\/p>\n<p>\u0160\u00edrka: 180cm<\/p>\n<p>H\u013abka: 61cm<\/p>\n<p>V\u00fd\u0161ka: 216cm<\/p>\n","protected":false},"excerpt":{"rendered":"<p>W ego je jednoduch\u00e1 dvojdverov\u00e1 skri\u0148a s posuvn\u00fdmi dverami a so zrkadlom. V \u013eavej \u010dasti skrine s\u00fa umiestnen\u00e9 police na skladanie a v pravej \u010dasti je umiestnen\u00e1 ty\u010d na ve\u0161anie. Mo\u017enos\u0165 objedna\u0165 v troch farebn\u00fdch prevedeniach: biely mat, sonoma svetl\u00e1, dub wotan. Rozmery: \u0160\u00edrka: 180cm H\u013abka: 61cm V\u00fd\u0161ka: 216cm<\/p>\n","protected":false},"featured_media":37233,"comment_status":"closed","ping_status":"closed","template":"","meta":{"_seopress_robots_primary_cat":"223","_seopress_titles_title":"","_seopress_titles_desc":"","_seopress_robots_index":""},"product_brand":[],"product_cat":[1585,223,225],"product_tag":[],"class_list":{"0":"post-37236","1":"product","2":"type-product","3":"status-publish","4":"has-post-thumbnail","6":"product_cat-s-posuvnymi-dverami","7":"product_cat-spalne","8":"product_cat-skrine","10":"first","11":"instock","12":"shipping-taxable","13":"purchasable","14":"product-type-variable"},"_links":{"self":[{"href":"https:\/\/nabytoklaguna.sk\/sk\/wp-json\/wp\/v2\/product\/37236","targetHints":{"allow":["GET"]}}],"collection":[{"href":"https:\/\/nabytoklaguna.sk\/sk\/wp-json\/wp\/v2\/product"}],"about":[{"href":"https:\/\/nabytoklaguna.sk\/sk\/wp-json\/wp\/v2\/types\/product"}],"replies":[{"embeddable":true,"href":"https:\/\/nabytoklaguna.sk\/sk\/wp-json\/wp\/v2\/comments?post=37236"}],"wp:featuredmedia":[{"embeddable":true,"href":"https:\/\/nabytoklaguna.sk\/sk\/wp-json\/wp\/v2\/media\/37233"}],"wp:attachment":[{"href":"https:\/\/nabytoklaguna.sk\/sk\/wp-json\/wp\/v2\/media?parent=37236"}],"wp:term":[{"taxonomy":"product_brand","embeddable":true,"href":"https:\/\/nabytoklaguna.sk\/sk\/wp-json\/wp\/v2\/product_brand?post=37236"},{"taxonomy":"product_cat","embeddable":true,"href":"https:\/\/nabytoklaguna.sk\/sk\/wp-json\/wp\/v2\/product_cat?post=37236"},{"taxonomy":"product_tag","embeddable":true,"href":"https:\/\/nabytoklaguna.sk\/sk\/wp-json\/wp\/v2\/product_tag?post=37236"}],"curies":[{"name":"wp","href":"https:\/\/api.w.org\/{rel}","templated":true}]}}