{"id":37247,"date":"2021-03-21T12:53:18","date_gmt":"2021-03-21T11:53:18","guid":{"rendered":"http:\/\/nabytoklaguna.sk\/sk\/?post_type=product&#038;p=37247"},"modified":"2024-04-17T12:30:30","modified_gmt":"2024-04-17T10:30:30","slug":"aston-ii","status":"publish","type":"product","link":"https:\/\/nabytoklaguna.sk\/sk\/produkt\/aston-ii\/","title":{"rendered":"ANTOS 250 skri\u0148a"},"content":{"rendered":"<p>Trojdverov\u00e1 praktick\u00e1 \u0161atn\u00edkov\u00e1 skri\u0148a<strong> ANTOS 200<\/strong>\u00a0 v nad\u010dasovom dizajne s \u010dist\u00fdmi l\u00edniami V\u00e1m pon\u00faka mnoho \u00falo\u017en\u00e9ho priestoru. Skri\u0148a obsahuje ve\u0161iakov\u00fa ty\u010d a mno\u017estvo pol\u00edc. Je vyroben\u00e1 z kvalitnej LTD dosky s hr\u00fabkou 16 mm, <span id=\"result_box\" lang=\"sk\">syst\u00e9m posuvn\u00fdch dver\u00ed a hlin\u00edkov\u00e9 lo\u017eiskov\u00e9 pojazdy Micra Servoll. Mo\u017enos\u0165 objedna\u0165 vo farebn\u00fdch prevedeniach: biela, \u010dierna, sonoma, sonoma\/biela, biela\/sonoma, choco.<\/span><\/p>\n<p><strong>Mo\u017enos\u0165 dok\u00fapi\u0165 LED RGB osvetlenie za 59,- \u20ac <\/strong>(pri objedn\u00e1vke potrebn\u00e9 uvies\u0165 v pozn\u00e1mke).<\/p>\n<p>Rozmery: \u0161 x h x v : 250 x 58 x 215 cm<\/p>\n<p>Dod\u00e1van\u00e9 v demonte<\/p>\n","protected":false},"excerpt":{"rendered":"<p>Trojdverov\u00e1 praktick\u00e1 \u0161atn\u00edkov\u00e1 skri\u0148a ANTOS 200\u00a0 v nad\u010dasovom dizajne s \u010dist\u00fdmi l\u00edniami V\u00e1m pon\u00faka mnoho \u00falo\u017en\u00e9ho priestoru. Skri\u0148a obsahuje ve\u0161iakov\u00fa ty\u010d a mno\u017estvo pol\u00edc. Je vyroben\u00e1 z kvalitnej LTD dosky s hr\u00fabkou 16 mm, syst\u00e9m posuvn\u00fdch dver\u00ed a hlin\u00edkov\u00e9 lo\u017eiskov\u00e9 pojazdy Micra Servoll. Mo\u017enos\u0165 objedna\u0165 vo farebn\u00fdch prevedeniach: biela, \u010dierna, sonoma, sonoma\/biela, biela\/sonoma, choco. Mo\u017enos\u0165&#8230;<\/p>\n","protected":false},"featured_media":37263,"comment_status":"closed","ping_status":"closed","template":"","meta":{"_seopress_robots_primary_cat":"223","_seopress_titles_title":"","_seopress_titles_desc":"","_seopress_robots_index":""},"product_brand":[],"product_cat":[1585,223,225],"product_tag":[],"class_list":{"0":"post-37247","1":"product","2":"type-product","3":"status-publish","4":"has-post-thumbnail","6":"product_cat-s-posuvnymi-dverami","7":"product_cat-spalne","8":"product_cat-skrine","10":"first","11":"onbackorder","12":"shipping-taxable","13":"purchasable","14":"product-type-variable"},"_links":{"self":[{"href":"https:\/\/nabytoklaguna.sk\/sk\/wp-json\/wp\/v2\/product\/37247","targetHints":{"allow":["GET"]}}],"collection":[{"href":"https:\/\/nabytoklaguna.sk\/sk\/wp-json\/wp\/v2\/product"}],"about":[{"href":"https:\/\/nabytoklaguna.sk\/sk\/wp-json\/wp\/v2\/types\/product"}],"replies":[{"embeddable":true,"href":"https:\/\/nabytoklaguna.sk\/sk\/wp-json\/wp\/v2\/comments?post=37247"}],"wp:featuredmedia":[{"embeddable":true,"href":"https:\/\/nabytoklaguna.sk\/sk\/wp-json\/wp\/v2\/media\/37263"}],"wp:attachment":[{"href":"https:\/\/nabytoklaguna.sk\/sk\/wp-json\/wp\/v2\/media?parent=37247"}],"wp:term":[{"taxonomy":"product_brand","embeddable":true,"href":"https:\/\/nabytoklaguna.sk\/sk\/wp-json\/wp\/v2\/product_brand?post=37247"},{"taxonomy":"product_cat","embeddable":true,"href":"https:\/\/nabytoklaguna.sk\/sk\/wp-json\/wp\/v2\/product_cat?post=37247"},{"taxonomy":"product_tag","embeddable":true,"href":"https:\/\/nabytoklaguna.sk\/sk\/wp-json\/wp\/v2\/product_tag?post=37247"}],"curies":[{"name":"wp","href":"https:\/\/api.w.org\/{rel}","templated":true}]}}