{"id":37729,"date":"2021-03-21T12:53:18","date_gmt":"2021-03-21T11:53:18","guid":{"rendered":"http:\/\/nabytoklaguna.sk\/sk\/?post_type=product&#038;p=37729"},"modified":"2025-03-13T13:14:38","modified_gmt":"2025-03-13T12:14:38","slug":"velvet-obyvacia-stena","status":"publish","type":"product","link":"https:\/\/nabytoklaguna.sk\/sk\/produkt\/velvet-obyvacia-stena\/","title":{"rendered":"VET MASIV"},"content":{"rendered":"<p>Luxusn\u00fd sektorov\u00fd n\u00e1bytok <strong>VET<\/strong> je v\u010faka svojmu prec\u00edznemu spracovaniu vhodn\u00fd ako do modern\u00e9ho tak i do tradi\u010dn\u00e9ho interi\u00e9ru. Predn\u00e1 \u010das\u0165 n\u00e1bytku je vyroben\u00e1 z <strong>mas\u00edvneho dreva<\/strong>, zadn\u00e1 \u010das\u0165 z dubovej d\u00fdhy, vn\u00fatorn\u00e1 \u010das\u0165 je vyroben\u00e1 z f\u00f3liovan\u00e9ho lamin\u00e1tu, povrch je upraven\u00fd ekologick\u00fdm olejom, \u010do zabezpe\u010duje zdravotn\u00fa nez\u00e1vadnos\u0165 n\u00e1bytku. Sektor sa vyr\u00e1ba v <strong>farebnom preveden\u00ed dub rustikal.<\/strong> Pou\u017eitie pr\u00edrodn\u00fdch materi\u00e1lov zaru\u010duje kvalitu a odolnos\u0165 n\u00e1bytku. Jedine\u010dn\u00e1 \u0161trukt\u00fara vlo\u017eky umiestnenej medzi predn\u00fdmi prvkami, vyroben\u00e1 z le\u0161ten\u00e9ho dreva zaujme hne\u010f na prv\u00fd poh\u013ead. Kovov\u00e9 \u00fachytky zd\u00f4raz\u0148uj\u00fa u\u0161\u013eachtil\u00ed p\u00f4vab dreva.\u00a0 \u00a0 \u00a0 \u00a0 \u00a0 \u00a0 \u00a0 \u00a0 V\u010faka n\u00e1bytku <strong>VET<\/strong> si jednoducho a r\u00fdchlo zariadite ob\u00fdvaciu izbu \u010di jed\u00e1le\u0148. Pam\u00e4tajte, \u017ee<strong> mas\u00edvny a elegantn\u00fd n\u00e1bytok j<\/strong>e invest\u00edciou na roky. Led osvetlenie nie je v cene, je mo\u017en\u00e9 si ho doobjedna\u0165 za pr\u00edplatok<\/p>\n<p>Rozmery jednotliv\u00fdch komponentov<\/p>\n<p>Vitr\u00edna \u013eav\u00e1 VET 10, rozmery (\u0160xHxV)&#8230;&#8230;&#8230;&#8230;.75x42x200cm<br \/>\nVitr\u00edna prav\u00e1 VET 11, rozmery (\u0160xHxV)&#8230;&#8230;&#8230;. 75x42x200cm<br \/>\nReg\u00e1l VET 17, rozmery (\u0160xHxV) &#8230;&#8230;&#8230;&#8230;&#8230;&#8230;&#8230;75x42x200cm<br \/>\nVitr\u00edna rohov\u00e1 VET 16, rozmery (\u0160xHxV)&#8230;&#8230;..129x91x200cm<br \/>\nPolica VET 34, rozmery (\u0160xHxV)&#8230;&#8230;&#8230;&#8230;&#8230;&#8230;.. 111x25x24cm<br \/>\nPolica VET 35, rozmery (\u0160xHxV)&#8230;&#8230;&#8230;&#8230;&#8230;&#8230;.. 161x25x24cm<br \/>\nRTV stol\u00edk\u00a0 VET 24. rozmery (\u0160xHxV) &#8230;&#8230;&#8230;&#8230;111x42x58cm<br \/>\nRTV stol\u00edk VET 25, rozmery (\u0160xHxV)&#8230;&#8230;&#8230;&#8230;. 161x42x58cm<br \/>\nVitr\u00edna VET 15, rozmery (\u0160xHxV)&#8230;&#8230;&#8230;&#8230;&#8230;&#8230; 110x42x150cm<br \/>\nVitr\u00edna VET 12, rozmery (\u0160xHxV)&#8230;&#8230;&#8230;&#8230;&#8230;&#8230;.110x42x200cm<br \/>\nKomoda VET 44, rozmery (\u0160xHxV)&#8230;&#8230;&#8230;&#8230;&#8230;.125x42x88cm<br \/>\nKomoda VET 45, rozmery (\u0160xHxV)&#8230;&#8230;&#8230;&#8230;.. 161x42x88cm<br \/>\nKomoda VET 47, rozmery(\u0160xHxV)&#8230;&#8230;&#8230;&#8230;&#8230;. 181x42x88cm<br \/>\nKomoda VET 75, rozmery(\u0160xHxV)&#8230;&#8230;&#8230;&#8230;&#8230;..105x42x110cm<br \/>\nVitr\u00edna VET 48, rozmery (\u0160xHxV) &#8230;&#8230;&#8230;&#8230;&#8230;&#8230;161x42x135cm<br \/>\nKomoda\u00a0 VET 49, rozmery (\u0160xHxV)&#8230;&#8230;&#8230;&#8230;.. 201x42x88cm<br \/>\nReg\u00e1l VET 18, rozmery (\u0160xHxV)&#8230;&#8230;&#8230;&#8230;&#8230;&#8230;..116x42x200cm<br \/>\nRozkladac\u00ed st\u00f4l VET 40, rozmery (\u0160xHxV) &#8230;..160-250x90x78cm<br \/>\nKonferen\u010dn\u00fd stol\u00edk\u00a0 VET 41, rozmery (\u0160xHxV).120x70x48cm<br \/>\nKonferen\u010dn\u00fd stol\u00edk VET 42, rozmery (\u0160xHxV).. 85x85x48cm<\/p>\n<p>&nbsp;<\/p>\n","protected":false},"excerpt":{"rendered":"<p>Luxusn\u00fd sektorov\u00fd n\u00e1bytok VET je v\u010faka svojmu prec\u00edznemu spracovaniu vhodn\u00fd ako do modern\u00e9ho tak i do tradi\u010dn\u00e9ho interi\u00e9ru. Predn\u00e1 \u010das\u0165 n\u00e1bytku je vyroben\u00e1 z mas\u00edvneho dreva, zadn\u00e1 \u010das\u0165 z dubovej d\u00fdhy, vn\u00fatorn\u00e1 \u010das\u0165 je vyroben\u00e1 z f\u00f3liovan\u00e9ho lamin\u00e1tu, povrch je upraven\u00fd ekologick\u00fdm olejom, \u010do zabezpe\u010duje zdravotn\u00fa nez\u00e1vadnos\u0165 n\u00e1bytku. Sektor sa vyr\u00e1ba v farebnom preveden\u00ed dub&#8230;<\/p>\n","protected":false},"featured_media":115713,"comment_status":"closed","ping_status":"closed","template":"","meta":{"_seopress_robots_primary_cat":"183","_seopress_titles_title":"","_seopress_titles_desc":"","_seopress_robots_index":""},"product_brand":[],"product_cat":[7513,182,183],"product_tag":[],"class_list":{"0":"post-37729","1":"product","2":"type-product","3":"status-publish","4":"has-post-thumbnail","6":"product_cat-obyvacie-steny-masiv","7":"product_cat-obyvacie-steny","8":"product_cat-sektorove-obyvacie-steny","9":"pa_farba-dub-cierny","10":"pa_farba-dub-rustikal","11":"pa_typ-produktu-velvet-10","12":"pa_typ-produktu-velvet-11","13":"pa_typ-produktu-velvet-12","14":"pa_typ-produktu-velvet-15","15":"pa_typ-produktu-velvet-16","16":"pa_typ-produktu-velvet-17","17":"pa_typ-produktu-velvet-18","18":"pa_typ-produktu-velvet-24","19":"pa_typ-produktu-velvet-25","20":"pa_typ-produktu-velvet-34","21":"pa_typ-produktu-velvet-35","22":"pa_typ-produktu-velvet-40","23":"pa_typ-produktu-velvet-41","24":"pa_typ-produktu-velvet-42","25":"pa_typ-produktu-velvet-44","26":"pa_typ-produktu-velvet-45","27":"pa_typ-produktu-velvet-47","28":"pa_typ-produktu-velvet-48","29":"pa_typ-produktu-velvet-49","30":"pa_typ-produktu-velvet-75","32":"first","33":"onbackorder","34":"shipping-taxable","35":"purchasable","36":"product-type-variable"},"_links":{"self":[{"href":"https:\/\/nabytoklaguna.sk\/sk\/wp-json\/wp\/v2\/product\/37729","targetHints":{"allow":["GET"]}}],"collection":[{"href":"https:\/\/nabytoklaguna.sk\/sk\/wp-json\/wp\/v2\/product"}],"about":[{"href":"https:\/\/nabytoklaguna.sk\/sk\/wp-json\/wp\/v2\/types\/product"}],"replies":[{"embeddable":true,"href":"https:\/\/nabytoklaguna.sk\/sk\/wp-json\/wp\/v2\/comments?post=37729"}],"wp:featuredmedia":[{"embeddable":true,"href":"https:\/\/nabytoklaguna.sk\/sk\/wp-json\/wp\/v2\/media\/115713"}],"wp:attachment":[{"href":"https:\/\/nabytoklaguna.sk\/sk\/wp-json\/wp\/v2\/media?parent=37729"}],"wp:term":[{"taxonomy":"product_brand","embeddable":true,"href":"https:\/\/nabytoklaguna.sk\/sk\/wp-json\/wp\/v2\/product_brand?post=37729"},{"taxonomy":"product_cat","embeddable":true,"href":"https:\/\/nabytoklaguna.sk\/sk\/wp-json\/wp\/v2\/product_cat?post=37729"},{"taxonomy":"product_tag","embeddable":true,"href":"https:\/\/nabytoklaguna.sk\/sk\/wp-json\/wp\/v2\/product_tag?post=37729"}],"curies":[{"name":"wp","href":"https:\/\/api.w.org\/{rel}","templated":true}]}}