{"id":39142,"date":"2021-03-21T12:53:18","date_gmt":"2021-03-21T11:53:18","guid":{"rendered":"http:\/\/nabytoklaguna.sk\/sk\/?post_type=product&#038;p=39142"},"modified":"2023-06-06T12:07:49","modified_gmt":"2023-06-06T10:07:49","slug":"rtv-fly-vv","status":"publish","type":"product","link":"https:\/\/nabytoklaguna.sk\/sk\/produkt\/rtv-fly-vv\/","title":{"rendered":"RTV FLY VV"},"content":{"rendered":"<p><b>FLY VV<\/b> je ve\u013emi modern\u00fd<strong>\u00a0RTV<\/strong> stol\u00edk. M\u00e1 dve z\u00e1suvky. Mo\u017enos\u0165 dok\u00fapi\u0165 <strong>LED<\/strong> osvetlenie za cenu 20,- EUR<strong>.\u00a0<\/strong> Farebn\u00e9 prevedenie: dub wotan, biely mat\/biely vysok\u00fd lesk, \u010dierny\/ \u010dierny vysok\u00fd lesk, biely mat\/ siv\u00fd vysok\u00fd lesk.<\/p>\n<p><strong>Rozmery<\/strong><\/p>\n<p><strong>\u0160xHxV:<\/strong> 140x34x10\/15cm<\/p>\n","protected":false},"excerpt":{"rendered":"<p>FLY VV je ve\u013emi modern\u00fd\u00a0RTV stol\u00edk. M\u00e1 dve z\u00e1suvky. Mo\u017enos\u0165 dok\u00fapi\u0165 LED osvetlenie za cenu 20,- EUR.\u00a0 Farebn\u00e9 prevedenie: dub wotan, biely mat\/biely vysok\u00fd lesk, \u010dierny\/ \u010dierny vysok\u00fd lesk, biely mat\/ siv\u00fd vysok\u00fd lesk. Rozmery \u0160xHxV: 140x34x10\/15cm<\/p>\n","protected":false},"featured_media":39143,"comment_status":"closed","ping_status":"closed","template":"","meta":{"_seopress_robots_primary_cat":"824","_seopress_titles_title":"","_seopress_titles_desc":"","_seopress_robots_index":""},"product_brand":[],"product_cat":[824],"product_tag":[],"class_list":{"0":"post-39142","1":"product","2":"type-product","3":"status-publish","4":"has-post-thumbnail","6":"product_cat-rtv-stoliky","8":"first","9":"onbackorder","10":"shipping-taxable","11":"purchasable","12":"product-type-variable"},"_links":{"self":[{"href":"https:\/\/nabytoklaguna.sk\/sk\/wp-json\/wp\/v2\/product\/39142","targetHints":{"allow":["GET"]}}],"collection":[{"href":"https:\/\/nabytoklaguna.sk\/sk\/wp-json\/wp\/v2\/product"}],"about":[{"href":"https:\/\/nabytoklaguna.sk\/sk\/wp-json\/wp\/v2\/types\/product"}],"replies":[{"embeddable":true,"href":"https:\/\/nabytoklaguna.sk\/sk\/wp-json\/wp\/v2\/comments?post=39142"}],"wp:featuredmedia":[{"embeddable":true,"href":"https:\/\/nabytoklaguna.sk\/sk\/wp-json\/wp\/v2\/media\/39143"}],"wp:attachment":[{"href":"https:\/\/nabytoklaguna.sk\/sk\/wp-json\/wp\/v2\/media?parent=39142"}],"wp:term":[{"taxonomy":"product_brand","embeddable":true,"href":"https:\/\/nabytoklaguna.sk\/sk\/wp-json\/wp\/v2\/product_brand?post=39142"},{"taxonomy":"product_cat","embeddable":true,"href":"https:\/\/nabytoklaguna.sk\/sk\/wp-json\/wp\/v2\/product_cat?post=39142"},{"taxonomy":"product_tag","embeddable":true,"href":"https:\/\/nabytoklaguna.sk\/sk\/wp-json\/wp\/v2\/product_tag?post=39142"}],"curies":[{"name":"wp","href":"https:\/\/api.w.org\/{rel}","templated":true}]}}