{"id":39206,"date":"2021-03-21T12:53:18","date_gmt":"2021-03-21T11:53:18","guid":{"rendered":"http:\/\/nabytoklaguna.sk\/sk\/?post_type=product&#038;p=39206"},"modified":"2025-04-29T11:10:40","modified_gmt":"2025-04-29T09:10:40","slug":"rtv-duo","status":"publish","type":"product","link":"https:\/\/nabytoklaguna.sk\/sk\/produkt\/rtv-duo\/","title":{"rendered":"RTV DUO"},"content":{"rendered":"<p>Elegantn\u00fd<strong> RTV<\/strong> stol\u00edk\/skrinku <strong>DUO<\/strong>\u00a0m\u00f4\u017eete vyu\u017ei\u0165 \u010di u\u017e ako podstavec na TV, alebo len ako doplnok do miestnosti, ak si potrebujete zv\u00e4\u010d\u0161i\u0165 \u00falo\u017en\u00fd priestor. Je zlo\u017een\u00e1 z dvoch skriniek s dvierkami, za ktor\u00fdmi sa nach\u00e1dza priestor oddelen\u00fd prie\u010dkou. Fronty s\u00fa vyroben\u00e9 vo vysokom lesku, \u010do p\u00f4sob\u00ed ve\u013emi moderne. Korpus je matn\u00fd.<\/p>\n<p><strong>Rozmery<\/strong><\/p>\n<p><strong>\u0160xHxV:<\/strong> 200x45x35cm<\/p>\n","protected":false},"excerpt":{"rendered":"<p>Elegantn\u00fd RTV stol\u00edk\/skrinku DUO\u00a0m\u00f4\u017eete vyu\u017ei\u0165 \u010di u\u017e ako podstavec na TV, alebo len ako doplnok do miestnosti, ak si potrebujete zv\u00e4\u010d\u0161i\u0165 \u00falo\u017en\u00fd priestor. Je zlo\u017een\u00e1 z dvoch skriniek s dvierkami, za ktor\u00fdmi sa nach\u00e1dza priestor oddelen\u00fd prie\u010dkou. Fronty s\u00fa vyroben\u00e9 vo vysokom lesku, \u010do p\u00f4sob\u00ed ve\u013emi moderne. Korpus je matn\u00fd. Rozmery \u0160xHxV: 200x45x35cm<\/p>\n","protected":false},"featured_media":39207,"comment_status":"closed","ping_status":"closed","template":"","meta":{"_seopress_robots_primary_cat":"824","_seopress_titles_title":"","_seopress_titles_desc":"","_seopress_robots_index":""},"product_brand":[],"product_cat":[824],"product_tag":[],"class_list":{"0":"post-39206","1":"product","2":"type-product","3":"status-publish","4":"has-post-thumbnail","6":"product_cat-rtv-stoliky","8":"first","9":"onbackorder","10":"shipping-taxable","11":"purchasable","12":"product-type-variable"},"_links":{"self":[{"href":"https:\/\/nabytoklaguna.sk\/sk\/wp-json\/wp\/v2\/product\/39206","targetHints":{"allow":["GET"]}}],"collection":[{"href":"https:\/\/nabytoklaguna.sk\/sk\/wp-json\/wp\/v2\/product"}],"about":[{"href":"https:\/\/nabytoklaguna.sk\/sk\/wp-json\/wp\/v2\/types\/product"}],"replies":[{"embeddable":true,"href":"https:\/\/nabytoklaguna.sk\/sk\/wp-json\/wp\/v2\/comments?post=39206"}],"wp:featuredmedia":[{"embeddable":true,"href":"https:\/\/nabytoklaguna.sk\/sk\/wp-json\/wp\/v2\/media\/39207"}],"wp:attachment":[{"href":"https:\/\/nabytoklaguna.sk\/sk\/wp-json\/wp\/v2\/media?parent=39206"}],"wp:term":[{"taxonomy":"product_brand","embeddable":true,"href":"https:\/\/nabytoklaguna.sk\/sk\/wp-json\/wp\/v2\/product_brand?post=39206"},{"taxonomy":"product_cat","embeddable":true,"href":"https:\/\/nabytoklaguna.sk\/sk\/wp-json\/wp\/v2\/product_cat?post=39206"},{"taxonomy":"product_tag","embeddable":true,"href":"https:\/\/nabytoklaguna.sk\/sk\/wp-json\/wp\/v2\/product_tag?post=39206"}],"curies":[{"name":"wp","href":"https:\/\/api.w.org\/{rel}","templated":true}]}}