{"id":39374,"date":"2021-03-21T12:53:18","date_gmt":"2021-03-21T11:53:18","guid":{"rendered":"http:\/\/nabytoklaguna.sk\/sk\/?post_type=product&#038;p=39374"},"modified":"2025-03-04T11:17:33","modified_gmt":"2025-03-04T10:17:33","slug":"39374","status":"publish","type":"product","link":"https:\/\/nabytoklaguna.sk\/sk\/produkt\/39374\/","title":{"rendered":"KONFEREN\u010cN\u00dd STOL\u00cdK NOTE 1"},"content":{"rendered":"<p><strong>NOTE 1<\/strong> je men\u0161\u00ed\u00a0 klasick\u00fd dreven\u00fd konferen\u010dn\u00fd stol\u00edk\u00a0 v troch farebn\u00fdch prevedeniach: dub truffel \/\u0161ampansk\u00e9.<\/p>\n<p><strong>Rozmery<\/strong><\/p>\n<p><strong>\u0160xHxV:<\/strong> 67x67x46cm<\/p>\n","protected":false},"excerpt":{"rendered":"<p>NOTE 1 je men\u0161\u00ed\u00a0 klasick\u00fd dreven\u00fd konferen\u010dn\u00fd stol\u00edk\u00a0 v troch farebn\u00fdch prevedeniach: dub truffel \/\u0161ampansk\u00e9. Rozmery \u0160xHxV: 67x67x46cm<\/p>\n","protected":false},"featured_media":39382,"comment_status":"closed","ping_status":"closed","template":"","meta":{"_seopress_robots_primary_cat":"221","_seopress_titles_title":"","_seopress_titles_desc":"","_seopress_robots_index":""},"product_brand":[],"product_cat":[221],"product_tag":[],"class_list":{"0":"post-39374","1":"product","2":"type-product","3":"status-publish","4":"has-post-thumbnail","6":"product_cat-konferencne-stoliky","8":"first","9":"onbackorder","10":"shipping-taxable","11":"purchasable","12":"product-type-variable"},"_links":{"self":[{"href":"https:\/\/nabytoklaguna.sk\/sk\/wp-json\/wp\/v2\/product\/39374","targetHints":{"allow":["GET"]}}],"collection":[{"href":"https:\/\/nabytoklaguna.sk\/sk\/wp-json\/wp\/v2\/product"}],"about":[{"href":"https:\/\/nabytoklaguna.sk\/sk\/wp-json\/wp\/v2\/types\/product"}],"replies":[{"embeddable":true,"href":"https:\/\/nabytoklaguna.sk\/sk\/wp-json\/wp\/v2\/comments?post=39374"}],"wp:featuredmedia":[{"embeddable":true,"href":"https:\/\/nabytoklaguna.sk\/sk\/wp-json\/wp\/v2\/media\/39382"}],"wp:attachment":[{"href":"https:\/\/nabytoklaguna.sk\/sk\/wp-json\/wp\/v2\/media?parent=39374"}],"wp:term":[{"taxonomy":"product_brand","embeddable":true,"href":"https:\/\/nabytoklaguna.sk\/sk\/wp-json\/wp\/v2\/product_brand?post=39374"},{"taxonomy":"product_cat","embeddable":true,"href":"https:\/\/nabytoklaguna.sk\/sk\/wp-json\/wp\/v2\/product_cat?post=39374"},{"taxonomy":"product_tag","embeddable":true,"href":"https:\/\/nabytoklaguna.sk\/sk\/wp-json\/wp\/v2\/product_tag?post=39374"}],"curies":[{"name":"wp","href":"https:\/\/api.w.org\/{rel}","templated":true}]}}