{"id":41891,"date":"2021-03-21T12:53:18","date_gmt":"2021-03-21T11:53:18","guid":{"rendered":"https:\/\/nabytoklaguna.sk\/sk\/?post_type=product&#038;p=41891"},"modified":"2022-05-16T13:44:08","modified_gmt":"2022-05-16T11:44:08","slug":"drevona-rea-resta-2","status":"publish","type":"product","link":"https:\/\/nabytoklaguna.sk\/sk\/produkt\/drevona-rea-resta-2\/","title":{"rendered":"DREVONA REA REST 2"},"content":{"rendered":"<p><strong>REA REST 2<\/strong>\u00a0skrinka pod um\u00fdvadlo z\u00e1vesn\u00e1.\u00a0 D\u00e1 sa objedna\u0165 vo farebnom preveden\u00ed: biela, orech rockpile, navarra, buk, dub bardolino, wenge, dub canyon, graphite.<\/p>\n<p><strong>Rozmer<\/strong><\/p>\n<p><strong>\u0160xHxV:<\/strong> 90 x 46 x 45 cm;<\/p>\n<p><strong>materi\u00e1l<\/strong>: DTD laminovan\u00e1 hr. 25mm a 16mm; ABS hrany 0,5 a 2 mm<\/p>\n<p>Vrchn\u00e1 a spodn\u00e1 doska s\u00fa z DTD 25 mm, ABS 2mm<\/p>\n<p>&nbsp;<\/p>\n","protected":false},"excerpt":{"rendered":"<p>REA REST 2\u00a0skrinka pod um\u00fdvadlo z\u00e1vesn\u00e1.\u00a0 D\u00e1 sa objedna\u0165 vo farebnom preveden\u00ed: biela, orech rockpile, navarra, buk, dub bardolino, wenge, dub canyon, graphite. Rozmer \u0160xHxV: 90 x 46 x 45 cm; materi\u00e1l: DTD laminovan\u00e1 hr. 25mm a 16mm; ABS hrany 0,5 a 2 mm Vrchn\u00e1 a spodn\u00e1 doska s\u00fa z DTD 25 mm, ABS 2mm&#8230;<\/p>\n","protected":false},"featured_media":41892,"comment_status":"closed","ping_status":"closed","template":"","meta":{"_seopress_robots_primary_cat":"222","_seopress_titles_title":"","_seopress_titles_desc":"","_seopress_robots_index":""},"product_brand":[],"product_cat":[222],"product_tag":[],"class_list":{"0":"post-41891","1":"product","2":"type-product","3":"status-publish","4":"has-post-thumbnail","6":"product_cat-komody","8":"first","9":"onbackorder","10":"shipping-taxable","11":"purchasable","12":"product-type-variable"},"_links":{"self":[{"href":"https:\/\/nabytoklaguna.sk\/sk\/wp-json\/wp\/v2\/product\/41891","targetHints":{"allow":["GET"]}}],"collection":[{"href":"https:\/\/nabytoklaguna.sk\/sk\/wp-json\/wp\/v2\/product"}],"about":[{"href":"https:\/\/nabytoklaguna.sk\/sk\/wp-json\/wp\/v2\/types\/product"}],"replies":[{"embeddable":true,"href":"https:\/\/nabytoklaguna.sk\/sk\/wp-json\/wp\/v2\/comments?post=41891"}],"wp:featuredmedia":[{"embeddable":true,"href":"https:\/\/nabytoklaguna.sk\/sk\/wp-json\/wp\/v2\/media\/41892"}],"wp:attachment":[{"href":"https:\/\/nabytoklaguna.sk\/sk\/wp-json\/wp\/v2\/media?parent=41891"}],"wp:term":[{"taxonomy":"product_brand","embeddable":true,"href":"https:\/\/nabytoklaguna.sk\/sk\/wp-json\/wp\/v2\/product_brand?post=41891"},{"taxonomy":"product_cat","embeddable":true,"href":"https:\/\/nabytoklaguna.sk\/sk\/wp-json\/wp\/v2\/product_cat?post=41891"},{"taxonomy":"product_tag","embeddable":true,"href":"https:\/\/nabytoklaguna.sk\/sk\/wp-json\/wp\/v2\/product_tag?post=41891"}],"curies":[{"name":"wp","href":"https:\/\/api.w.org\/{rel}","templated":true}]}}