{"id":41910,"date":"2021-03-21T12:53:18","date_gmt":"2021-03-21T11:53:18","guid":{"rendered":"https:\/\/nabytoklaguna.sk\/sk\/?post_type=product&#038;p=41910"},"modified":"2022-05-16T13:50:48","modified_gmt":"2022-05-16T11:50:48","slug":"drevona-rea-rest-5","status":"publish","type":"product","link":"https:\/\/nabytoklaguna.sk\/sk\/produkt\/drevona-rea-rest-5\/","title":{"rendered":"DREVONA REA REST 5"},"content":{"rendered":"<p>K\u00fapel\u0148ov\u00e1 skrinka <strong>REA REST 5<\/strong> z\u00e1vesn\u00e1 vysok\u00e1. D\u00e1 sa objedna\u0165 vo viacer\u00fdch fareb\u00e1ch: biela, orech rockpile, navarra, buk, dub bardolino, wenge, dub canyon, graphite.<\/p>\n<p><strong>Rozmer <\/strong><\/p>\n<p><strong>\u0160xHxV:<\/strong> 35 x 30 x 160 cm<\/p>\n<p><strong>Materi\u00e1l:<\/strong> DTD laminovan\u00e1 hr. 25mm a hr. 16mm, ABS hrany 0,5mm a 2mm<br \/>\nVrchn\u00e1 a spodn\u00e1 doska s\u00fa z DTD 25 mm, ABS 2mm<br \/>\nVn\u00fatorn\u00e9 policky: 2+1<\/p>\n","protected":false},"excerpt":{"rendered":"<p>K\u00fapel\u0148ov\u00e1 skrinka REA REST 5 z\u00e1vesn\u00e1 vysok\u00e1. D\u00e1 sa objedna\u0165 vo viacer\u00fdch fareb\u00e1ch: biela, orech rockpile, navarra, buk, dub bardolino, wenge, dub canyon, graphite. Rozmer \u0160xHxV: 35 x 30 x 160 cm Materi\u00e1l: DTD laminovan\u00e1 hr. 25mm a hr. 16mm, ABS hrany 0,5mm a 2mm Vrchn\u00e1 a spodn\u00e1 doska s\u00fa z DTD 25 mm, ABS&#8230;<\/p>\n","protected":false},"featured_media":41939,"comment_status":"closed","ping_status":"closed","template":"","meta":{"_seopress_robots_primary_cat":"222","_seopress_titles_title":"","_seopress_titles_desc":"","_seopress_robots_index":""},"product_brand":[],"product_cat":[222],"product_tag":[],"class_list":{"0":"post-41910","1":"product","2":"type-product","3":"status-publish","4":"has-post-thumbnail","6":"product_cat-komody","8":"first","9":"onbackorder","10":"shipping-taxable","11":"purchasable","12":"product-type-variable"},"_links":{"self":[{"href":"https:\/\/nabytoklaguna.sk\/sk\/wp-json\/wp\/v2\/product\/41910","targetHints":{"allow":["GET"]}}],"collection":[{"href":"https:\/\/nabytoklaguna.sk\/sk\/wp-json\/wp\/v2\/product"}],"about":[{"href":"https:\/\/nabytoklaguna.sk\/sk\/wp-json\/wp\/v2\/types\/product"}],"replies":[{"embeddable":true,"href":"https:\/\/nabytoklaguna.sk\/sk\/wp-json\/wp\/v2\/comments?post=41910"}],"wp:featuredmedia":[{"embeddable":true,"href":"https:\/\/nabytoklaguna.sk\/sk\/wp-json\/wp\/v2\/media\/41939"}],"wp:attachment":[{"href":"https:\/\/nabytoklaguna.sk\/sk\/wp-json\/wp\/v2\/media?parent=41910"}],"wp:term":[{"taxonomy":"product_brand","embeddable":true,"href":"https:\/\/nabytoklaguna.sk\/sk\/wp-json\/wp\/v2\/product_brand?post=41910"},{"taxonomy":"product_cat","embeddable":true,"href":"https:\/\/nabytoklaguna.sk\/sk\/wp-json\/wp\/v2\/product_cat?post=41910"},{"taxonomy":"product_tag","embeddable":true,"href":"https:\/\/nabytoklaguna.sk\/sk\/wp-json\/wp\/v2\/product_tag?post=41910"}],"curies":[{"name":"wp","href":"https:\/\/api.w.org\/{rel}","templated":true}]}}