{"id":42007,"date":"2021-03-21T12:53:18","date_gmt":"2021-03-21T11:53:18","guid":{"rendered":"https:\/\/nabytoklaguna.sk\/sk\/?post_type=product&#038;p=42007"},"modified":"2022-05-17T09:13:31","modified_gmt":"2022-05-17T07:13:31","slug":"drevona-rea-play-rp-spd-1200","status":"publish","type":"product","link":"https:\/\/nabytoklaguna.sk\/sk\/produkt\/drevona-rea-play-rp-spd-1200\/","title":{"rendered":"DREVONA REA polica 5"},"content":{"rendered":"<p>5 prie\u010dinkov\u00e1 polica REA\u00a0 sa d\u00e1 objedna\u0165 vo farb\u00e1ch: graphite, dub bardolino, wenge, biela, dub canyon, buk, navarra, orech rockpile.<\/p>\n<p><strong>Rozmer<\/strong><\/p>\n<p><strong>\u0160xHxV:<\/strong>\u00a0114x17x17cm<\/p>\n<p><strong>Materi\u00e1l:<\/strong> DTD lamonovan\u00e1 hr. 16mm, hrany ABS 0,5mm<\/p>\n<p>&nbsp;<\/p>\n","protected":false},"excerpt":{"rendered":"<p>5 prie\u010dinkov\u00e1 polica REA\u00a0 sa d\u00e1 objedna\u0165 vo farb\u00e1ch: graphite, dub bardolino, wenge, biela, dub canyon, buk, navarra, orech rockpile. Rozmer \u0160xHxV:\u00a0114x17x17cm Materi\u00e1l: DTD lamonovan\u00e1 hr. 16mm, hrany ABS 0,5mm &nbsp;<\/p>\n","protected":false},"featured_media":42069,"comment_status":"closed","ping_status":"closed","template":"","meta":{"_seopress_robots_primary_cat":"1062","_seopress_titles_title":"","_seopress_titles_desc":"","_seopress_robots_index":""},"product_brand":[],"product_cat":[1062],"product_tag":[],"class_list":{"0":"post-42007","1":"product","2":"type-product","3":"status-publish","4":"has-post-thumbnail","6":"product_cat-regaly-police","8":"first","9":"onbackorder","10":"shipping-taxable","11":"purchasable","12":"product-type-variable"},"_links":{"self":[{"href":"https:\/\/nabytoklaguna.sk\/sk\/wp-json\/wp\/v2\/product\/42007","targetHints":{"allow":["GET"]}}],"collection":[{"href":"https:\/\/nabytoklaguna.sk\/sk\/wp-json\/wp\/v2\/product"}],"about":[{"href":"https:\/\/nabytoklaguna.sk\/sk\/wp-json\/wp\/v2\/types\/product"}],"replies":[{"embeddable":true,"href":"https:\/\/nabytoklaguna.sk\/sk\/wp-json\/wp\/v2\/comments?post=42007"}],"wp:featuredmedia":[{"embeddable":true,"href":"https:\/\/nabytoklaguna.sk\/sk\/wp-json\/wp\/v2\/media\/42069"}],"wp:attachment":[{"href":"https:\/\/nabytoklaguna.sk\/sk\/wp-json\/wp\/v2\/media?parent=42007"}],"wp:term":[{"taxonomy":"product_brand","embeddable":true,"href":"https:\/\/nabytoklaguna.sk\/sk\/wp-json\/wp\/v2\/product_brand?post=42007"},{"taxonomy":"product_cat","embeddable":true,"href":"https:\/\/nabytoklaguna.sk\/sk\/wp-json\/wp\/v2\/product_cat?post=42007"},{"taxonomy":"product_tag","embeddable":true,"href":"https:\/\/nabytoklaguna.sk\/sk\/wp-json\/wp\/v2\/product_tag?post=42007"}],"curies":[{"name":"wp","href":"https:\/\/api.w.org\/{rel}","templated":true}]}}