{"id":42105,"date":"2021-03-21T12:53:18","date_gmt":"2021-03-21T11:53:18","guid":{"rendered":"https:\/\/nabytoklaguna.sk\/sk\/?post_type=product&#038;p=42105"},"modified":"2022-05-16T14:16:53","modified_gmt":"2022-05-16T12:16:53","slug":"drevona-rea-store","status":"publish","type":"product","link":"https:\/\/nabytoklaguna.sk\/sk\/produkt\/drevona-rea-store\/","title":{"rendered":"DREVONA REA STORE 60X124cm"},"content":{"rendered":"<p>Otvoren\u00fd reg\u00e1l policov\u00fd. D\u00e1 sa objedna\u0165 z r\u00f4znych farebn\u00fdch kombin\u00e1ci\u00ed.<\/p>\n<p><strong>Materi\u00e1l:<\/strong> horn\u00e1 a spodn\u00e1 doska DTD laminovan\u00e1 hr. 25mm s hranou ABS 0,5mm, ostatn\u00e9 DTD hr.16mm s ABS 0,5mm.<br \/>\nNo\u017ei\u010dky plastov\u00e9 strieborn\u00e9 v\u00fd\u0161ky 2cm.<\/p>\n<p><strong>Rozmer<\/strong><\/p>\n<p><strong>\u00a0\u0160xHxV:<\/strong>\u00a060x 28x124cm<\/p>\n","protected":false},"excerpt":{"rendered":"<p>Otvoren\u00fd reg\u00e1l policov\u00fd. D\u00e1 sa objedna\u0165 z r\u00f4znych farebn\u00fdch kombin\u00e1ci\u00ed. Materi\u00e1l: horn\u00e1 a spodn\u00e1 doska DTD laminovan\u00e1 hr. 25mm s hranou ABS 0,5mm, ostatn\u00e9 DTD hr.16mm s ABS 0,5mm. No\u017ei\u010dky plastov\u00e9 strieborn\u00e9 v\u00fd\u0161ky 2cm. Rozmer \u00a0\u0160xHxV:\u00a060x 28x124cm<\/p>\n","protected":false},"featured_media":42124,"comment_status":"closed","ping_status":"closed","template":"","meta":{"_seopress_robots_primary_cat":"257","_seopress_titles_title":"","_seopress_titles_desc":"","_seopress_robots_index":""},"product_brand":[],"product_cat":[1062,257],"product_tag":[],"class_list":{"0":"post-42105","1":"product","2":"type-product","3":"status-publish","4":"has-post-thumbnail","6":"product_cat-regaly-police","7":"product_cat-predsiene","9":"first","10":"onbackorder","11":"shipping-taxable","12":"purchasable","13":"product-type-variable"},"_links":{"self":[{"href":"https:\/\/nabytoklaguna.sk\/sk\/wp-json\/wp\/v2\/product\/42105","targetHints":{"allow":["GET"]}}],"collection":[{"href":"https:\/\/nabytoklaguna.sk\/sk\/wp-json\/wp\/v2\/product"}],"about":[{"href":"https:\/\/nabytoklaguna.sk\/sk\/wp-json\/wp\/v2\/types\/product"}],"replies":[{"embeddable":true,"href":"https:\/\/nabytoklaguna.sk\/sk\/wp-json\/wp\/v2\/comments?post=42105"}],"wp:featuredmedia":[{"embeddable":true,"href":"https:\/\/nabytoklaguna.sk\/sk\/wp-json\/wp\/v2\/media\/42124"}],"wp:attachment":[{"href":"https:\/\/nabytoklaguna.sk\/sk\/wp-json\/wp\/v2\/media?parent=42105"}],"wp:term":[{"taxonomy":"product_brand","embeddable":true,"href":"https:\/\/nabytoklaguna.sk\/sk\/wp-json\/wp\/v2\/product_brand?post=42105"},{"taxonomy":"product_cat","embeddable":true,"href":"https:\/\/nabytoklaguna.sk\/sk\/wp-json\/wp\/v2\/product_cat?post=42105"},{"taxonomy":"product_tag","embeddable":true,"href":"https:\/\/nabytoklaguna.sk\/sk\/wp-json\/wp\/v2\/product_tag?post=42105"}],"curies":[{"name":"wp","href":"https:\/\/api.w.org\/{rel}","templated":true}]}}