{"id":42170,"date":"2021-03-21T12:53:18","date_gmt":"2021-03-21T11:53:18","guid":{"rendered":"https:\/\/nabytoklaguna.sk\/sk\/?post_type=product&#038;p=42170"},"modified":"2025-11-05T00:06:33","modified_gmt":"2025-11-04T23:06:33","slug":"autronic-dcl-397","status":"publish","type":"product","link":"https:\/\/nabytoklaguna.sk\/sk\/produkt\/autronic-dcl-397\/","title":{"rendered":"AUT DCL-397"},"content":{"rendered":"<p>Modern\u00e1 jed\u00e1lensk\u00e1 stoli\u010dka bude ozdobou Va\u0161ej kuchyne \u010di jed\u00e1lne. Stoli\u010dka je \u010dalunen\u00e1 pr\u00edjemnou l\u00e1tkou a m\u00e1 \u0161t\u00fdlov\u00e9 pre\u0161itie. Pevn\u00e9 kovov\u00e9 nohy s\u00fa lakovan\u00e9 matn\u00fdm lakom, obsahuj\u00fa plastov\u00e9 klz\u00e1ky, ktor\u00e9 chr\u00e1nia Va\u0161u podlahu pred po\u0161koden\u00edm. Nosnos\u0165 stoli\u010dky je 110 kg<\/p>\n<p>Vyr\u00e1ba sa v dvoch farebn\u00fdch prevedeniach:<\/p>\n<ul>\n<li>matn\u00fd antracitov\u00fd lak + siv\u00e1 l\u00e1tka<\/li>\n<li>matn\u00fd cappuccino lak + kr\u00e9mov\u00e1 l\u00e1tka<\/li>\n<\/ul>\n<p>ROZMERY<\/p>\n<p>\u0160\u00edrka: 42 cm<\/p>\n<p>H\u013abka: 52 cm<\/p>\n<p>V\u00fd\u0161ka: 95 cm<\/p>\n<p>H\u013abka sedu: 39 cm<\/p>\n<p>V\u00fd\u0161ka sedu: 48 cm<\/p>\n<p>&nbsp;<\/p>\n","protected":false},"excerpt":{"rendered":"<p>Modern\u00e1 jed\u00e1lensk\u00e1 stoli\u010dka bude ozdobou Va\u0161ej kuchyne \u010di jed\u00e1lne. Stoli\u010dka je \u010dalunen\u00e1 pr\u00edjemnou l\u00e1tkou a m\u00e1 \u0161t\u00fdlov\u00e9 pre\u0161itie. Pevn\u00e9 kovov\u00e9 nohy s\u00fa lakovan\u00e9 matn\u00fdm lakom, obsahuj\u00fa plastov\u00e9 klz\u00e1ky, ktor\u00e9 chr\u00e1nia Va\u0161u podlahu pred po\u0161koden\u00edm. Nosnos\u0165 stoli\u010dky je 110 kg Vyr\u00e1ba sa v dvoch farebn\u00fdch prevedeniach: matn\u00fd antracitov\u00fd lak + siv\u00e1 l\u00e1tka matn\u00fd cappuccino lak +&#8230;<\/p>\n","protected":false},"featured_media":60719,"comment_status":"closed","ping_status":"closed","template":"","meta":{"_seopress_robots_primary_cat":"237","_seopress_titles_title":"","_seopress_titles_desc":"","_seopress_robots_index":""},"product_brand":[],"product_cat":[4721,238,237],"product_tag":[],"class_list":{"0":"post-42170","1":"product","2":"type-product","3":"status-publish","4":"has-post-thumbnail","6":"product_cat-jedalenske-stolicky","7":"product_cat-drevene-stolicky","8":"product_cat-stolicky","10":"first","11":"instock","12":"shipping-taxable","13":"purchasable","14":"product-type-variable"},"_links":{"self":[{"href":"https:\/\/nabytoklaguna.sk\/sk\/wp-json\/wp\/v2\/product\/42170","targetHints":{"allow":["GET"]}}],"collection":[{"href":"https:\/\/nabytoklaguna.sk\/sk\/wp-json\/wp\/v2\/product"}],"about":[{"href":"https:\/\/nabytoklaguna.sk\/sk\/wp-json\/wp\/v2\/types\/product"}],"replies":[{"embeddable":true,"href":"https:\/\/nabytoklaguna.sk\/sk\/wp-json\/wp\/v2\/comments?post=42170"}],"wp:featuredmedia":[{"embeddable":true,"href":"https:\/\/nabytoklaguna.sk\/sk\/wp-json\/wp\/v2\/media\/60719"}],"wp:attachment":[{"href":"https:\/\/nabytoklaguna.sk\/sk\/wp-json\/wp\/v2\/media?parent=42170"}],"wp:term":[{"taxonomy":"product_brand","embeddable":true,"href":"https:\/\/nabytoklaguna.sk\/sk\/wp-json\/wp\/v2\/product_brand?post=42170"},{"taxonomy":"product_cat","embeddable":true,"href":"https:\/\/nabytoklaguna.sk\/sk\/wp-json\/wp\/v2\/product_cat?post=42170"},{"taxonomy":"product_tag","embeddable":true,"href":"https:\/\/nabytoklaguna.sk\/sk\/wp-json\/wp\/v2\/product_tag?post=42170"}],"curies":[{"name":"wp","href":"https:\/\/api.w.org\/{rel}","templated":true}]}}