{"id":42257,"date":"2021-03-21T12:53:18","date_gmt":"2021-03-21T11:53:18","guid":{"rendered":"https:\/\/nabytoklaguna.sk\/sk\/?post_type=product&#038;p=42257"},"modified":"2025-10-30T16:29:07","modified_gmt":"2025-10-30T15:29:07","slug":"ka-f01","status":"publish","type":"product","link":"https:\/\/nabytoklaguna.sk\/sk\/produkt\/ka-f01\/","title":{"rendered":"KA-F01"},"content":{"rendered":"<p>Pekn\u00e9 a pohodln\u00e9 v\u00fd\u0161kovo nastavite\u013en\u00e9 kancel\u00e1rske kreslo v \u0161portovom dizajne sa d\u00e1 objedna\u0165 v sivo\u010diernej farbe. M\u00e1 hojdac\u00ed mechanizmus, v\u00fd\u0161kovo nastavite\u013en\u00e9 plastov\u00e9 podr\u00fa\u010dky a kr\u00ed\u017e.<\/p>\n<p><strong>Rozmer<\/strong><\/p>\n<p>\u0161\u00edrka: 67 cm<\/p>\n<p>h\u013abka: 67 cm<\/p>\n<p>v\u00fd\u0161ka: 126-134 cm<\/p>\n<p>\u0161\u00edrka sedu: 53 cm<\/p>\n<p>h\u013abka sedu: 48 cm<\/p>\n<p>v\u00fd\u0161ka sedu: 42-50 cm<\/p>\n<p>nosnos\u0165: 130 kg<\/p>\n","protected":false},"excerpt":{"rendered":"<p>Pekn\u00e9 a pohodln\u00e9 v\u00fd\u0161kovo nastavite\u013en\u00e9 kancel\u00e1rske kreslo v \u0161portovom dizajne sa d\u00e1 objedna\u0165 v sivo\u010diernej farbe. M\u00e1 hojdac\u00ed mechanizmus, v\u00fd\u0161kovo nastavite\u013en\u00e9 plastov\u00e9 podr\u00fa\u010dky a kr\u00ed\u017e. Rozmer \u0161\u00edrka: 67 cm h\u013abka: 67 cm v\u00fd\u0161ka: 126-134 cm \u0161\u00edrka sedu: 53 cm h\u013abka sedu: 48 cm v\u00fd\u0161ka sedu: 42-50 cm nosnos\u0165: 130 kg<\/p>\n","protected":false},"featured_media":79869,"comment_status":"closed","ping_status":"closed","template":"","meta":{"_seopress_robots_primary_cat":"none","_seopress_titles_title":"","_seopress_titles_desc":"","_seopress_robots_index":""},"product_brand":[],"product_cat":[242],"product_tag":[],"class_list":{"0":"post-42257","1":"product","2":"type-product","3":"status-publish","4":"has-post-thumbnail","6":"product_cat-kancelarske-stolicky","8":"first","9":"onbackorder","10":"shipping-taxable","11":"purchasable","12":"product-type-variable"},"_links":{"self":[{"href":"https:\/\/nabytoklaguna.sk\/sk\/wp-json\/wp\/v2\/product\/42257","targetHints":{"allow":["GET"]}}],"collection":[{"href":"https:\/\/nabytoklaguna.sk\/sk\/wp-json\/wp\/v2\/product"}],"about":[{"href":"https:\/\/nabytoklaguna.sk\/sk\/wp-json\/wp\/v2\/types\/product"}],"replies":[{"embeddable":true,"href":"https:\/\/nabytoklaguna.sk\/sk\/wp-json\/wp\/v2\/comments?post=42257"}],"wp:featuredmedia":[{"embeddable":true,"href":"https:\/\/nabytoklaguna.sk\/sk\/wp-json\/wp\/v2\/media\/79869"}],"wp:attachment":[{"href":"https:\/\/nabytoklaguna.sk\/sk\/wp-json\/wp\/v2\/media?parent=42257"}],"wp:term":[{"taxonomy":"product_brand","embeddable":true,"href":"https:\/\/nabytoklaguna.sk\/sk\/wp-json\/wp\/v2\/product_brand?post=42257"},{"taxonomy":"product_cat","embeddable":true,"href":"https:\/\/nabytoklaguna.sk\/sk\/wp-json\/wp\/v2\/product_cat?post=42257"},{"taxonomy":"product_tag","embeddable":true,"href":"https:\/\/nabytoklaguna.sk\/sk\/wp-json\/wp\/v2\/product_tag?post=42257"}],"curies":[{"name":"wp","href":"https:\/\/api.w.org\/{rel}","templated":true}]}}