{"id":42348,"date":"2021-03-21T12:53:18","date_gmt":"2021-03-21T11:53:18","guid":{"rendered":"https:\/\/nabytoklaguna.sk\/sk\/?post_type=product&#038;p=42348"},"modified":"2022-05-16T14:24:01","modified_gmt":"2022-05-16T12:24:01","slug":"drevona-rea-store-60x200cm","status":"publish","type":"product","link":"https:\/\/nabytoklaguna.sk\/sk\/produkt\/drevona-rea-store-60x200cm\/","title":{"rendered":"DREVONA REA STORE 60X200CM"},"content":{"rendered":"<p>Reg\u00e1l sa skvele hod\u00ed do va\u0161ej ob\u00fdvacej izby, detskej izby alebo predsiene. Taktie\u017e do predsien\u00ed. D\u00e1 sa vybra\u0165 z r\u00f4znych farebn\u00fdch preveden\u00ed. M\u00e1 plastov\u00e9 strieborn\u00e9 no\u017ei\u010dky vo v\u00fd\u0161ke 2cm. Materi\u00e1l:\u00a0\u00a0horn\u00e1 a spodn\u00e1 doska DTD laminovan\u00e1 hr. 25mm s hranou ABS 0,5mm,, ostatn\u00e9 DTD hr.16mm s ABS 0,5mm<\/p>\n<p><strong>Rozmer<\/strong><\/p>\n<p><strong>\u0160xHxV:<\/strong>\u00a060x28x200cm<\/p>\n","protected":false},"excerpt":{"rendered":"<p>Reg\u00e1l sa skvele hod\u00ed do va\u0161ej ob\u00fdvacej izby, detskej izby alebo predsiene. Taktie\u017e do predsien\u00ed. D\u00e1 sa vybra\u0165 z r\u00f4znych farebn\u00fdch preveden\u00ed. M\u00e1 plastov\u00e9 strieborn\u00e9 no\u017ei\u010dky vo v\u00fd\u0161ke 2cm. Materi\u00e1l:\u00a0\u00a0horn\u00e1 a spodn\u00e1 doska DTD laminovan\u00e1 hr. 25mm s hranou ABS 0,5mm,, ostatn\u00e9 DTD hr.16mm s ABS 0,5mm Rozmer \u0160xHxV:\u00a060x28x200cm<\/p>\n","protected":false},"featured_media":42349,"comment_status":"closed","ping_status":"closed","template":"","meta":{"_seopress_robots_primary_cat":"257","_seopress_titles_title":"","_seopress_titles_desc":"","_seopress_robots_index":""},"product_brand":[],"product_cat":[1062,257],"product_tag":[],"class_list":{"0":"post-42348","1":"product","2":"type-product","3":"status-publish","4":"has-post-thumbnail","6":"product_cat-regaly-police","7":"product_cat-predsiene","9":"first","10":"onbackorder","11":"shipping-taxable","12":"purchasable","13":"product-type-variable"},"_links":{"self":[{"href":"https:\/\/nabytoklaguna.sk\/sk\/wp-json\/wp\/v2\/product\/42348","targetHints":{"allow":["GET"]}}],"collection":[{"href":"https:\/\/nabytoklaguna.sk\/sk\/wp-json\/wp\/v2\/product"}],"about":[{"href":"https:\/\/nabytoklaguna.sk\/sk\/wp-json\/wp\/v2\/types\/product"}],"replies":[{"embeddable":true,"href":"https:\/\/nabytoklaguna.sk\/sk\/wp-json\/wp\/v2\/comments?post=42348"}],"wp:featuredmedia":[{"embeddable":true,"href":"https:\/\/nabytoklaguna.sk\/sk\/wp-json\/wp\/v2\/media\/42349"}],"wp:attachment":[{"href":"https:\/\/nabytoklaguna.sk\/sk\/wp-json\/wp\/v2\/media?parent=42348"}],"wp:term":[{"taxonomy":"product_brand","embeddable":true,"href":"https:\/\/nabytoklaguna.sk\/sk\/wp-json\/wp\/v2\/product_brand?post=42348"},{"taxonomy":"product_cat","embeddable":true,"href":"https:\/\/nabytoklaguna.sk\/sk\/wp-json\/wp\/v2\/product_cat?post=42348"},{"taxonomy":"product_tag","embeddable":true,"href":"https:\/\/nabytoklaguna.sk\/sk\/wp-json\/wp\/v2\/product_tag?post=42348"}],"curies":[{"name":"wp","href":"https:\/\/api.w.org\/{rel}","templated":true}]}}