{"id":42433,"date":"2021-03-21T12:53:18","date_gmt":"2021-03-21T11:53:18","guid":{"rendered":"https:\/\/nabytoklaguna.sk\/sk\/?post_type=product&#038;p=42433"},"modified":"2022-05-16T15:11:22","modified_gmt":"2022-05-16T13:11:22","slug":"drevona-rea-lary-s5-110","status":"publish","type":"product","link":"https:\/\/nabytoklaguna.sk\/sk\/produkt\/drevona-rea-lary-s5-110\/","title":{"rendered":"DREVONA REA LARY S5\/110"},"content":{"rendered":"<p>Je to 2 dverov\u00e1 komoda s posuvn\u00fdmi dverami,ktor\u00e1 sa d\u00e1 objeda\u0165 vo viacer\u00fdch farb\u00e1ch.\u00a0Materi\u00e1l: DTD hr. 16mm + ABS 0,5 mm. Dvierka s\u00fa vlo\u017een\u00e9. Vodiace listy posuvn\u00fdch dver\u00ed su hlin\u00edkov\u00e9.No\u017ei\u010dky s\u00fa plastov\u00e9 strieborn\u00e9 v\u00fd\u0161ky 2cm.<\/p>\n<p><strong>Rozmer<\/strong><\/p>\n<p><strong>\u0160xHxV:<\/strong> 149x60x110cm<\/p>\n","protected":false},"excerpt":{"rendered":"<p>Je to 2 dverov\u00e1 komoda s posuvn\u00fdmi dverami,ktor\u00e1 sa d\u00e1 objeda\u0165 vo viacer\u00fdch farb\u00e1ch.\u00a0Materi\u00e1l: DTD hr. 16mm + ABS 0,5 mm. Dvierka s\u00fa vlo\u017een\u00e9. Vodiace listy posuvn\u00fdch dver\u00ed su hlin\u00edkov\u00e9.No\u017ei\u010dky s\u00fa plastov\u00e9 strieborn\u00e9 v\u00fd\u0161ky 2cm. Rozmer \u0160xHxV: 149x60x110cm<\/p>\n","protected":false},"featured_media":42448,"comment_status":"closed","ping_status":"closed","template":"","meta":{"_seopress_robots_primary_cat":"222","_seopress_titles_title":"","_seopress_titles_desc":"","_seopress_robots_index":""},"product_brand":[],"product_cat":[222],"product_tag":[],"class_list":{"0":"post-42433","1":"product","2":"type-product","3":"status-publish","4":"has-post-thumbnail","6":"product_cat-komody","8":"first","9":"onbackorder","10":"shipping-taxable","11":"purchasable","12":"product-type-variable"},"_links":{"self":[{"href":"https:\/\/nabytoklaguna.sk\/sk\/wp-json\/wp\/v2\/product\/42433","targetHints":{"allow":["GET"]}}],"collection":[{"href":"https:\/\/nabytoklaguna.sk\/sk\/wp-json\/wp\/v2\/product"}],"about":[{"href":"https:\/\/nabytoklaguna.sk\/sk\/wp-json\/wp\/v2\/types\/product"}],"replies":[{"embeddable":true,"href":"https:\/\/nabytoklaguna.sk\/sk\/wp-json\/wp\/v2\/comments?post=42433"}],"wp:featuredmedia":[{"embeddable":true,"href":"https:\/\/nabytoklaguna.sk\/sk\/wp-json\/wp\/v2\/media\/42448"}],"wp:attachment":[{"href":"https:\/\/nabytoklaguna.sk\/sk\/wp-json\/wp\/v2\/media?parent=42433"}],"wp:term":[{"taxonomy":"product_brand","embeddable":true,"href":"https:\/\/nabytoklaguna.sk\/sk\/wp-json\/wp\/v2\/product_brand?post=42433"},{"taxonomy":"product_cat","embeddable":true,"href":"https:\/\/nabytoklaguna.sk\/sk\/wp-json\/wp\/v2\/product_cat?post=42433"},{"taxonomy":"product_tag","embeddable":true,"href":"https:\/\/nabytoklaguna.sk\/sk\/wp-json\/wp\/v2\/product_tag?post=42433"}],"curies":[{"name":"wp","href":"https:\/\/api.w.org\/{rel}","templated":true}]}}