{"id":42625,"date":"2021-03-21T12:53:18","date_gmt":"2021-03-21T11:53:18","guid":{"rendered":"https:\/\/nabytoklaguna.sk\/sk\/?post_type=product&#038;p=42625"},"modified":"2025-12-18T12:47:26","modified_gmt":"2025-12-18T11:47:26","slug":"drevona-tammy-kreslo","status":"publish","type":"product","link":"https:\/\/nabytoklaguna.sk\/sk\/produkt\/drevona-tammy-kreslo\/","title":{"rendered":"DREVONA TAMMY kreslo"},"content":{"rendered":"<p><strong>TAMMY<\/strong> je ve\u013emi pohodln\u00e9 a kvalitn\u00e9 kreslo s tvrd\u00fdm seden\u00edm. M\u00e1 pevn\u00fa opierku chrbta. Sedenie tvor\u00ed pru\u017eina &#8211; vlnovec. Ponukame V\u00e1m kreslo <strong>TAMMY za zv\u00fdhodnen\u00fa cenu<\/strong> v \u017eltom farebnom preveden\u00ed.<\/p>\n<p><strong>Rozmer<\/strong><\/p>\n<p><strong>\u0160xHxV:<\/strong> 88x80x88cm<\/p>\n<p><strong>V\u00fd\u0161ka sedenia:<\/strong> 44cm<\/p>\n<p><strong>H\u013abka sedenia:<\/strong> 62cm<\/p>\n","protected":false},"excerpt":{"rendered":"<p>TAMMY je ve\u013emi pohodln\u00e9 a kvalitn\u00e9 kreslo s tvrd\u00fdm seden\u00edm. M\u00e1 pevn\u00fa opierku chrbta. Sedenie tvor\u00ed pru\u017eina &#8211; vlnovec. Ponukame V\u00e1m kreslo TAMMY za zv\u00fdhodnen\u00fa cenu v \u017eltom farebnom preveden\u00ed. Rozmer \u0160xHxV: 88x80x88cm V\u00fd\u0161ka sedenia: 44cm H\u013abka sedenia: 62cm<\/p>\n","protected":false},"featured_media":125547,"comment_status":"closed","ping_status":"closed","template":"","meta":{"_seopress_robots_primary_cat":"140","_seopress_titles_title":"","_seopress_titles_desc":"","_seopress_robots_index":""},"product_brand":[],"product_cat":[140,231],"product_tag":[],"class_list":{"0":"post-42625","1":"product","2":"type-product","3":"status-publish","4":"has-post-thumbnail","6":"product_cat-sedacie-supravy","7":"product_cat-kresla","9":"first","10":"onbackorder","11":"sale","12":"shipping-taxable","13":"purchasable","14":"product-type-simple"},"_links":{"self":[{"href":"https:\/\/nabytoklaguna.sk\/sk\/wp-json\/wp\/v2\/product\/42625","targetHints":{"allow":["GET"]}}],"collection":[{"href":"https:\/\/nabytoklaguna.sk\/sk\/wp-json\/wp\/v2\/product"}],"about":[{"href":"https:\/\/nabytoklaguna.sk\/sk\/wp-json\/wp\/v2\/types\/product"}],"replies":[{"embeddable":true,"href":"https:\/\/nabytoklaguna.sk\/sk\/wp-json\/wp\/v2\/comments?post=42625"}],"wp:featuredmedia":[{"embeddable":true,"href":"https:\/\/nabytoklaguna.sk\/sk\/wp-json\/wp\/v2\/media\/125547"}],"wp:attachment":[{"href":"https:\/\/nabytoklaguna.sk\/sk\/wp-json\/wp\/v2\/media?parent=42625"}],"wp:term":[{"taxonomy":"product_brand","embeddable":true,"href":"https:\/\/nabytoklaguna.sk\/sk\/wp-json\/wp\/v2\/product_brand?post=42625"},{"taxonomy":"product_cat","embeddable":true,"href":"https:\/\/nabytoklaguna.sk\/sk\/wp-json\/wp\/v2\/product_cat?post=42625"},{"taxonomy":"product_tag","embeddable":true,"href":"https:\/\/nabytoklaguna.sk\/sk\/wp-json\/wp\/v2\/product_tag?post=42625"}],"curies":[{"name":"wp","href":"https:\/\/api.w.org\/{rel}","templated":true}]}}