{"id":44680,"date":"2021-03-21T12:53:18","date_gmt":"2021-03-21T11:53:18","guid":{"rendered":"https:\/\/nabytoklaguna.sk\/sk\/?post_type=product&#038;p=44680"},"modified":"2023-06-26T16:27:30","modified_gmt":"2023-06-26T14:27:30","slug":"art-elb-viki-skrina-180","status":"publish","type":"product","link":"https:\/\/nabytoklaguna.sk\/sk\/produkt\/art-elb-viki-skrina-180\/","title":{"rendered":"Art Elb VIKI skri\u0148a 180"},"content":{"rendered":"<p>\u0160t\u00fdlov\u00e1 skri\u0148a VIKI je z kvalitn\u00e9ho materi\u00e1lu, ktor\u00fd je vysoko odoln\u00fd vo\u010di po\u0161kriabaniu.\u00dalo\u017en\u00fd priestor skrine je rozdelen\u00fd na \u0161atn\u00edkov\u00fa a policov\u00fa \u010das\u0165.Drevotrieska 16 mm a hrany maj\u00fa ukon\u010denie ABS. \u00dachytky a vodiace li\u0161ty s\u00fa z hlin\u00edka, \u010do zabezpe\u010duje dlh\u00fa \u017eivotnos\u0165.<\/p>\n<p>Skri\u0148u mo\u017eno zak\u00fapi\u0165 vo farebnom preveden\u00ed :<\/p>\n<ul>\n<li>biela<\/li>\n<li>dub sonoma<\/li>\n<\/ul>\n<p>Skri\u0148u je mo\u017en\u00e9 k\u00fapi\u0165 aj v in\u00fdch rozmeroch a farebn\u00fdch prevedeniach, ktor\u00e9 n\u00e1jdete na na\u0161om e-shope.<\/p>\n<p>ROZMER<\/p>\n<p>\u0160\u00edrka: 180 cm<\/p>\n<p>H\u013abka: 62 cm<\/p>\n<p>V\u00fd\u0161ka: 200cm<\/p>\n","protected":false},"excerpt":{"rendered":"<p>\u0160t\u00fdlov\u00e1 skri\u0148a VIKI je z kvalitn\u00e9ho materi\u00e1lu, ktor\u00fd je vysoko odoln\u00fd vo\u010di po\u0161kriabaniu.\u00dalo\u017en\u00fd priestor skrine je rozdelen\u00fd na \u0161atn\u00edkov\u00fa a policov\u00fa \u010das\u0165.Drevotrieska 16 mm a hrany maj\u00fa ukon\u010denie ABS. \u00dachytky a vodiace li\u0161ty s\u00fa z hlin\u00edka, \u010do zabezpe\u010duje dlh\u00fa \u017eivotnos\u0165. Skri\u0148u mo\u017eno zak\u00fapi\u0165 vo farebnom preveden\u00ed : biela dub sonoma Skri\u0148u je mo\u017en\u00e9 k\u00fapi\u0165 aj&#8230;<\/p>\n","protected":false},"featured_media":44687,"comment_status":"closed","ping_status":"closed","template":"","meta":{"_seopress_robots_primary_cat":"225","_seopress_titles_title":"","_seopress_titles_desc":"","_seopress_robots_index":""},"product_brand":[],"product_cat":[1585,225],"product_tag":[],"class_list":{"0":"post-44680","1":"product","2":"type-product","3":"status-publish","4":"has-post-thumbnail","6":"product_cat-s-posuvnymi-dverami","7":"product_cat-skrine","9":"first","10":"onbackorder","11":"shipping-taxable","12":"purchasable","13":"product-type-variable"},"_links":{"self":[{"href":"https:\/\/nabytoklaguna.sk\/sk\/wp-json\/wp\/v2\/product\/44680","targetHints":{"allow":["GET"]}}],"collection":[{"href":"https:\/\/nabytoklaguna.sk\/sk\/wp-json\/wp\/v2\/product"}],"about":[{"href":"https:\/\/nabytoklaguna.sk\/sk\/wp-json\/wp\/v2\/types\/product"}],"replies":[{"embeddable":true,"href":"https:\/\/nabytoklaguna.sk\/sk\/wp-json\/wp\/v2\/comments?post=44680"}],"wp:featuredmedia":[{"embeddable":true,"href":"https:\/\/nabytoklaguna.sk\/sk\/wp-json\/wp\/v2\/media\/44687"}],"wp:attachment":[{"href":"https:\/\/nabytoklaguna.sk\/sk\/wp-json\/wp\/v2\/media?parent=44680"}],"wp:term":[{"taxonomy":"product_brand","embeddable":true,"href":"https:\/\/nabytoklaguna.sk\/sk\/wp-json\/wp\/v2\/product_brand?post=44680"},{"taxonomy":"product_cat","embeddable":true,"href":"https:\/\/nabytoklaguna.sk\/sk\/wp-json\/wp\/v2\/product_cat?post=44680"},{"taxonomy":"product_tag","embeddable":true,"href":"https:\/\/nabytoklaguna.sk\/sk\/wp-json\/wp\/v2\/product_tag?post=44680"}],"curies":[{"name":"wp","href":"https:\/\/api.w.org\/{rel}","templated":true}]}}