{"id":44749,"date":"2021-03-21T12:53:18","date_gmt":"2021-03-21T11:53:18","guid":{"rendered":"https:\/\/nabytoklaguna.sk\/sk\/?post_type=product&#038;p=44749"},"modified":"2025-04-24T11:37:35","modified_gmt":"2025-04-24T09:37:35","slug":"art-elb-delta-spalnova-zostava-dub-monasteri","status":"publish","type":"product","link":"https:\/\/nabytoklaguna.sk\/sk\/produkt\/art-elb-delta-spalnova-zostava-dub-monasteri\/","title":{"rendered":"Elb DELTA sp\u00e1l\u0148ov\u00e1 zostava dub monasteri"},"content":{"rendered":"<p><strong>\u0160t\u00fdlov\u00e1 a modern\u00e1 sp\u00e1l\u0148ov\u00e1 zostava<\/strong> vyroben\u00e1 z <strong>kvalitnej f\u00f3liovanej<\/strong> <strong>DTDL.<\/strong> Farebn\u00e9 prevedenie sp\u00e1lne je <strong>Dub monasteri<\/strong>. <strong>Sp\u00e1l\u0148ov\u00fd komplet obsahuje :<\/strong> Poste\u013e\u00a0 bez matraca a ro\u0161tu(na v\u00fdber s\u00fa dva rozmery postele 160 alebo 180cm), komoda, 2x no\u010dn\u00fd stol\u00edk, skri\u0148a so zrkadlom( na v\u00fdber s\u00fa tri rozmery skrine 180cm, 200cm a 221 cm). Poste\u013e m\u00e1 \u00falo\u017en\u00fd priestor.<\/p>\n<p><strong>Jednotliv\u00e9 komponenty je mo\u017en\u00e9 zak\u00fapi\u0165 aj samostatne<\/strong><\/p>\n<ul>\n<li>poste\u013e bez matraca a ro\u0161tu (plocha spania:160\/180&#215;200 ) 166\/188x218x92 cena<\/li>\n<li>skri\u0148a (\u0160xVxH) 221\/210\/61 za cenu<\/li>\n<li>skri\u0148a (\u0160xVxH) 200\/210\/61 za cenu<strong>\u00a0<\/strong><\/li>\n<li>skri\u0148a (\u0160xVxH) 180\/210\/61\u00a0 za cenu<strong>\u00a0<\/strong><\/li>\n<li>komoda (\u0160xVxH) 132\/94\/38\u00a0 za cenu<\/li>\n<li>no\u010dn\u00fd stol\u00edk (\u0160xVxH)\u00a0 47\/56\/41\u00a0 za cenu<\/li>\n<\/ul>\n<p>Pozn.Poste\u013e s \u00falo\u017en\u00fdm priestorom neobsahuje matrac a ro\u0161t. Je potrebn\u00e9 zak\u00fapi\u0165 matrac na drevenom r\u00e1me (HELVETIA) alebo samostatn\u00fd ro\u0161\u0165 a matrac (Pozrite si na\u0161u ponuku ro\u0161tov a matracov). Spacia plocha postele je 160\u00d7200 alebo 180\u00d7200 cm<\/p>\n","protected":false},"excerpt":{"rendered":"<p>\u0160t\u00fdlov\u00e1 a modern\u00e1 sp\u00e1l\u0148ov\u00e1 zostava vyroben\u00e1 z kvalitnej f\u00f3liovanej DTDL. Farebn\u00e9 prevedenie sp\u00e1lne je Dub monasteri. Sp\u00e1l\u0148ov\u00fd komplet obsahuje : Poste\u013e\u00a0 bez matraca a ro\u0161tu(na v\u00fdber s\u00fa dva rozmery postele 160 alebo 180cm), komoda, 2x no\u010dn\u00fd stol\u00edk, skri\u0148a so zrkadlom( na v\u00fdber s\u00fa tri rozmery skrine 180cm, 200cm a 221 cm). Poste\u013e m\u00e1 \u00falo\u017en\u00fd priestor&#8230;.<\/p>\n","protected":false},"featured_media":64523,"comment_status":"closed","ping_status":"closed","template":"","meta":{"_seopress_robots_primary_cat":"223","_seopress_titles_title":"","_seopress_titles_desc":"","_seopress_robots_index":""},"product_brand":[],"product_cat":[615,223],"product_tag":[],"class_list":{"0":"post-44749","1":"product","2":"type-product","3":"status-publish","4":"has-post-thumbnail","6":"product_cat-spalnove-komplety","7":"product_cat-spalne","8":"pa_typ-produktu-komoda","9":"pa_typ-produktu-nocny-stolik","10":"pa_typ-produktu-postel-160-s-uloznym-priestorom","11":"pa_typ-produktu-postel-160skrina-1802x-nocny-stolikkomoda","12":"pa_typ-produktu-postel-160skrina-2002x-nocny-stolikkomoda","13":"pa_typ-produktu-postel-160skrina-2212x-nocny-stolikkomoda","14":"pa_typ-produktu-postel-180-s-uloznym-priestorom","15":"pa_typ-produktu-postel-180skrina-1802x-nocny-stolikkomoda","16":"pa_typ-produktu-postel-180skrina-2002x-nocny-stolikkomoda","17":"pa_typ-produktu-postel-180skrina-2212x-nocny-stolikkomoda","18":"pa_typ-produktu-skrina-180x210x61","19":"pa_typ-produktu-skrina-200x210x61","20":"pa_typ-produktu-skrina-221x210x61","22":"first","23":"onbackorder","24":"shipping-taxable","25":"purchasable","26":"product-type-variable"},"_links":{"self":[{"href":"https:\/\/nabytoklaguna.sk\/sk\/wp-json\/wp\/v2\/product\/44749","targetHints":{"allow":["GET"]}}],"collection":[{"href":"https:\/\/nabytoklaguna.sk\/sk\/wp-json\/wp\/v2\/product"}],"about":[{"href":"https:\/\/nabytoklaguna.sk\/sk\/wp-json\/wp\/v2\/types\/product"}],"replies":[{"embeddable":true,"href":"https:\/\/nabytoklaguna.sk\/sk\/wp-json\/wp\/v2\/comments?post=44749"}],"wp:featuredmedia":[{"embeddable":true,"href":"https:\/\/nabytoklaguna.sk\/sk\/wp-json\/wp\/v2\/media\/64523"}],"wp:attachment":[{"href":"https:\/\/nabytoklaguna.sk\/sk\/wp-json\/wp\/v2\/media?parent=44749"}],"wp:term":[{"taxonomy":"product_brand","embeddable":true,"href":"https:\/\/nabytoklaguna.sk\/sk\/wp-json\/wp\/v2\/product_brand?post=44749"},{"taxonomy":"product_cat","embeddable":true,"href":"https:\/\/nabytoklaguna.sk\/sk\/wp-json\/wp\/v2\/product_cat?post=44749"},{"taxonomy":"product_tag","embeddable":true,"href":"https:\/\/nabytoklaguna.sk\/sk\/wp-json\/wp\/v2\/product_tag?post=44749"}],"curies":[{"name":"wp","href":"https:\/\/api.w.org\/{rel}","templated":true}]}}